{"id":7853,"date":"2025-08-10T21:21:08","date_gmt":"2025-08-10T18:21:08","guid":{"rendered":"https:\/\/rancepartners.com\/?page_id=7853"},"modified":"2025-08-10T21:26:52","modified_gmt":"2025-08-10T18:26:52","slug":"feragatname","status":"publish","type":"page","link":"https:\/\/rancepartners.com\/tr\/feragatname\/","title":{"rendered":"Feragatname"},"content":{"rendered":"\t\t<div data-elementor-type=\"wp-page\" data-elementor-id=\"7853\" class=\"elementor elementor-7853\">\n\t\t\t\t<div class=\"elementor-element elementor-element-8fb3377 e-flex e-con-boxed e-con e-parent\" data-id=\"8fb3377\" data-element_type=\"container\">\n\t\t\t\t\t<div class=\"e-con-inner\">\n\t\t\t\t<div class=\"elementor-element elementor-element-1159269 elementor-widget elementor-widget-text-editor\" data-id=\"1159269\" data-element_type=\"widget\" data-widget_type=\"text-editor.default\">\n\t\t\t\t\t\t\t\t\t<p dir=\"ltr\"><b>Tavsiye Icermez<br><\/b>Bu web sitesinde yer alan bilgiler yaln\u0131zca bilgilendirme ama\u00e7l\u0131d\u0131r ve profesyonel bir muhasebeciden muhasebe, vergi veya mali tavsiye alman\u0131n yerine ge\u00e7mesi ama\u00e7lanmam\u0131\u015ft\u0131r.<\/p>\n<p dir=\"ltr\">\u0130nternet \u00fczerinden bilgi sunumu bir muhasebeci-m\u00fcvekkil ili\u015fkisi yaratma amac\u0131 ta\u015f\u0131maz ve bu bilgilerin al\u0131nmas\u0131 bir muhasebeci-m\u00fcvekkil ili\u015fkisi olu\u015fturmaz. \u0130nternet abonelerinin, kullan\u0131c\u0131lar\u0131n\u0131n ve \u00e7evrimi\u00e7i okuyucular\u0131n, profesyonel bir muhasebeciden hizmet almadan bu bilgilere g\u00f6re hareket etmemeleri tavsiye edilir.<\/p>\n<p dir=\"ltr\">Bu web sitesinde yer alan herhangi bir ABD federal vergi tavsiyesi, ABD federal vergi yasas\u0131 kapsam\u0131ndaki cezalardan ka\u00e7\u0131nmak amac\u0131yla kullan\u0131lmak \u00fczere tasarlanmam\u0131\u015ft\u0131r.<\/p>\n<p dir=\"ltr\"><b>Bilgilerin Do\u011frulu\u011fu<br><\/b>Do\u011fru ve g\u00fcncel bilgiler sunmak i\u00e7in makul \u00e7abay\u0131 g\u00f6stermekle birlikte, bu web sitesinde yer alan veya bu web sitesi arac\u0131l\u0131\u011f\u0131yla sunulan hi\u00e7bir bilginin do\u011fru, eksiksiz, g\u00fcvenilir, g\u00fcncel veya hatas\u0131z oldu\u011funu garanti etmiyoruz.<\/p>\n<p dir=\"ltr\">Bu web sitesinin veya bu t\u00fcr di\u011fer materyallerin veya ileti\u015fimlerin i\u00e7eri\u011findeki herhangi bir hata veya eksiklik i\u00e7in hi\u00e7bir sorumluluk veya y\u00fck\u00fcml\u00fcl\u00fck kabul etmiyoruz.&nbsp;<\/p>\n<p dir=\"ltr\"><b>Garantilerin Reddi ve Sorumluluk S\u0131n\u0131rlamalar\u0131<br><\/b>Bu web sitesi &#8220;oldu\u011fu gibi&#8221; ve &#8220;mevcut oldu\u011fu \u015fekilde&#8221; sa\u011flanmaktad\u0131r. Bu web sitesinin kullan\u0131m riski size aittir. Biz ve tedarik\u00e7ilerimiz t\u00fcm garantileri reddederiz. Ne biz ne de tedarik\u00e7ilerimiz bu web sitesinin kullan\u0131m\u0131ndan kaynaklanan herhangi bir zarardan sorumlu tutulamaz.<\/p>\n<p dir=\"ltr\"><b>\u00dc\u00e7\u00fcnc\u00fc Taraf Web Sitelerine Ba\u011flant\u0131lar<br><\/b>Size kolayl\u0131k sa\u011flamak amac\u0131yla, bu web sitesi \u00fc\u00e7\u00fcnc\u00fc taraflarca y\u00f6netilen web sitelerine ve sunuculara k\u00f6pr\u00fcler i\u00e7erebilir. Bu sitelerde bulunan i\u00e7eri\u011fi kontrol etmiyor, de\u011ferlendirmiyor, onaylam\u0131yor veya garanti etmiyoruz. Bu sitelerin veya bunlar\u0131 i\u015fleten taraflar\u0131n eylemleri, \u00fcr\u00fcnleri, hizmetleri ve i\u00e7eri\u011fi i\u00e7in herhangi bir sorumluluk veya y\u00fck\u00fcml\u00fcl\u00fck kabul etmiyoruz. Bu t\u00fcr siteleri kullanman\u0131z\u0131n riski tamamen size aittir.<\/p>\t\t\t\t\t\t\t\t<\/div>\n\t\t\t\t\t<\/div>\n\t\t\t\t<\/div>\n\t\t\t\t<\/div>\n\t\t","protected":false},"excerpt":{"rendered":"<p>Tavsiye Icermez Bu web sitesinde yer alan bilgiler yaln\u0131zca bilgilendirme ama\u00e7l\u0131d\u0131r ve profesyonel bir muhasebeciden muhasebe, vergi veya mali tavsiye alman\u0131n yerine ge\u00e7mesi ama\u00e7lanmam\u0131\u015ft\u0131r. \u0130nternet \u00fczerinden bilgi sunumu bir muhasebeci-m\u00fcvekkil ili\u015fkisi yaratma amac\u0131 ta\u015f\u0131maz ve bu bilgilerin al\u0131nmas\u0131 bir muhasebeci-m\u00fcvekkil ili\u015fkisi olu\u015fturmaz. \u0130nternet abonelerinin, kullan\u0131c\u0131lar\u0131n\u0131n ve \u00e7evrimi\u00e7i okuyucular\u0131n, profesyonel bir muhasebeciden hizmet almadan bu bilgilere [&hellip;]<\/p>\n","protected":false},"author":1,"featured_media":0,"parent":0,"menu_order":0,"comment_status":"closed","ping_status":"closed","template":"template-fullwidth.php","meta":{"footnotes":""},"class_list":["post-7853","page","type-page","status-publish","hentry"],"_links":{"self":[{"href":"https:\/\/rancepartners.com\/tr\/wp-json\/wp\/v2\/pages\/7853","targetHints":{"allow":["GET"]}}],"collection":[{"href":"https:\/\/rancepartners.com\/tr\/wp-json\/wp\/v2\/pages"}],"about":[{"href":"https:\/\/rancepartners.com\/tr\/wp-json\/wp\/v2\/types\/page"}],"author":[{"embeddable":true,"href":"https:\/\/rancepartners.com\/tr\/wp-json\/wp\/v2\/users\/1"}],"replies":[{"embeddable":true,"href":"https:\/\/rancepartners.com\/tr\/wp-json\/wp\/v2\/comments?post=7853"}],"version-history":[{"count":5,"href":"https:\/\/rancepartners.com\/tr\/wp-json\/wp\/v2\/pages\/7853\/revisions"}],"predecessor-version":[{"id":7861,"href":"https:\/\/rancepartners.com\/tr\/wp-json\/wp\/v2\/pages\/7853\/revisions\/7861"}],"wp:attachment":[{"href":"https:\/\/rancepartners.com\/tr\/wp-json\/wp\/v2\/media?parent=7853"}],"curies":[{"name":"wp","href":"https:\/\/api.w.org\/{rel}","templated":true}]}}