{"id":7686,"date":"2025-08-10T18:39:00","date_gmt":"2025-08-11T01:39:00","guid":{"rendered":"https:\/\/rancepartners.com\/?page_id=7686"},"modified":"2025-09-16T16:51:06","modified_gmt":"2025-09-16T23:51:06","slug":"finansman-danismanligi","status":"publish","type":"page","link":"https:\/\/rancepartners.com\/tr\/hizmetler\/danismanlik-hizmetleri\/finansman-danismanligi\/","title":{"rendered":"Finansman Dan\u0131\u015fmanl\u0131\u011f\u0131"},"content":{"rendered":"\t\t<div data-elementor-type=\"wp-page\" data-elementor-id=\"7686\" class=\"elementor elementor-7686\">\n\t\t\t\t\t\t<section class=\"elementor-section elementor-top-section elementor-element elementor-element-771eaa57 elementor-section-boxed elementor-section-height-default elementor-section-height-default\" data-id=\"771eaa57\" data-element_type=\"section\">\n\t\t\t\t\t\t<div class=\"elementor-container elementor-column-gap-no\">\n\t\t\t\t\t<div class=\"elementor-column elementor-col-100 elementor-top-column elementor-element elementor-element-1fc4275a\" data-id=\"1fc4275a\" data-element_type=\"column\">\n\t\t\t<div class=\"elementor-widget-wrap elementor-element-populated\">\n\t\t\t\t\t\t<div class=\"elementor-element elementor-element-14910579 elementor-widget elementor-widget-creote-text-editor-v1\" data-id=\"14910579\" data-element_type=\"widget\" data-widget_type=\"creote-text-editor-v1.default\">\n\t\t\t\t<div class=\"elementor-widget-container\">\n\t\t\t\t\t   <div class=\"position-relative\">\r\n        <p><strong><u>SBA Kredileri Nedir?<\/u><\/strong><\/p><p>SBA (K\u00fc\u00e7\u00fck \u0130\u015fletmeler \u0130daresi) kredileri, bankalar veya di\u011fer finans kurulu\u015flar\u0131 taraf\u0131ndan verilen, ancak SBA taraf\u0131ndan k\u0131smen garantilenen i\u015fletme kredileridir. Bu krediler, k\u00fc\u00e7\u00fck i\u015fletmelerin ba\u015flang\u0131\u00e7 maliyetleri, i\u015fletme sermayesi, ekipman, gayrimenkul ve geni\u015fleme gibi \u00e7e\u015fitli ihtiya\u00e7lar\u0131 i\u00e7in sermayeye eri\u015fmesine yard\u0131mc\u0131 olmak i\u00e7in tasarlanm\u0131\u015ft\u0131r.<\/p><p><strong>SBA Kredilerinin Ba\u015fl\u0131ca T\u00fcrleri<\/strong><\/p><table><tbody><tr><td><p>SBA Kredi T\u00fcr\u00fc<\/p><\/td><td><p>Tipik Maksimum Tutar<\/p><\/td><td><p>Yayg\u0131n Kullan\u0131mlar<\/p><\/td><\/tr><tr><td><p>7(a) Krediler<\/p><\/td><td><p>5 milyon dolar<\/p><\/td><td><p>\u0130\u015fletme sermayesi, ekipman, gayrimenkul, geni\u015fleme<\/p><\/td><\/tr><tr><td><p>504 Krediler<\/p><\/td><td><p>5.5 milyon dolar<\/p><\/td><td><p>Gayrimenkul, b\u00fcy\u00fck ekipman<\/p><\/td><\/tr><tr><td><p>Mikro Krediler<\/p><\/td><td><p>$50,000<\/p><\/td><td><p>\u0130\u015fletme sermayesi, envanter, malzeme, ekipman<\/p><\/td><\/tr><tr><td><p>Ekspres Krediler<\/p><\/td><td><p>$500,000<\/p><\/td><td><p>\u00c7e\u015fitli i\u015f ihtiya\u00e7lar\u0131 i\u00e7in h\u0131zl\u0131 finansman<\/p><\/td><\/tr><tr><td><p>Afet Kredileri<\/p><\/td><td><p>2 milyon dolar<\/p><\/td><td><p>Afet hasar\u0131n\u0131 onar\u0131n, i\u015fletme giderlerini kar\u015f\u0131lay\u0131n<\/p><\/td><\/tr><tr><td><p>\u0130hracat Kredileri<\/p><\/td><td><p>5 milyon dolar<\/p><\/td><td><p>\u0130hracat sat\u0131\u015flar\u0131n\u0131 ve uluslararas\u0131 ticareti desteklemek<\/p><\/td><\/tr><\/tbody><\/table><p><strong>SBA Kredi Gereklilikleri<\/strong><\/p><p>SBA kredileri i\u00e7in genel uygunluk kriterleri \u015funlard\u0131r:<\/p><ul><li><p>\u0130\u015fletme, kar amac\u0131 g\u00fctmeli ve ABD'de faaliyet g\u00f6stermelidir.<\/p><\/li><li><p><b>SBA'n\u0131n k\u00fc\u00e7\u00fck i\u015fletme tan\u0131m\u0131n\u0131<\/b> kar\u015f\u0131lamal\u0131d\u0131r (gelir veya \u00e7al\u0131\u015fan say\u0131s\u0131na g\u00f6re belirlenen b\u00fcy\u00fckl\u00fck standartlar\u0131).<\/p><\/li><li><p>Sahipler, i\u015fletmeye \u00f6z sermaye yat\u0131rm\u0131\u015f olmal\u0131d\u0131r.<\/p><\/li><li><p>\u0130\u015fletme, krediye ihtiyac\u0131 oldu\u011funu ve makul bir geri \u00f6deme kabiliyeti oldu\u011funu kan\u0131tlamal\u0131d\u0131r.<\/p><\/li><li><p>Ba\u015fvuru sahipleri, ba\u015fka bir yerden makul ko\u015fullarda kredi alam\u0131yor olmal\u0131d\u0131r.<\/p><\/li><li><p>En az %20 hisseye sahip olan sahiplerin ki\u015fisel teminat vermesi gerekir.<\/p><\/li><li><p>Teminat, 50.000 dolar\u0131n \u00fczerindeki krediler i\u00e7in gerekli olabilir, ancak teminat eksikli\u011fi tek ba\u015f\u0131na bir ret nedeni de\u011fildir.<\/p><\/li><\/ul><p><strong>SBA Kredileri i\u00e7in Ba\u015fvuru Ad\u0131mlar\u0131<\/strong><\/p><p><b>Uygunlu\u011fu Belirleyin:<\/b> \u0130\u015fletmenizin SBA b\u00fcy\u00fckl\u00fck standartlar\u0131n\u0131 kar\u015f\u0131lad\u0131\u011f\u0131ndan ve ihtiya\u00e7lar\u0131n\u0131za en uygun kredi t\u00fcr\u00fcn\u00fcn hangisi oldu\u011funa karar verin.<\/p><p><b>Kredi Veren Se\u00e7in:<\/b> SBA onayl\u0131 bir banka, kredi birli\u011fi veya alternatif kredi kurulu\u015fu bulun.<\/p><p><b>Belgeleri Haz\u0131rlay\u0131n:<\/b> \u0130\u015f plan\u0131, finansal tablolar (bilan\u00e7o, k\u00e2r-zarar, nakit ak\u0131\u015f\u0131), vergi beyannameleri, sahiplik bilgileri ve i\u015fletme kay\u0131tlar\u0131 gibi t\u00fcm gerekli belgeleri toplay\u0131n.<\/p><p><b>Ba\u015fvuruyu G\u00f6nderin:<\/b> Kredi verenin ba\u015fvuru s\u00fcrecini tamamlay\u0131n ve t\u00fcm destekleyici belgeleri sa\u011flay\u0131n.<\/p><p><b>\u0130nceleme ve Onay:<\/b> Kredi veren, ba\u015fvurunuzu inceler ve onayland\u0131\u011f\u0131 takdirde kredi garantisi i\u00e7in ba\u015fvuruyu SBA'ya sunar. SBA garantisi al\u0131nd\u0131ktan sonra fonlar i\u015fletmenize aktar\u0131l\u0131r.<\/p><p><strong>\u00a0<\/strong><\/p><p><strong><u>Federal, Eyalet ve Yerel Y\u00f6netim Hibe Rehberi<\/u><\/strong><\/p><p>Hibeler, geri \u00f6denmesi gerekmeyen fonlard\u0131r ve genellikle belirli projeleri, i\u015f geli\u015ftirmeyi, ara\u015ft\u0131rmay\u0131 desteklemek veya belirli politika hedeflerini ilerletmek i\u00e7in verilir.<\/p><ul><li><p><b>Federal Hibeler:<\/b> SBA ve di\u011fer federal kurumlar taraf\u0131ndan y\u00f6netilen, en b\u00fcy\u00fck ve en rekabet\u00e7i hibelerdir. \u00d6rnek olarak, teknoloji ve bilim alan\u0131ndaki projeleri finanse eden <b>K\u00fc\u00e7\u00fck \u0130\u015fletme Yenilik Ara\u015ft\u0131rmas\u0131 (SBIR)<\/b> ve <b>K\u00fc\u00e7\u00fck \u0130\u015fletme Teknoloji Transferi (STTR)<\/b> programlar\u0131 verilebilir. Bu hibeler, genellikle inovasyonu ve ekonomik kalk\u0131nmay\u0131 desteklemeyi hedefler.<\/p><\/li><li><p><b>Eyalet ve Yerel Hibeler:<\/b> Miktarlar\u0131 federal hibelerden daha az olsa da, daha az rekabet\u00e7i olabilirler. Eyalet ve yerel ekonomik kalk\u0131nma ajanslar\u0131 taraf\u0131ndan verilir ve genellikle yerel i\u015fletme b\u00fcy\u00fcmesini, istihdam yarat\u0131lmas\u0131n\u0131 veya belirli sekt\u00f6rleri desteklemeyi hedefler.<\/p><\/li><li><p><b>Demografik \u00d6zelliklere Y\u00f6nelik Hibeler:<\/b> Kad\u0131nlar, az\u0131nl\u0131klar, gaziler veya yetersiz hizmet alan topluluklardaki i\u015fletmeler i\u00e7in \u00f6zel hibeler mevcuttur.<\/p><\/li><li><p><b>Sekt\u00f6re \u00d6zel Hibeler:<\/b> \u0130malat, tar\u0131m, ihracat gibi belirli sekt\u00f6rlere y\u00f6nelik hibelerdir.<\/p><\/li><\/ul><p><strong>Hibeler Nas\u0131l \u0130\u015fler?<\/strong><\/p><ul><li><p><b>Ba\u015fvuru:<\/b> \u0130\u015fletmeler, uygun hibeleri belirler ve genellikle bir i\u015f plan\u0131, finansal bilgiler ve proje tekliflerini i\u00e7eren ayr\u0131nt\u0131l\u0131 ba\u015fvurular sunar.<\/p><\/li><li><p><b>\u0130nceleme:<\/b> Hibe veren kurum, ba\u015fvurular\u0131 uygunluk, etki ve program hedefleriyle uyum a\u00e7\u0131s\u0131ndan de\u011ferlendirir.<\/p><\/li><li><p><b>\u00d6d\u00fcl:<\/b> Se\u00e7ilen al\u0131c\u0131lara fonlar verilir ve bu fonlar belirlenen ama\u00e7lar i\u00e7in kullan\u0131lmal\u0131d\u0131r. Fon kullan\u0131m\u0131na ili\u015fkin raporlama genellikle zorunludur.<\/p><\/li><\/ul><p><strong>\u00d6nemli Noktalar<\/strong><\/p><ul><li>Hibeler olduk\u00e7a rekabet\u00e7idir ve genellikle ayr\u0131nt\u0131l\u0131 teklifler ve raporlama gerektirir.<\/li><li>Bu fonlar inovasyon, istihdam yaratma, ihracat, afet kurtarma ve yeterince temsil edilmeyen gruplar\u0131n desteklenmesi gibi \u00e7ok \u00e7e\u015fitli ama\u00e7lar i\u00e7in kullan\u0131labilir.<\/li><li>Her hibenin kendine \u00f6zg\u00fc uygunluk kriterleri ve ba\u015fvuru s\u00fcre\u00e7leri vard\u0131r, bu nedenle dikkatli inceleme ve haz\u0131rl\u0131k \u015fartt\u0131r.<\/li><\/ul><p>Hibeler, geri \u00f6deme y\u00fck\u00fcml\u00fcl\u00fc\u011f\u00fc olmadan finansman sa\u011flad\u0131\u011f\u0131 i\u00e7in uygun i\u015fletmeler i\u00e7in de\u011ferli bir kaynakt\u0131r.<\/p>    <\/div>\r\n\t\t\t\t<\/div>\n\t\t\t\t<\/div>\n\t\t\t\t\t<\/div>\n\t\t<\/div>\n\t\t\t\t\t<\/div>\n\t\t<\/section>\n\t\t\t\t<\/div>\n\t\t","protected":false},"excerpt":{"rendered":"<p>SBA Kredileri Nedir? SBA (K\u00fc\u00e7\u00fck \u0130\u015fletmeler \u0130daresi) kredileri, bankalar veya di\u011fer finans kurulu\u015flar\u0131 taraf\u0131ndan verilen, ancak SBA taraf\u0131ndan k\u0131smen garantilenen i\u015fletme kredileridir. Bu krediler, k\u00fc\u00e7\u00fck i\u015fletmelerin ba\u015flang\u0131\u00e7 maliyetleri, i\u015fletme sermayesi, ekipman, gayrimenkul ve geni\u015fleme gibi \u00e7e\u015fitli ihtiya\u00e7lar\u0131 i\u00e7in sermayeye eri\u015fmesine yard\u0131mc\u0131 olmak i\u00e7in tasarlanm\u0131\u015ft\u0131r. SBA Kredilerinin Ba\u015fl\u0131ca T\u00fcrleri SBA Kredi T\u00fcr\u00fc Tipik Maksimum Tutar Yayg\u0131n [&hellip;]<\/p>\n","protected":false},"author":1,"featured_media":0,"parent":7654,"menu_order":0,"comment_status":"closed","ping_status":"closed","template":"","meta":{"footnotes":""},"class_list":["post-7686","page","type-page","status-publish","hentry"],"_links":{"self":[{"href":"https:\/\/rancepartners.com\/tr\/wp-json\/wp\/v2\/pages\/7686","targetHints":{"allow":["GET"]}}],"collection":[{"href":"https:\/\/rancepartners.com\/tr\/wp-json\/wp\/v2\/pages"}],"about":[{"href":"https:\/\/rancepartners.com\/tr\/wp-json\/wp\/v2\/types\/page"}],"author":[{"embeddable":true,"href":"https:\/\/rancepartners.com\/tr\/wp-json\/wp\/v2\/users\/1"}],"replies":[{"embeddable":true,"href":"https:\/\/rancepartners.com\/tr\/wp-json\/wp\/v2\/comments?post=7686"}],"version-history":[{"count":13,"href":"https:\/\/rancepartners.com\/tr\/wp-json\/wp\/v2\/pages\/7686\/revisions"}],"predecessor-version":[{"id":8321,"href":"https:\/\/rancepartners.com\/tr\/wp-json\/wp\/v2\/pages\/7686\/revisions\/8321"}],"up":[{"embeddable":true,"href":"https:\/\/rancepartners.com\/tr\/wp-json\/wp\/v2\/pages\/7654"}],"wp:attachment":[{"href":"https:\/\/rancepartners.com\/tr\/wp-json\/wp\/v2\/media?parent=7686"}],"curies":[{"name":"wp","href":"https:\/\/api.w.org\/{rel}","templated":true}]}}