{"id":7684,"date":"2025-08-10T18:38:40","date_gmt":"2025-08-11T01:38:40","guid":{"rendered":"https:\/\/rancepartners.com\/?page_id=7684"},"modified":"2025-09-16T16:43:45","modified_gmt":"2025-09-16T23:43:45","slug":"arastirma-hizmetleri","status":"publish","type":"page","link":"https:\/\/rancepartners.com\/tr\/hizmetler\/danismanlik-hizmetleri\/arastirma-hizmetleri\/","title":{"rendered":"Ara\u015ft\u0131rma Hizmetleri"},"content":{"rendered":"\t\t<div data-elementor-type=\"wp-page\" data-elementor-id=\"7684\" class=\"elementor elementor-7684\">\n\t\t\t\t\t\t<section class=\"elementor-section elementor-top-section elementor-element elementor-element-1d4ea4c8 elementor-section-boxed elementor-section-height-default elementor-section-height-default\" data-id=\"1d4ea4c8\" data-element_type=\"section\">\n\t\t\t\t\t\t<div class=\"elementor-container elementor-column-gap-no\">\n\t\t\t\t\t<div class=\"elementor-column elementor-col-100 elementor-top-column elementor-element elementor-element-53540a13\" data-id=\"53540a13\" data-element_type=\"column\">\n\t\t\t<div class=\"elementor-widget-wrap elementor-element-populated\">\n\t\t\t\t\t\t<div class=\"elementor-element elementor-element-50871cb0 elementor-widget elementor-widget-creote-text-editor-v1\" data-id=\"50871cb0\" data-element_type=\"widget\" data-widget_type=\"creote-text-editor-v1.default\">\n\t\t\t\t<div class=\"elementor-widget-container\">\n\t\t\t\t\t   <div class=\"position-relative\">\r\n        <p><strong><u>Ara\u015ft\u0131rma Hizmetlerine Genel Bak\u0131\u015f<\/u><\/strong><\/p><p>\u0130\u015fletme ara\u015ft\u0131rma hizmetleri, \u015firketlerin bilin\u00e7li kararlar almas\u0131, operasyonlar\u0131n\u0131 iyile\u015ftirmesi ve k\u00e2rl\u0131l\u0131\u011f\u0131 art\u0131rmas\u0131 i\u00e7in ihtiya\u00e7 duyduklar\u0131 veri ve i\u00e7g\u00f6r\u00fcleri sa\u011flar. Bu hizmetler, say\u0131sal verilere odaklanan <b>nicel<\/b> (anketler, istatistikler) ve derinlemesine bilgiye odaklanan <b>nitel<\/b> (m\u00fclakatlar, odak gruplar\u0131) y\u00f6ntemleri i\u00e7erir.<\/p><p>Yayg\u0131n olarak sunulan ara\u015ft\u0131rma hizmetleri \u015funlard\u0131r:<\/p><ul><li><p><b>Pazar Ara\u015ft\u0131rmas\u0131:<\/b> M\u00fc\u015fteri ihtiya\u00e7lar\u0131n\u0131, pazar e\u011filimlerini ve rakip faaliyetlerini anlamak i\u00e7in yap\u0131lan \u00e7al\u0131\u015fmalar. \u00dcr\u00fcn geli\u015ftirme ve pazarlama stratejilerini y\u00f6nlendirir.<\/p><\/li><li><p><b>Trend Analizi:<\/b> Stratejik planlamay\u0131 desteklemek amac\u0131yla pazar veya sekt\u00f6rdeki mevcut ve gelecek e\u011filimleri belirlemek ve yorumlamak.<\/p><\/li><li><p><b>\u0130\u015f Geli\u015ftirme Deste\u011fi:<\/b> Payda\u015flarla ili\u015fkileri g\u00fc\u00e7lendirmek ve yeni i\u015f f\u0131rsatlar\u0131n\u0131 tespit etmek i\u00e7in i\u00e7g\u00f6r\u00fcler sunmak.<\/p><\/li><li><p><b>Vaka \u00c7al\u0131\u015fmas\u0131 Ara\u015ft\u0131rmas\u0131:<\/b> Belirli m\u00fc\u015fteri zorluklar\u0131n\u0131 ve onlara sunulan \u00e7\u00f6z\u00fcmleri belgeleyerek uzmanl\u0131\u011f\u0131 sergilemek ve yeni m\u00fc\u015fteriler \u00e7ekmek.<\/p><\/li><\/ul><p><strong>Fizibilite \u00c7al\u0131\u015fmas\u0131 Nedir?<\/strong><\/p><p>Fizibilite \u00e7al\u0131\u015fmas\u0131, \u00f6nerilen bir projenin veya i\u015f fikrinin pratik olup olmad\u0131\u011f\u0131n\u0131 ve ba\u015far\u0131 potansiyelini de\u011ferlendiren \u00f6zel bir ara\u015ft\u0131rma t\u00fcr\u00fcd\u00fcr. Bu \u00e7al\u0131\u015fma, bir i\u015f fikrine devam edilip edilmeyece\u011fine karar vermeye yard\u0131mc\u0131 olur.<\/p><p>Bir fizibilite \u00e7al\u0131\u015fmas\u0131 genellikle \u015fu temel fakt\u00f6rleri de\u011ferlendirir:<\/p><ul><li><p><b>Pazar Fizibilitesi:<\/b> \u00dcr\u00fcn veya hizmet i\u00e7in yeterli talep var m\u0131?<\/p><\/li><li><p><b>Teknik Fizibilite:<\/b> \u015eirket, mevcut teknoloji ve kaynaklarla \u00fcr\u00fcn\u00fc veya hizmeti sunabilir mi?<\/p><\/li><li><p><b>Finansal Fizibilite:<\/b> Proje k\u00e2rl\u0131 olacak m\u0131 ve gerekli yat\u0131r\u0131m mant\u0131kl\u0131 m\u0131?<\/p><\/li><li><p><b>Operasyonel Fizibilite:<\/b> Kurulu\u015f, projeyi mevcut yap\u0131s\u0131 i\u00e7inde uygulayabilir ve s\u00fcrd\u00fcrebilir mi?<\/p><\/li><li><p><b>Yasal\/D\u00fczenleyici Fizibilite:<\/b> Herhangi bir yasal engel veya uyum sorunu var m\u0131?<\/p><\/li><\/ul><p><strong>Pazar Ara\u015ft\u0131rma Raporu Nedir?<\/strong><\/p><p>Pazar ara\u015ft\u0131rmas\u0131 raporu, bir pazar ara\u015ft\u0131rmas\u0131 \u00e7al\u0131\u015fmas\u0131n\u0131n bulgular\u0131n\u0131 sunan kapsaml\u0131 bir belgedir. Bu rapor, i\u015fletmelerin \u00e7evrelerini anlamalar\u0131na ve etkili stratejiler planlamalar\u0131na yard\u0131mc\u0131 olan \u00f6nemli bir karar verme arac\u0131d\u0131r.<\/p><p>Pazar ara\u015ft\u0131rmas\u0131 raporunun temel i\u00e7eri\u011fi \u015funlard\u0131r:<\/p><ul><li><p><b>Pazara Genel Bak\u0131\u015f:<\/b> Pazar\u0131n boyutu, b\u00fcy\u00fcme oran\u0131 ve ana \u00f6zellikleri.<\/p><\/li><li><p><b>M\u00fc\u015fteri Analizi:<\/b> Hedef m\u00fc\u015fterilerin demografik bilgileri, tercihleri ve sat\u0131n alma al\u0131\u015fkanl\u0131klar\u0131.<\/p><\/li><li><p><b>Rekabet Analizi:<\/b> Ba\u015fl\u0131ca rakiplerin profilleri, g\u00fc\u00e7l\u00fc ve zay\u0131f y\u00f6nleri ile pazar paylar\u0131.<\/p><\/li><li><p><b>E\u011filimler ve F\u0131rsatlar:<\/b> Yeni ortaya \u00e7\u0131kan trendler, pazardaki bo\u015fluklar ve potansiyel b\u00fcy\u00fcme alanlar\u0131.<\/p><\/li><li><p><b>Veri ve \u0130\u00e7g\u00f6r\u00fcler:<\/b> Anket sonu\u00e7lar\u0131 gibi nicel veriler ve m\u00fc\u015fteri geri bildirimleri gibi nitel i\u00e7g\u00f6r\u00fcler.<\/p><\/li><li><p><b>\u00d6neriler:<\/b> Ara\u015ft\u0131rma bulgular\u0131na dayanan, uygulanabilir stratejik \u00f6neriler.<\/p><\/li><\/ul><p dir=\"ltr\"><strong>\u00d6zet olarak:<\/strong><br \/>\u0130\u015f ara\u015ft\u0131rma hizmetleri, \u015firketlerin eyleme ge\u00e7irilebilir veriler toplamas\u0131na yard\u0131mc\u0131 olmak i\u00e7in \u00e7e\u015fitli y\u00f6ntemler kullan\u0131r. Bir <b>fizibilite \u00e7al\u0131\u015fmas\u0131<\/b>, bir i\u015f fikrinin uygulanabilirli\u011fini de\u011ferlendirirken, bir <b>pazar ara\u015ft\u0131rmas\u0131 raporu<\/b>, i\u015f kararlar\u0131na rehberlik etmek i\u00e7in pazar, m\u00fc\u015fteri ve rakiplere ili\u015fkin ayr\u0131nt\u0131l\u0131 bir analiz sunar.<\/p>    <\/div>\r\n\t\t\t\t<\/div>\n\t\t\t\t<\/div>\n\t\t\t\t\t<\/div>\n\t\t<\/div>\n\t\t\t\t\t<\/div>\n\t\t<\/section>\n\t\t\t\t<\/div>\n\t\t","protected":false},"excerpt":{"rendered":"<p>Ara\u015ft\u0131rma Hizmetlerine Genel Bak\u0131\u015f \u0130\u015fletme ara\u015ft\u0131rma hizmetleri, \u015firketlerin bilin\u00e7li kararlar almas\u0131, operasyonlar\u0131n\u0131 iyile\u015ftirmesi ve k\u00e2rl\u0131l\u0131\u011f\u0131 art\u0131rmas\u0131 i\u00e7in ihtiya\u00e7 duyduklar\u0131 veri ve i\u00e7g\u00f6r\u00fcleri sa\u011flar. Bu hizmetler, say\u0131sal verilere odaklanan nicel (anketler, istatistikler) ve derinlemesine bilgiye odaklanan nitel (m\u00fclakatlar, odak gruplar\u0131) y\u00f6ntemleri i\u00e7erir. Yayg\u0131n olarak sunulan ara\u015ft\u0131rma hizmetleri \u015funlard\u0131r: Pazar Ara\u015ft\u0131rmas\u0131: M\u00fc\u015fteri ihtiya\u00e7lar\u0131n\u0131, pazar e\u011filimlerini ve rakip [&hellip;]<\/p>\n","protected":false},"author":1,"featured_media":0,"parent":7654,"menu_order":0,"comment_status":"closed","ping_status":"closed","template":"","meta":{"footnotes":""},"class_list":["post-7684","page","type-page","status-publish","hentry"],"_links":{"self":[{"href":"https:\/\/rancepartners.com\/tr\/wp-json\/wp\/v2\/pages\/7684","targetHints":{"allow":["GET"]}}],"collection":[{"href":"https:\/\/rancepartners.com\/tr\/wp-json\/wp\/v2\/pages"}],"about":[{"href":"https:\/\/rancepartners.com\/tr\/wp-json\/wp\/v2\/types\/page"}],"author":[{"embeddable":true,"href":"https:\/\/rancepartners.com\/tr\/wp-json\/wp\/v2\/users\/1"}],"replies":[{"embeddable":true,"href":"https:\/\/rancepartners.com\/tr\/wp-json\/wp\/v2\/comments?post=7684"}],"version-history":[{"count":13,"href":"https:\/\/rancepartners.com\/tr\/wp-json\/wp\/v2\/pages\/7684\/revisions"}],"predecessor-version":[{"id":8317,"href":"https:\/\/rancepartners.com\/tr\/wp-json\/wp\/v2\/pages\/7684\/revisions\/8317"}],"up":[{"embeddable":true,"href":"https:\/\/rancepartners.com\/tr\/wp-json\/wp\/v2\/pages\/7654"}],"wp:attachment":[{"href":"https:\/\/rancepartners.com\/tr\/wp-json\/wp\/v2\/media?parent=7684"}],"curies":[{"name":"wp","href":"https:\/\/api.w.org\/{rel}","templated":true}]}}