{"id":7680,"date":"2025-08-10T18:38:10","date_gmt":"2025-08-11T01:38:10","guid":{"rendered":"https:\/\/rancepartners.com\/?page_id=7680"},"modified":"2025-09-16T16:15:37","modified_gmt":"2025-09-16T23:15:37","slug":"itin-basvurusu","status":"publish","type":"page","link":"https:\/\/rancepartners.com\/tr\/hizmetler\/vergi-hizmetleri\/itin-basvurusu\/","title":{"rendered":"ITIN Ba\u015fvurusu"},"content":{"rendered":"\t\t<div data-elementor-type=\"wp-page\" data-elementor-id=\"7680\" class=\"elementor elementor-7680\">\n\t\t\t\t\t\t<section class=\"elementor-section elementor-top-section elementor-element elementor-element-6411c16f elementor-section-boxed elementor-section-height-default elementor-section-height-default\" data-id=\"6411c16f\" data-element_type=\"section\">\n\t\t\t\t\t\t<div class=\"elementor-container elementor-column-gap-no\">\n\t\t\t\t\t<div class=\"elementor-column elementor-col-100 elementor-top-column elementor-element elementor-element-4c81d5d1\" data-id=\"4c81d5d1\" data-element_type=\"column\">\n\t\t\t<div class=\"elementor-widget-wrap elementor-element-populated\">\n\t\t\t\t\t\t<div class=\"elementor-element elementor-element-643e1853 elementor-widget elementor-widget-creote-text-editor-v1\" data-id=\"643e1853\" data-element_type=\"widget\" data-widget_type=\"creote-text-editor-v1.default\">\n\t\t\t\t<div class=\"elementor-widget-container\">\n\t\t\t\t\t   <div class=\"position-relative\">\r\n        <p><strong><u>ITIN Nedir?<\/u><\/strong><\/p><p>Bireysel Vergi M\u00fckellefi Kimlik Numaras\u0131 (ITIN), ABD'de vergi beyannamesi vermesi gereken ancak Sosyal G\u00fcvenlik Numaras\u0131 (SSN) almaya uygun olmayan ki\u015filere IRS taraf\u0131ndan verilen bir vergi i\u015flem numaras\u0131d\u0131r. ITIN'ler, belirli yerle\u015fik ve yerle\u015fik olmayan yabanc\u0131lar, e\u015fleri ve bakmakla y\u00fck\u00fcml\u00fc olduklar\u0131 ki\u015filer taraf\u0131ndan kullan\u0131l\u0131r. Bu numara dokuz hanelidir ve her zaman \"9\" ile ba\u015flar (9XX-XX-XXXX \u015feklinde).<\/p><p><strong>ITIN'ler hakk\u0131nda \u00f6nemli bilgiler:<\/strong><\/p><ul><li><p>ITIN'ler <b>yaln\u0131zca federal vergi ama\u00e7l\u0131d\u0131r<\/b>. ABD'de \u00e7al\u0131\u015fma yetkisi vermez, Sosyal G\u00fcvenlik yard\u0131mlar\u0131 sa\u011flamaz veya g\u00f6\u00e7menlik stat\u00fcs\u00fcn\u00fc de\u011fi\u015ftirmez.<\/p><\/li><li><p>ITIN, SSN alamayan ki\u015filer taraf\u0131ndan kullan\u0131l\u0131r. Bunlar aras\u0131nda belgesiz g\u00f6\u00e7menler, baz\u0131 vize sahipleri ve yabanc\u0131 yat\u0131r\u0131mc\u0131lar da yer al\u0131r.<\/p><\/li><li><p><b>Kazan\u0131lm\u0131\u015f Gelir Vergisi Kredisi (EITC)<\/b> i\u00e7in ITIN ge\u00e7erli de\u011fildir.<\/p><\/li><\/ul><p><strong>ITIN i\u00e7in Nas\u0131l Ba\u015fvurulur<\/strong><\/p><ol><li><ol start=\"1\"><li><p><b>IRS Form W-7'yi Doldurun:<\/b> ITIN ba\u015fvurusu i\u00e7in kullan\u0131lan resmi form <b>IRS Form W-7<\/b>'dir. Bu formda, yabanc\u0131\/yabanc\u0131 stat\u00fcn\u00fcz\u00fc ve kimli\u011finizi kan\u0131tlayan belgeler istenir.<\/p><\/li><li><p><b>Federal Vergi Beyannamesi Ekleyin:<\/b> \u00c7o\u011fu durumda, Form W-7'nize tamamlanm\u0131\u015f bir federal gelir vergisi beyannamesi eklemeniz gerekir. \u0130stisnalar i\u00e7in Form W-7 talimatlar\u0131n\u0131 kontrol edin.<\/p><\/li><li><p><b>Ba\u015fvurunuzu G\u00f6nderin:<\/b> Ba\u015fvurunuzu \u00fc\u00e7 farkl\u0131 yoldan biriyle yapabilirsiniz:<\/p><ul><li><p><b>Postayla:<\/b> Form W-7'yi, vergi beyannamenizi ve kimlik belgelerinizin as\u0131llar\u0131n\u0131 veya onayl\u0131 kopyalar\u0131n\u0131 formda belirtilen adrese g\u00f6nderin.<\/p><\/li><li><p><b>\u015eahsen:<\/b> Ba\u015fvurunuzu ve belgelerinizi bir IRS ofisine bizzat teslim edin.<\/p><\/li><li><p><b>Kabul Acentesi (Acceptance Agent) arac\u0131l\u0131\u011f\u0131yla:<\/b> Belgelerinizi inceleyip ba\u015fvurunuzu IRS'e iletmek i\u00e7in yetkilendirilmi\u015f bir Kabul Acentesi (\u00f6rne\u011fin, baz\u0131 kolejler, finans kurumlar\u0131 veya muhasebe firmalar\u0131) kullan\u0131n.<\/p><\/li><\/ul><\/li><li><p><b>\u0130\u015flem S\u00fcrecini Bekleyin:<\/b> IRS ba\u015fvurunuzu inceledikten sonra onaylamas\u0131 halinde ITIN'inizi posta yoluyla size iletecektir.<\/p><\/li><\/ol><p><b>\u00d6nemli Not:<\/b> ITIN ba\u015fvurusu elektronik olarak (e-dosya) yap\u0131lamaz. Ba\u015fvurunuz, vergi beyannamenizle birlikte veya bir Kabul Acentesi arac\u0131l\u0131\u011f\u0131yla g\u00f6nderilmelidir.<\/p><\/li><\/ol>    <\/div>\r\n\t\t\t\t<\/div>\n\t\t\t\t<\/div>\n\t\t\t\t\t<\/div>\n\t\t<\/div>\n\t\t\t\t\t<\/div>\n\t\t<\/section>\n\t\t\t\t<\/div>\n\t\t","protected":false},"excerpt":{"rendered":"<p>ITIN Nedir? Bireysel Vergi M\u00fckellefi Kimlik Numaras\u0131 (ITIN), ABD&#8217;de vergi beyannamesi vermesi gereken ancak Sosyal G\u00fcvenlik Numaras\u0131 (SSN) almaya uygun olmayan ki\u015filere IRS taraf\u0131ndan verilen bir vergi i\u015flem numaras\u0131d\u0131r. ITIN&#8217;ler, belirli yerle\u015fik ve yerle\u015fik olmayan yabanc\u0131lar, e\u015fleri ve bakmakla y\u00fck\u00fcml\u00fc olduklar\u0131 ki\u015filer taraf\u0131ndan kullan\u0131l\u0131r. Bu numara dokuz hanelidir ve her zaman &#8220;9&#8221; ile ba\u015flar (9XX-XX-XXXX [&hellip;]<\/p>\n","protected":false},"author":1,"featured_media":0,"parent":7652,"menu_order":0,"comment_status":"closed","ping_status":"closed","template":"","meta":{"footnotes":""},"class_list":["post-7680","page","type-page","status-publish","hentry"],"_links":{"self":[{"href":"https:\/\/rancepartners.com\/tr\/wp-json\/wp\/v2\/pages\/7680","targetHints":{"allow":["GET"]}}],"collection":[{"href":"https:\/\/rancepartners.com\/tr\/wp-json\/wp\/v2\/pages"}],"about":[{"href":"https:\/\/rancepartners.com\/tr\/wp-json\/wp\/v2\/types\/page"}],"author":[{"embeddable":true,"href":"https:\/\/rancepartners.com\/tr\/wp-json\/wp\/v2\/users\/1"}],"replies":[{"embeddable":true,"href":"https:\/\/rancepartners.com\/tr\/wp-json\/wp\/v2\/comments?post=7680"}],"version-history":[{"count":13,"href":"https:\/\/rancepartners.com\/tr\/wp-json\/wp\/v2\/pages\/7680\/revisions"}],"predecessor-version":[{"id":8310,"href":"https:\/\/rancepartners.com\/tr\/wp-json\/wp\/v2\/pages\/7680\/revisions\/8310"}],"up":[{"embeddable":true,"href":"https:\/\/rancepartners.com\/tr\/wp-json\/wp\/v2\/pages\/7652"}],"wp:attachment":[{"href":"https:\/\/rancepartners.com\/tr\/wp-json\/wp\/v2\/media?parent=7680"}],"curies":[{"name":"wp","href":"https:\/\/api.w.org\/{rel}","templated":true}]}}