{"id":7676,"date":"2025-08-10T18:37:36","date_gmt":"2025-08-11T01:37:36","guid":{"rendered":"https:\/\/rancepartners.com\/?page_id=7676"},"modified":"2025-09-16T16:07:21","modified_gmt":"2025-09-16T23:07:21","slug":"eyalet-yerel-vergiler","status":"publish","type":"page","link":"https:\/\/rancepartners.com\/tr\/hizmetler\/vergi-hizmetleri\/eyalet-yerel-vergiler\/","title":{"rendered":"Eyalet &#038; Yerel Vergiler"},"content":{"rendered":"\t\t<div data-elementor-type=\"wp-page\" data-elementor-id=\"7676\" class=\"elementor elementor-7676\">\n\t\t\t\t\t\t<section class=\"elementor-section elementor-top-section elementor-element elementor-element-6a50163a elementor-section-boxed elementor-section-height-default elementor-section-height-default\" data-id=\"6a50163a\" data-element_type=\"section\">\n\t\t\t\t\t\t<div class=\"elementor-container elementor-column-gap-no\">\n\t\t\t\t\t<div class=\"elementor-column elementor-col-100 elementor-top-column elementor-element elementor-element-78b88dec\" data-id=\"78b88dec\" data-element_type=\"column\">\n\t\t\t<div class=\"elementor-widget-wrap elementor-element-populated\">\n\t\t\t\t\t\t<div class=\"elementor-element elementor-element-5dcec112 elementor-widget elementor-widget-creote-text-editor-v1\" data-id=\"5dcec112\" data-element_type=\"widget\" data-widget_type=\"creote-text-editor-v1.default\">\n\t\t\t\t<div class=\"elementor-widget-container\">\n\t\t\t\t\t   <div class=\"position-relative\">\r\n        <p><strong><u>ABD Vergi Sistemine Genel Bak\u0131\u015f<\/u><\/strong><\/p><p>ABD vergi sistemi, federal, eyalet ve yerel d\u00fczeylerde uygulanan katmanl\u0131 ve karma\u015f\u0131k bir yap\u0131ya sahiptir. Bu sistem, farkl\u0131 vergi t\u00fcrlerini ve vergi dilimlerini i\u00e7erir.<\/p><p><strong>Federal Vergi Sisteminin Ana Unsurlar\u0131<\/strong><\/p><ul><li><p><b>Bireysel Gelir Vergisi:<\/b> ABD vatanda\u015flar\u0131 ve yerle\u015fik yabanc\u0131lar, d\u00fcnya genelindeki gelirleri \u00fczerinden vergilendirilir. Vergilendirilebilir gelir, br\u00fct gelirden belirli muafiyetler ve kesintiler \u00e7\u0131kar\u0131larak hesaplan\u0131r. Vergi oranlar\u0131 kademelidir; yani, gelir artt\u0131k\u00e7a uygulanan vergi oran\u0131 da artar. Baz\u0131 bireyler i\u00e7in <b>Alternatif Asgari Vergi (AMT)<\/b> de ge\u00e7erli olabilir ve vergi kredileri \u00f6denmesi gereken tutar\u0131 azaltabilir.<\/p><\/li><li><p><b>Kurumlar Vergisi:<\/b> \u015eirketler, bireylerden ayr\u0131 olarak vergilendirilir. Federal kurumlar vergisi oran\u0131 \u015fu anda %21'dir ve buna eyaletten eyalete de\u011fi\u015fen ek vergiler de eklenebilir.<\/p><\/li><li><p><b>Bordro Vergileri:<\/b> Bunlar, Sosyal G\u00fcvenlik ve Medicare gibi sosyal sigorta programlar\u0131n\u0131 finanse etmek i\u00e7in maa\u015flar ve serbest meslek gelirleri \u00fczerinden al\u0131nan vergilerdir.<\/p><\/li><li><p><b>Miras ve Hediye Vergileri:<\/b> Bu vergiler, \u00f6l\u00fcm veya ya\u015fam s\u00fcresince verilen hediyeler yoluyla servet transferine uygulan\u0131r.<\/p><\/li><li><p><b>\u00d6zel T\u00fcketim Vergileri:<\/b> Benzin, alkol ve t\u00fct\u00fcn gibi belirli mal ve hizmetlere uygulanan vergilerdir.<\/p><\/li><\/ul><p><strong>Kademeli Vergi Oranlar\u0131 ve Dilimleri<\/strong><\/p><ul><li>Federal bireysel gelir vergisi, %10 ile %37 aras\u0131nda de\u011fi\u015fen yedi vergi dilimine sahiptir. Bu <b>kademeli sistemde<\/b>, her dilim yaln\u0131zca belirli bir gelir aral\u0131\u011f\u0131 i\u00e7in ge\u00e7erlidir. Yani, gelirin tamam\u0131 daha y\u00fcksek oranda vergilendirilmez; yaln\u0131zca daha y\u00fcksek dilime giren k\u0131sm\u0131 o oranda vergilendirilir. Vergi dilimleri ve standart kesintiler, enflasyona g\u00f6re her y\u0131l ayarlan\u0131r.<\/li><\/ul><p><strong>Di\u011fer Temel \u00d6zellikler<\/strong><\/p><ul><li><p><b>Kendi Kendine De\u011ferlendirme (\u00d6z De\u011ferlendirme):<\/b> Vergi m\u00fckellefleri, vergi beyannamelerini doldurmaktan ve kendi vergi y\u00fck\u00fcml\u00fcl\u00fcklerini hesaplamaktan sorumludur. Vergiler, maa\u015flardan kesilebilir ve serbest meslek sahipleri i\u00e7in <b>tahmini vergiler<\/b> gerekebilir.<\/p><\/li><li><p><b>Sermaye Kazan\u00e7lar\u0131 ve Normal Gelir:<\/b> Yat\u0131r\u0131mlar\u0131n sat\u0131\u015f\u0131ndan elde edilen karlar olan sermaye kazan\u00e7lar\u0131, genellikle normal gelirlerden daha d\u00fc\u015f\u00fck oranlarda vergilendirilir.<\/p><\/li><li><p><b>Eyalet ve Yerel Vergiler:<\/b> Federal vergilere ek olarak, \u00e7o\u011fu eyalet ve baz\u0131 yerel y\u00f6netimler kendi gelir, sat\u0131\u015f ve emlak vergilerini uygular. Bu vergiler eyaletten eyalete \u00f6nemli \u00f6l\u00e7\u00fcde farkl\u0131l\u0131k g\u00f6sterir.<\/p><\/li><li><p><b>Yurt D\u0131\u015f\u0131 Gelir:<\/b> ABD vatanda\u015flar\u0131 ve yerle\u015fikleri, d\u00fcnya genelindeki t\u00fcm gelirleri \u00fczerinden vergilendirilir. Ancak, ba\u015fka \u00fclkelere \u00f6denen vergiler i\u00e7in vergi kredileri veya muafiyetler mevcuttur.<\/p><\/li><\/ul>    <\/div>\r\n\t\t\t\t<\/div>\n\t\t\t\t<\/div>\n\t\t\t\t\t<\/div>\n\t\t<\/div>\n\t\t\t\t\t<\/div>\n\t\t<\/section>\n\t\t\t\t<\/div>\n\t\t","protected":false},"excerpt":{"rendered":"<p>ABD Vergi Sistemine Genel Bak\u0131\u015f ABD vergi sistemi, federal, eyalet ve yerel d\u00fczeylerde uygulanan katmanl\u0131 ve karma\u015f\u0131k bir yap\u0131ya sahiptir. Bu sistem, farkl\u0131 vergi t\u00fcrlerini ve vergi dilimlerini i\u00e7erir. Federal Vergi Sisteminin Ana Unsurlar\u0131 Bireysel Gelir Vergisi: ABD vatanda\u015flar\u0131 ve yerle\u015fik yabanc\u0131lar, d\u00fcnya genelindeki gelirleri \u00fczerinden vergilendirilir. Vergilendirilebilir gelir, br\u00fct gelirden belirli muafiyetler ve kesintiler [&hellip;]<\/p>\n","protected":false},"author":1,"featured_media":0,"parent":7652,"menu_order":0,"comment_status":"closed","ping_status":"closed","template":"","meta":{"footnotes":""},"class_list":["post-7676","page","type-page","status-publish","hentry"],"_links":{"self":[{"href":"https:\/\/rancepartners.com\/tr\/wp-json\/wp\/v2\/pages\/7676","targetHints":{"allow":["GET"]}}],"collection":[{"href":"https:\/\/rancepartners.com\/tr\/wp-json\/wp\/v2\/pages"}],"about":[{"href":"https:\/\/rancepartners.com\/tr\/wp-json\/wp\/v2\/types\/page"}],"author":[{"embeddable":true,"href":"https:\/\/rancepartners.com\/tr\/wp-json\/wp\/v2\/users\/1"}],"replies":[{"embeddable":true,"href":"https:\/\/rancepartners.com\/tr\/wp-json\/wp\/v2\/comments?post=7676"}],"version-history":[{"count":13,"href":"https:\/\/rancepartners.com\/tr\/wp-json\/wp\/v2\/pages\/7676\/revisions"}],"predecessor-version":[{"id":8304,"href":"https:\/\/rancepartners.com\/tr\/wp-json\/wp\/v2\/pages\/7676\/revisions\/8304"}],"up":[{"embeddable":true,"href":"https:\/\/rancepartners.com\/tr\/wp-json\/wp\/v2\/pages\/7652"}],"wp:attachment":[{"href":"https:\/\/rancepartners.com\/tr\/wp-json\/wp\/v2\/media?parent=7676"}],"curies":[{"name":"wp","href":"https:\/\/api.w.org\/{rel}","templated":true}]}}