{"id":7674,"date":"2025-08-10T18:37:18","date_gmt":"2025-08-11T01:37:18","guid":{"rendered":"https:\/\/rancepartners.com\/?page_id=7674"},"modified":"2025-10-17T12:52:23","modified_gmt":"2025-10-17T19:52:23","slug":"finansal-planlama","status":"publish","type":"page","link":"https:\/\/rancepartners.com\/tr\/hizmetler\/danismanlik-hizmetleri\/finansal-planlama\/","title":{"rendered":"Finansal Planlama"},"content":{"rendered":"\t\t<div data-elementor-type=\"wp-page\" data-elementor-id=\"7674\" class=\"elementor elementor-7674\">\n\t\t\t\t\t\t<section class=\"elementor-section elementor-top-section elementor-element elementor-element-1935892 elementor-section-boxed elementor-section-height-default elementor-section-height-default\" data-id=\"1935892\" data-element_type=\"section\">\n\t\t\t\t\t\t<div class=\"elementor-container elementor-column-gap-no\">\n\t\t\t\t\t<div class=\"elementor-column elementor-col-100 elementor-top-column elementor-element elementor-element-2fa7ea0b\" data-id=\"2fa7ea0b\" data-element_type=\"column\">\n\t\t\t<div class=\"elementor-widget-wrap elementor-element-populated\">\n\t\t\t\t\t\t<div class=\"elementor-element elementor-element-4aeaf3c5 elementor-widget elementor-widget-creote-text-editor-v1\" data-id=\"4aeaf3c5\" data-element_type=\"widget\" data-widget_type=\"creote-text-editor-v1.default\">\n\t\t\t\t<div class=\"elementor-widget-container\">\n\t\t\t\t\t   <div class=\"position-relative\">\r\n        <p><strong><u>Finansal Dan\u0131\u015fmanl\u0131k Hizmetlerine Genel Bak\u0131\u015f<\/u><\/strong><\/p><p>Finansal dan\u0131\u015fmanl\u0131k hizmetleri, bireylerin, ailelerin ve i\u015fletmelerin mali kaynaklar\u0131n\u0131 y\u00f6netmelerine, b\u00fcy\u00fctmelerine ve korumalar\u0131na yard\u0131mc\u0131 olmak i\u00e7in tasarlanm\u0131\u015f geni\u015f bir yelpazede profesyonel hizmetleri kapsar. Bu hizmetler, basit ihtiya\u00e7lardan son derece karma\u015f\u0131k finansal durumlara kadar bir\u00e7ok alana uygulanabilir.<\/p><p><strong>Finansal Dan\u0131\u015fmanl\u0131k Hizmetlerinin Temel Kategorileri<\/strong><\/p><ol><li><p><b>Finansal Planlama:<\/b> B\u00fct\u00e7eleme, tasarruf, bor\u00e7 y\u00f6netimi ve hedef belirleme gibi finansal hayat\u0131n\u0131z\u0131n kapsaml\u0131 bir incelemesini i\u00e7erir. Ev alma, e\u011fitim veya emeklilik gibi belirli hedeflere ula\u015fmak i\u00e7in size \u00f6zel bir yol haritas\u0131 olu\u015fturulur ve ko\u015fullar de\u011fi\u015ftik\u00e7e bu plan g\u00fcncellenir.<\/p><\/li><li><p><b>Yat\u0131r\u0131m Y\u00f6netimi:<\/b> Risk tolerans\u0131n\u0131za ve hedeflerinize uygun yat\u0131r\u0131m portf\u00f6yleri olu\u015fturulur ve y\u00f6netilir. Varl\u0131k tahsisi, \u00e7e\u015fitlendirme ve d\u00fczenli yeniden dengeleme ile getirilerin optimize edilmesi ve riskin y\u00f6netilmesi ama\u00e7lan\u0131r.<\/p><\/li><li><p><b>Emeklilik Planlamas\u0131:<\/b> Emeklilik ihtiya\u00e7lar\u0131n\u0131z analiz edilir ve yeterli birikim sa\u011flamak i\u00e7in stratejiler geli\u015ftirilir. Vergi avantajl\u0131 hesaplar (401(k), IRA gibi), Sosyal G\u00fcvenlik optimizasyonu ve para \u00e7ekme stratejileri hakk\u0131nda tavsiyeler verilir.<\/p><\/li><li><p><b>Vergi Planlamas\u0131:<\/b> Vergi y\u00fck\u00fcml\u00fcl\u00fcklerinizi en aza indirmek i\u00e7in stratejiler sunulur. Bu, yat\u0131r\u0131m tercihleri ve vergi avantajl\u0131 hesaplar\u0131n kullan\u0131m\u0131 gibi konular\u0131 kapsar. Vergi planlamas\u0131, emeklilik ve miras planlamas\u0131 gibi di\u011fer finansal planlama alanlar\u0131yla da b\u00fct\u00fcnle\u015fir.<\/p><\/li><li><p><b>Miras ve Emlak Planlamas\u0131:<\/b> Varl\u0131klar\u0131n\u0131z\u0131n vasiyetinize uygun \u015fekilde da\u011f\u0131t\u0131lmas\u0131n\u0131 sa\u011flamak i\u00e7in vasiyetler, tr\u00f6stler ve di\u011fer yap\u0131lar hakk\u0131nda rehberlik edilir. Miras vergilerini en aza indirmek ve varl\u0131klar\u0131n miras\u00e7\u0131lara sorunsuz bir \u015fekilde aktar\u0131lmas\u0131n\u0131 sa\u011flamak hedeflenir.<\/p><\/li><li><p><b>Risk Y\u00f6netimi ve Sigorta Planlamas\u0131:<\/b> Hayat, sa\u011fl\u0131k, maluliyet, m\u00fclkiyet ve sorumluluk sigortas\u0131 gibi sigorta ihtiya\u00e7lar\u0131n\u0131z de\u011ferlendirilerek \u00f6ng\u00f6r\u00fclemeyen olaylara kar\u015f\u0131 korunman\u0131z sa\u011flan\u0131r.<\/p><\/li><li><p><b>Bor\u00e7 Y\u00f6netimi:<\/b> Mevcut bor\u00e7lar\u0131n\u0131z de\u011ferlendirilir ve etkili geri \u00f6deme veya bor\u00e7 konsolidasyonu i\u00e7in stratejiler olu\u015fturulur. Kredi y\u00f6netimi ve faiz maliyetlerini azaltma konular\u0131nda dan\u0131\u015fmanl\u0131k sunulur.<\/p><\/li><li><p><b>\u0130\u015fletme Finansal Dan\u0131\u015fmanl\u0131\u011f\u0131:<\/b> Kurumsal finansman dan\u0131\u015fmanl\u0131\u011f\u0131, i\u015f de\u011ferlemesi, halefiyet planlamas\u0131 ve birle\u015fme ve devralmalar konular\u0131nda rehberlik sa\u011flan\u0131r. \u0130\u015fletme sahiplerine \u00f6zel hizmetler de sunulur.<\/p><\/li><\/ol><p><strong>Finansal Dan\u0131\u015fmanl\u0131k Hizmetleri Nas\u0131l \u0130\u015fler?<\/strong><\/p><ul><li><p><b>\u0130lk De\u011ferlendirme:<\/b> Finansal dan\u0131\u015fman, mali durumunuz, hedefleriniz, risk tolerans\u0131n\u0131z ve ki\u015fisel ko\u015fullar\u0131n\u0131z hakk\u0131nda detayl\u0131 bilgi toplar.<\/p><\/li><li><p><b>Plan Geli\u015ftirme:<\/b> Yat\u0131r\u0131mlar, vergiler ve emlak planlamas\u0131 gibi farkl\u0131 alanlar\u0131 birle\u015ftiren, size \u00f6zel bir finansal plan olu\u015fturulur.<\/p><\/li><li><p><b>Uygulama:<\/b> Dan\u0131\u015fman, plan\u0131n hayata ge\u00e7irilmesi i\u00e7in hesap a\u00e7ma, yat\u0131r\u0131m yapma veya tr\u00f6st kurma gibi ad\u0131mlarda yard\u0131mc\u0131 olur.<\/p><\/li><li><p><b>S\u00fcrekli \u0130zleme:<\/b> D\u00fczenli incelemeler ve g\u00fcncellemelerle, plan\u0131n\u0131z\u0131n de\u011fi\u015fen ihtiya\u00e7lar\u0131n\u0131za ve piyasa ko\u015fullar\u0131na uygun kalmas\u0131 sa\u011flan\u0131r.<\/p><\/li><\/ul><p><strong>Dan\u0131\u015fmanl\u0131k Hizmetlerinden Yararlanman\u0131n Faydalar\u0131<\/strong><\/p><ul><li><p>Durumunuza \u00f6zel, uzman ve objektif tavsiyelere eri\u015fim sa\u011flars\u0131n\u0131z.<\/p><\/li><li><p>Servetinizi b\u00fcy\u00fctmek, vergileri en aza indirmek ve varl\u0131klar\u0131n\u0131z\u0131 korumak i\u00e7in proaktif stratejiler geli\u015ftirirsiniz.<\/p><\/li><\/ul>    <\/div>\r\n\t\t\t\t<\/div>\n\t\t\t\t<\/div>\n\t\t\t\t\t<\/div>\n\t\t<\/div>\n\t\t\t\t\t<\/div>\n\t\t<\/section>\n\t\t\t\t<\/div>\n\t\t","protected":false},"excerpt":{"rendered":"<p>Finansal Dan\u0131\u015fmanl\u0131k Hizmetlerine Genel Bak\u0131\u015f Finansal dan\u0131\u015fmanl\u0131k hizmetleri, bireylerin, ailelerin ve i\u015fletmelerin mali kaynaklar\u0131n\u0131 y\u00f6netmelerine, b\u00fcy\u00fctmelerine ve korumalar\u0131na yard\u0131mc\u0131 olmak i\u00e7in tasarlanm\u0131\u015f geni\u015f bir yelpazede profesyonel hizmetleri kapsar. Bu hizmetler, basit ihtiya\u00e7lardan son derece karma\u015f\u0131k finansal durumlara kadar bir\u00e7ok alana uygulanabilir. Finansal Dan\u0131\u015fmanl\u0131k Hizmetlerinin Temel Kategorileri Finansal Planlama: B\u00fct\u00e7eleme, tasarruf, bor\u00e7 y\u00f6netimi ve hedef belirleme [&hellip;]<\/p>\n","protected":false},"author":1,"featured_media":0,"parent":7654,"menu_order":0,"comment_status":"closed","ping_status":"closed","template":"","meta":{"footnotes":""},"class_list":["post-7674","page","type-page","status-publish","hentry"],"_links":{"self":[{"href":"https:\/\/rancepartners.com\/tr\/wp-json\/wp\/v2\/pages\/7674","targetHints":{"allow":["GET"]}}],"collection":[{"href":"https:\/\/rancepartners.com\/tr\/wp-json\/wp\/v2\/pages"}],"about":[{"href":"https:\/\/rancepartners.com\/tr\/wp-json\/wp\/v2\/types\/page"}],"author":[{"embeddable":true,"href":"https:\/\/rancepartners.com\/tr\/wp-json\/wp\/v2\/users\/1"}],"replies":[{"embeddable":true,"href":"https:\/\/rancepartners.com\/tr\/wp-json\/wp\/v2\/comments?post=7674"}],"version-history":[{"count":14,"href":"https:\/\/rancepartners.com\/tr\/wp-json\/wp\/v2\/pages\/7674\/revisions"}],"predecessor-version":[{"id":8419,"href":"https:\/\/rancepartners.com\/tr\/wp-json\/wp\/v2\/pages\/7674\/revisions\/8419"}],"up":[{"embeddable":true,"href":"https:\/\/rancepartners.com\/tr\/wp-json\/wp\/v2\/pages\/7654"}],"wp:attachment":[{"href":"https:\/\/rancepartners.com\/tr\/wp-json\/wp\/v2\/media?parent=7674"}],"curies":[{"name":"wp","href":"https:\/\/api.w.org\/{rel}","templated":true}]}}