{"id":7672,"date":"2025-08-10T18:36:59","date_gmt":"2025-08-11T01:36:59","guid":{"rendered":"https:\/\/rancepartners.com\/?page_id=7672"},"modified":"2025-09-16T15:54:18","modified_gmt":"2025-09-16T22:54:18","slug":"uluslararasi-vergilendirme","status":"publish","type":"page","link":"https:\/\/rancepartners.com\/tr\/hizmetler\/vergi-hizmetleri\/uluslararasi-vergilendirme\/","title":{"rendered":"Uluslararas\u0131 Vergilendirme"},"content":{"rendered":"\t\t<div data-elementor-type=\"wp-page\" data-elementor-id=\"7672\" class=\"elementor elementor-7672\">\n\t\t\t\t\t\t<section class=\"elementor-section elementor-top-section elementor-element elementor-element-17f0115a elementor-section-boxed elementor-section-height-default elementor-section-height-default\" data-id=\"17f0115a\" data-element_type=\"section\">\n\t\t\t\t\t\t<div class=\"elementor-container elementor-column-gap-no\">\n\t\t\t\t\t<div class=\"elementor-column elementor-col-100 elementor-top-column elementor-element elementor-element-733b05f9\" data-id=\"733b05f9\" data-element_type=\"column\">\n\t\t\t<div class=\"elementor-widget-wrap elementor-element-populated\">\n\t\t\t\t\t\t<div class=\"elementor-element elementor-element-78d4d1fe elementor-widget elementor-widget-creote-text-editor-v1\" data-id=\"78d4d1fe\" data-element_type=\"widget\" data-widget_type=\"creote-text-editor-v1.default\">\n\t\t\t\t<div class=\"elementor-widget-container\">\n\t\t\t\t\t   <div class=\"position-relative\">\r\n        <p><strong><u>Yerle\u015fik Olmayanlar i\u00e7in Vergi Beyannamesi Dosyalama<\/u><\/strong><\/p><p><strong>Yerle\u015fik Olmayan Yabanc\u0131 Kimdir?<\/strong><\/p><p>Yerle\u015fik olmayan bir yabanc\u0131, ABD vatanda\u015f\u0131 olmayan ve IRS'nin ye\u015fil kart testini veya \u00f6nemli mevcudiyet testini kar\u015f\u0131lamayan bireydir.<\/p><p><strong>Kimler Dosyalama Yapmal\u0131?<\/strong><\/p><p>A\u015fa\u011f\u0131daki durumlarda, yerle\u015fik olmayan bir yabanc\u0131 olarak ABD vergi beyannamesi vermeniz gerekir:<\/p><ul><li><p>Y\u0131l boyunca ABD'de bir ticaret veya i\u015fle u\u011fra\u015ft\u0131ysan\u0131z veya u\u011fra\u015ft\u0131\u011f\u0131n\u0131z kabul ediliyorsa.<\/p><\/li><li><p>Bir ticaret veya i\u015fle u\u011fra\u015fmasan\u0131z bile, kaynakta verginin tamamen kesilmedi\u011fi ABD kaynakl\u0131 bir geliriniz varsa.<\/p><\/li><li><p>Fazla \u00f6denen veya kesilen bir verginin iadesini talep etmek veya bir kesinti veya kredi talep etmek istiyorsan\u0131z.<\/p><\/li><li><p><b>\u00d6zel Not:<\/b> F, J, M veya Q vizeleriyle ge\u00e7ici olarak ABD'de bulunan \u00f6\u011frenciler, \u00f6\u011fretmenler veya stajyerler genellikle bir ticaret veya i\u015fle u\u011fra\u015f\u0131yor olarak kabul edilir ve vergilendirilebilir ABD gelirleri varsa ba\u015fvuru yapmalar\u0131 gerekir.<\/p><\/li><\/ul><p><strong>Hangi Formlar\u0131 Kullanmal\u0131s\u0131n\u0131z?<\/strong><\/p><ul><li><p><b>Form 1040-NR:<\/b> Bu, yerle\u015fik olmayan yabanc\u0131lar i\u00e7in ana federal gelir vergisi beyannamesidir. Yerle\u015fik olmayan her ki\u015fi kendi beyannamesini vermelidir; e\u015flerden biri ABD vatanda\u015f\u0131 veya yerle\u015fik de\u011filse ortak dosyalamaya izin verilmez.<\/p><\/li><li><p><b>Form 8843:<\/b> Yerle\u015fik olmayan bir \u00f6\u011frenci veya akademisyenseniz ve ABD'de bir geliriniz yoksa bile, \u00f6nemli mevcudiyet testinden muafiyet talep etmek i\u00e7in bu formu yine de doldurman\u0131z gerekebilir.<\/p><\/li><\/ul><p><strong>Hangi Gelirler Raporlan\u0131r?<\/strong><\/p><ul><li>Yerle\u015fik olmayanlar yaln\u0131zca <b>ABD kaynakl\u0131 geliri<\/b> ve bir ABD ticareti veya i\u015fletmesiyle etkin bir \u015fekilde ba\u011flant\u0131l\u0131 geliri raporlar. ABD d\u0131\u015f\u0131ndan elde edilen gelir, yerle\u015fik olmayan yabanc\u0131lar i\u00e7in genellikle vergilendirilmez.<\/li><\/ul><p><strong>Nas\u0131l Dosyalama Yap\u0131l\u0131r<\/strong><\/p><ol><li><p><b>Belgeleri Toplay\u0131n:<\/b> \u0130lgili t\u00fcm gelir belgelerini (\u00f6rne\u011fin, <b>W-2, 1042-S, 1099<\/b>) bir araya getirin.<\/p><\/li><li><p><b>Form 1040-NR'yi Doldurun:<\/b> Formu geliriniz, kesintileriniz ve kredilerinizle birlikte do\u011fru \u015fekilde tamamlay\u0131n.<\/p><\/li><li><p><b>Elektronik veya Posta Yoluyla G\u00f6nderin:<\/b> Onayl\u0131 bir yaz\u0131l\u0131m kullanarak elektronik olarak dosyalama yapabilir veya beyannamenizi IRS'ye postalayabilirsiniz.<\/p><\/li><li><p><b>Borcunuzu \u00d6deyin:<\/b> Vergi borcunuz varsa, cezalardan ka\u00e7\u0131nmak i\u00e7in son \u00f6deme tarihine kadar \u00f6deme yap\u0131n.<\/p><\/li><li><p><b>Eyalet Vergilerini Kontrol Edin:<\/b> Eyalet gereksinimlerini kontrol edin; \u00e7\u00fcnk\u00fc bir\u00e7ok eyalet, o eyalette gelir elde etmeleri durumunda yerle\u015fik olmayanlar\u0131n da vergi beyannamesi vermesini gerektirir. Kurallar ve e\u015fikler eyalete g\u00f6re de\u011fi\u015fir.<\/p><\/li><\/ol><p><strong>Ek Hususlar<\/strong><\/p><ul><li>ABD kaynakl\u0131 geliriniz yoksa ancak ABD'de \u00f6\u011frenci veya bursiyer olarak bulunuyorsan\u0131z, yine de Form 8843'\u00fc doldurman\u0131z gerekir.<\/li><li>Bir ABD vatanda\u015f\u0131 veya mukimi ile evliyseniz, mukim olarak ortakla\u015fa ba\u015fvuruda bulunmay\u0131 se\u00e7ebilirsiniz, ancak bu, d\u00fcnya \u00e7ap\u0131ndaki gelirinizin ABD vergisine tabi oldu\u011fu anlam\u0131na gelir.<\/li><\/ul>    <\/div>\r\n\t\t\t\t<\/div>\n\t\t\t\t<\/div>\n\t\t\t\t\t<\/div>\n\t\t<\/div>\n\t\t\t\t\t<\/div>\n\t\t<\/section>\n\t\t\t\t<\/div>\n\t\t","protected":false},"excerpt":{"rendered":"<p>Yerle\u015fik Olmayanlar i\u00e7in Vergi Beyannamesi Dosyalama Yerle\u015fik Olmayan Yabanc\u0131 Kimdir? Yerle\u015fik olmayan bir yabanc\u0131, ABD vatanda\u015f\u0131 olmayan ve IRS&#8217;nin ye\u015fil kart testini veya \u00f6nemli mevcudiyet testini kar\u015f\u0131lamayan bireydir. Kimler Dosyalama Yapmal\u0131? A\u015fa\u011f\u0131daki durumlarda, yerle\u015fik olmayan bir yabanc\u0131 olarak ABD vergi beyannamesi vermeniz gerekir: Y\u0131l boyunca ABD&#8217;de bir ticaret veya i\u015fle u\u011fra\u015ft\u0131ysan\u0131z veya u\u011fra\u015ft\u0131\u011f\u0131n\u0131z kabul ediliyorsa. [&hellip;]<\/p>\n","protected":false},"author":1,"featured_media":0,"parent":7652,"menu_order":0,"comment_status":"closed","ping_status":"closed","template":"","meta":{"footnotes":""},"class_list":["post-7672","page","type-page","status-publish","hentry"],"_links":{"self":[{"href":"https:\/\/rancepartners.com\/tr\/wp-json\/wp\/v2\/pages\/7672","targetHints":{"allow":["GET"]}}],"collection":[{"href":"https:\/\/rancepartners.com\/tr\/wp-json\/wp\/v2\/pages"}],"about":[{"href":"https:\/\/rancepartners.com\/tr\/wp-json\/wp\/v2\/types\/page"}],"author":[{"embeddable":true,"href":"https:\/\/rancepartners.com\/tr\/wp-json\/wp\/v2\/users\/1"}],"replies":[{"embeddable":true,"href":"https:\/\/rancepartners.com\/tr\/wp-json\/wp\/v2\/comments?post=7672"}],"version-history":[{"count":13,"href":"https:\/\/rancepartners.com\/tr\/wp-json\/wp\/v2\/pages\/7672\/revisions"}],"predecessor-version":[{"id":8297,"href":"https:\/\/rancepartners.com\/tr\/wp-json\/wp\/v2\/pages\/7672\/revisions\/8297"}],"up":[{"embeddable":true,"href":"https:\/\/rancepartners.com\/tr\/wp-json\/wp\/v2\/pages\/7652"}],"wp:attachment":[{"href":"https:\/\/rancepartners.com\/tr\/wp-json\/wp\/v2\/media?parent=7672"}],"curies":[{"name":"wp","href":"https:\/\/api.w.org\/{rel}","templated":true}]}}