{"id":7668,"date":"2025-08-10T18:36:40","date_gmt":"2025-08-11T01:36:40","guid":{"rendered":"https:\/\/rancepartners.com\/?page_id=7668"},"modified":"2025-09-16T15:45:36","modified_gmt":"2025-09-16T22:45:36","slug":"sirket-vergi-islemleri","status":"publish","type":"page","link":"https:\/\/rancepartners.com\/tr\/hizmetler\/vergi-hizmetleri\/sirket-vergi-islemleri\/","title":{"rendered":"\u015eirket Vergi \u0130\u015flemleri"},"content":{"rendered":"\t\t<div data-elementor-type=\"wp-page\" data-elementor-id=\"7668\" class=\"elementor elementor-7668\">\n\t\t\t\t\t\t<section class=\"elementor-section elementor-top-section elementor-element elementor-element-3768303a elementor-section-boxed elementor-section-height-default elementor-section-height-default\" data-id=\"3768303a\" data-element_type=\"section\">\n\t\t\t\t\t\t<div class=\"elementor-container elementor-column-gap-no\">\n\t\t\t\t\t<div class=\"elementor-column elementor-col-100 elementor-top-column elementor-element elementor-element-11c5bb1e\" data-id=\"11c5bb1e\" data-element_type=\"column\">\n\t\t\t<div class=\"elementor-widget-wrap elementor-element-populated\">\n\t\t\t\t\t\t<div class=\"elementor-element elementor-element-b0dccd0 elementor-widget elementor-widget-creote-text-editor-v1\" data-id=\"b0dccd0\" data-element_type=\"widget\" data-widget_type=\"creote-text-editor-v1.default\">\n\t\t\t\t<div class=\"elementor-widget-container\">\n\t\t\t\t\t   <div class=\"position-relative\">\r\n        <p><strong><u>\u0130\u015fletme Vergi Beyannamesi Nedir?<\/u><\/strong><\/p><p>\u0130\u015fletme vergi beyannamesi, bir i\u015fletmenin gelirini, giderlerini ve vergiyle ilgili di\u011fer bilgilerini federal d\u00fczeyde IRS'ye ve genellikle eyalet kurumlar\u0131na bildirmek i\u00e7in sunulan bir dizi formdur. Bu beyannamenin amac\u0131, i\u015fletmenin vergi y\u00fck\u00fcml\u00fcl\u00fc\u011f\u00fcn\u00fc belirlemek veya gelir ve zararlar\u0131 i\u015fletme sahiplerinin ki\u015fisel vergi beyannamelerine aktarmakt\u0131r.<\/p><p>\u00a0<\/p><h3>\u0130\u015fletme Vergi Beyannamesi Nas\u0131l Doldurulur?<\/h3><ol start=\"1\"><li><p><b>\u0130\u015fletme Yap\u0131n\u0131z\u0131 Belirleyin:<\/b> \u0130\u015fletmenizin t\u00fcr\u00fc, hangi vergi formlar\u0131n\u0131 doldurman\u0131z gerekti\u011fini belirler. Bu, do\u011fru ad\u0131mlar\u0131 atman\u0131z i\u00e7in ilk ad\u0131md\u0131r.<\/p><\/li><li><p><b>Mali Kay\u0131tlar\u0131 Toplay\u0131n:<\/b> Gelir tablolar\u0131, gider makbuzlar\u0131, bordro kay\u0131tlar\u0131 ve \u00f6nceki vergi beyannameleri dahil olmak \u00fczere t\u00fcm ilgili belgeleri bir araya getirin.<\/p><\/li><li><p><b>Do\u011fru Vergi Formlar\u0131n\u0131 Doldurun:<\/b><\/p><ul><li><p><b>\u015eah\u0131s \u015firketleri:<\/b> Form 1040 ile C \u00c7izelgesi.<\/p><\/li><li><p><b>Ortakl\u0131klar:<\/b> Form 1065 ve her ortak i\u00e7in K-1 \u00c7izelgesi.<\/p><\/li><li><p><b>C \u015eirketleri:<\/b> Form 1120.<\/p><\/li><li><p><b>S \u015eirketleri:<\/b> Form 1120-S ve her hissedar i\u00e7in K-1 \u00c7izelgesi.<\/p><\/li><\/ul><\/li><li><p><b>Gerekirse Ek Formlar Ekleyin:<\/b> \u00c7al\u0131\u015fanlar\u0131n\u0131z varsa <b>istihdam vergisi formlar\u0131<\/b> (Form 940, Form 941 gibi) veya serbest meslek vergisi i\u00e7in <b>SE \u00c7izelgesi<\/b> gibi ek formlar doldurman\u0131z gerekebilir.<\/p><\/li><li><p><b>Elektronik veya Posta Yoluyla G\u00f6nderin:<\/b> Doldurdu\u011funuz formlar\u0131 son ba\u015fvuru tarihine kadar IRS'ye g\u00f6nderin. Ortakl\u0131klar ve S \u015firketleri i\u00e7in bu tarih genellikle <b>15 Mart<\/b>, \u015fah\u0131s \u015firketleri ve C \u015firketleri i\u00e7in ise <b>15 Nisan'd\u0131r<\/b>. Bir\u00e7ok i\u015fletme, do\u011fruluk ve uyumluluk i\u00e7in vergi yaz\u0131l\u0131mlar\u0131ndan yararlan\u0131r veya bir vergi uzman\u0131yla \u00e7al\u0131\u015f\u0131r.<\/p><\/li><li><p><b>Bor\u00e7lu Olunan Vergileri \u00d6deyin:<\/b> Ceza ve faizlerden ka\u00e7\u0131nmak i\u00e7in \u00f6denmesi gereken vergileri son ba\u015fvuru tarihine kadar \u00f6deyin. Baz\u0131 i\u015fletmelerin ayr\u0131ca \u00fc\u00e7 ayda bir <b>tahmini vergi \u00f6demesi<\/b> yapmas\u0131 gerekir.<\/p><\/li><li><p><b>Kay\u0131t Tutun:<\/b> Gelecekte olas\u0131 bir IRS denetimine kar\u015f\u0131 kendinizi korumak i\u00e7in, dosyalanm\u0131\u015f t\u00fcm beyannamelerin ve destekleyici belgelerin kopyalar\u0131n\u0131 <b>en az \u00fc\u00e7 y\u0131l<\/b> boyunca saklay\u0131n.<\/p><\/li><\/ol><p>T\u00fczel ki\u015filik t\u00fcr\u00fcn\u00fcze g\u00f6re do\u011fru ticari vergi beyannamesini doldurmak, yasal uyumluluk ve vergi y\u00fck\u00fcml\u00fcl\u00fc\u011f\u00fcn\u00fc en aza indirmek i\u00e7in \u00e7ok \u00f6nemlidir.<\/p>    <\/div>\r\n\t\t\t\t<\/div>\n\t\t\t\t<\/div>\n\t\t\t\t\t<\/div>\n\t\t<\/div>\n\t\t\t\t\t<\/div>\n\t\t<\/section>\n\t\t\t\t<\/div>\n\t\t","protected":false},"excerpt":{"rendered":"<p>\u0130\u015fletme Vergi Beyannamesi Nedir? \u0130\u015fletme vergi beyannamesi, bir i\u015fletmenin gelirini, giderlerini ve vergiyle ilgili di\u011fer bilgilerini federal d\u00fczeyde IRS&#8217;ye ve genellikle eyalet kurumlar\u0131na bildirmek i\u00e7in sunulan bir dizi formdur. Bu beyannamenin amac\u0131, i\u015fletmenin vergi y\u00fck\u00fcml\u00fcl\u00fc\u011f\u00fcn\u00fc belirlemek veya gelir ve zararlar\u0131 i\u015fletme sahiplerinin ki\u015fisel vergi beyannamelerine aktarmakt\u0131r. \u00a0 \u0130\u015fletme Vergi Beyannamesi Nas\u0131l Doldurulur? \u0130\u015fletme Yap\u0131n\u0131z\u0131 Belirleyin: [&hellip;]<\/p>\n","protected":false},"author":1,"featured_media":0,"parent":7652,"menu_order":0,"comment_status":"closed","ping_status":"closed","template":"","meta":{"footnotes":""},"class_list":["post-7668","page","type-page","status-publish","hentry"],"_links":{"self":[{"href":"https:\/\/rancepartners.com\/tr\/wp-json\/wp\/v2\/pages\/7668","targetHints":{"allow":["GET"]}}],"collection":[{"href":"https:\/\/rancepartners.com\/tr\/wp-json\/wp\/v2\/pages"}],"about":[{"href":"https:\/\/rancepartners.com\/tr\/wp-json\/wp\/v2\/types\/page"}],"author":[{"embeddable":true,"href":"https:\/\/rancepartners.com\/tr\/wp-json\/wp\/v2\/users\/1"}],"replies":[{"embeddable":true,"href":"https:\/\/rancepartners.com\/tr\/wp-json\/wp\/v2\/comments?post=7668"}],"version-history":[{"count":13,"href":"https:\/\/rancepartners.com\/tr\/wp-json\/wp\/v2\/pages\/7668\/revisions"}],"predecessor-version":[{"id":8293,"href":"https:\/\/rancepartners.com\/tr\/wp-json\/wp\/v2\/pages\/7668\/revisions\/8293"}],"up":[{"embeddable":true,"href":"https:\/\/rancepartners.com\/tr\/wp-json\/wp\/v2\/pages\/7652"}],"wp:attachment":[{"href":"https:\/\/rancepartners.com\/tr\/wp-json\/wp\/v2\/media?parent=7668"}],"curies":[{"name":"wp","href":"https:\/\/api.w.org\/{rel}","templated":true}]}}