{"id":7666,"date":"2025-08-10T18:36:22","date_gmt":"2025-08-11T01:36:22","guid":{"rendered":"https:\/\/rancepartners.com\/?page_id=7666"},"modified":"2025-09-16T15:36:52","modified_gmt":"2025-09-16T22:36:52","slug":"bireysel-vergi-islemleri","status":"publish","type":"page","link":"https:\/\/rancepartners.com\/tr\/hizmetler\/vergi-hizmetleri\/bireysel-vergi-islemleri\/","title":{"rendered":"Bireysel Vergi \u0130\u015flemleri"},"content":{"rendered":"\t\t<div data-elementor-type=\"wp-page\" data-elementor-id=\"7666\" class=\"elementor elementor-7666\">\n\t\t\t\t\t\t<section class=\"elementor-section elementor-top-section elementor-element elementor-element-7387b7e5 elementor-section-boxed elementor-section-height-default elementor-section-height-default\" data-id=\"7387b7e5\" data-element_type=\"section\">\n\t\t\t\t\t\t<div class=\"elementor-container elementor-column-gap-no\">\n\t\t\t\t\t<div class=\"elementor-column elementor-col-100 elementor-top-column elementor-element elementor-element-1d276c59\" data-id=\"1d276c59\" data-element_type=\"column\">\n\t\t\t<div class=\"elementor-widget-wrap elementor-element-populated\">\n\t\t\t\t\t\t<div class=\"elementor-element elementor-element-1bbfdbc5 elementor-widget elementor-widget-creote-text-editor-v1\" data-id=\"1bbfdbc5\" data-element_type=\"widget\" data-widget_type=\"creote-text-editor-v1.default\">\n\t\t\t\t<div class=\"elementor-widget-container\">\n\t\t\t\t\t   <div class=\"position-relative\">\r\n        <p><strong><u>Bireysel Vergi Beyannamesi Nedir?<\/u><\/strong><\/p><p>Bireysel vergi beyannamesi, bir ki\u015fi veya evli bir \u00e7ift taraf\u0131ndan, belirli bir d\u00f6nemde (genellikle \u00f6nceki y\u0131l) elde edilen t\u00fcm vergilendirilebilir geliri federal, eyalet veya yerel bir vergi dairesine bildirmek i\u00e7in sunulan resmi bir formdur. Bu form, ne kadar vergi borcunuz oldu\u011funu veya bir vergi iadesi al\u0131p almayaca\u011f\u0131n\u0131z\u0131 belirlemek i\u00e7in kullan\u0131l\u0131r. ABD'de \u00e7o\u011fu ki\u015fi federal vergi beyannamelerini IRS Form 1040'\u0131 kullanarak sunar. Beyanname; ki\u015fisel bilgilerinizi, gelir detaylar\u0131n\u0131z\u0131, kesintileri, kredileri ve \u00f6demeniz gereken vergilerin veya alaca\u011f\u0131n\u0131z iadelerin hesaplamas\u0131n\u0131 i\u00e7erir.<\/p><p><strong>Vergi Beyannamesi Nas\u0131l Doldurulur<\/strong><\/p><ol><li><p><b>Dosyalama Yapman\u0131z Gerekip Gerekmedi\u011fini Belirleyin:<\/b> Gelirinizin ve dosyalama durumunuzun vergi beyannamesi vermenizi gerektirip gerektirmedi\u011fini anlamak i\u00e7in <b>IRS \u00e7evrim i\u00e7i ara\u00e7lar\u0131n\u0131<\/b> veya IRS y\u00f6nergelerini kontrol edin.<\/p><\/li><li><p><b>Gerekli Belgeleri Toplay\u0131n:<\/b> Gelirinizi (W-2'ler, 1099'lar gibi) ve vergiden d\u00fc\u015f\u00fclebilecek harcamalar\u0131n\u0131z\u0131 g\u00f6steren formlar\u0131 ve makbuzlar\u0131 bir araya getirin.<\/p><\/li><li><p><b>Bir Dosyalama Y\u00f6ntemi Se\u00e7in:<\/b><\/p><ul><li><p><b>Elektronik:<\/b> Vergi yaz\u0131l\u0131m\u0131, <b>IRS Free File<\/b> veya <b>IRS Direct File<\/b> program\u0131n\u0131 kullan\u0131n (baz\u0131 eyaletlerde mevcuttur).<\/p><\/li><li><p><b>Ka\u011f\u0131t Formlar:<\/b> Form 1040'\u0131 doldurun ve IRS'ye postalay\u0131n.<\/p><\/li><li><p><b>Vergi Uzman\u0131:<\/b> Sizin ad\u0131n\u0131za dosyalama yapmas\u0131 i\u00e7in bir muhasebeci veya vergi haz\u0131rlay\u0131c\u0131s\u0131 ile \u00e7al\u0131\u015f\u0131n.<\/p><\/li><\/ul><\/li><li><p><b>Vergi Beyannamenizi Tamamlay\u0131n:<\/b> Ki\u015fisel bilgilerinizi doldurun, t\u00fcm gelirinizi bildirin, hak kazand\u0131\u011f\u0131n\u0131z kesintileri ve kredileri talep edin ve vergi y\u00fck\u00fcml\u00fcl\u00fc\u011f\u00fcn\u00fcz\u00fc veya iadenizi hesaplay\u0131n.<\/p><\/li><li><p><b>Beyannamenizi G\u00f6nderin:<\/b> Daha h\u0131zl\u0131 i\u015flem i\u00e7in elektronik olarak dosyalama yap\u0131n.<\/p><\/li><li><p><b>Borcunuzu \u00d6deyin veya \u0130adenizi Takip Edin:<\/b> Bir vergi borcunuz varsa, cezalardan ka\u00e7\u0131nmak i\u00e7in son \u00f6deme tarihine (genellikle <b>15 Nisan<\/b>) kadar \u00f6deme yap\u0131n. Fazla \u00f6deme yapt\u0131ysan\u0131z, iade talebinde bulunabilirsiniz.<\/p><\/li><li><p><b>Vergi Beyannamenizin Kopyalar\u0131n\u0131 Saklay\u0131n:<\/b> Kay\u0131tlar\u0131n\u0131z i\u00e7in vergi beyannamelerinizin kopyalar\u0131n\u0131 <b>en az \u00fc\u00e7 y\u0131l<\/b> boyunca saklay\u0131n.<\/p><\/li><\/ol><p><strong>Ek Notlar<\/strong><\/p><ul><li><p>Her eyaletin kendi vergi dairesi vard\u0131r ve eyaletiniz geliri vergilendiriyorsa bir eyalet vergi beyannamesi de sunman\u0131z gerekebilir.<\/p><\/li><li><p>ABD vatanda\u015f\u0131 olmayanlar ve Sosyal G\u00fcvenlik numaras\u0131 olmayanlar, dosyalama i\u00e7in <b>Bireysel Vergi M\u00fckellefi Kimlik Numaras\u0131 (ITIN)<\/b> kullanabilirler.<\/p><\/li><li><p>Son ba\u015fvuru tarihine yeti\u015femezseniz, IRS Form 4868'i kullanarak uzatma talebinde bulunabilirsiniz<\/p><\/li><\/ul><p>Vergilerinizi beyan etmek yasal y\u00fck\u00fcml\u00fcl\u00fcklerinizi yerine getirmenizi sa\u011flar ve hak kazand\u0131\u011f\u0131n\u0131z geri \u00f6demeleri veya kredileri talep etmenize yard\u0131mc\u0131 olur.<\/p>    <\/div>\r\n\t\t\t\t<\/div>\n\t\t\t\t<\/div>\n\t\t\t\t\t<\/div>\n\t\t<\/div>\n\t\t\t\t\t<\/div>\n\t\t<\/section>\n\t\t\t\t<\/div>\n\t\t","protected":false},"excerpt":{"rendered":"<p>Bireysel Vergi Beyannamesi Nedir? Bireysel vergi beyannamesi, bir ki\u015fi veya evli bir \u00e7ift taraf\u0131ndan, belirli bir d\u00f6nemde (genellikle \u00f6nceki y\u0131l) elde edilen t\u00fcm vergilendirilebilir geliri federal, eyalet veya yerel bir vergi dairesine bildirmek i\u00e7in sunulan resmi bir formdur. Bu form, ne kadar vergi borcunuz oldu\u011funu veya bir vergi iadesi al\u0131p almayaca\u011f\u0131n\u0131z\u0131 belirlemek i\u00e7in kullan\u0131l\u0131r. ABD&#8217;de [&hellip;]<\/p>\n","protected":false},"author":1,"featured_media":0,"parent":7652,"menu_order":0,"comment_status":"closed","ping_status":"closed","template":"","meta":{"footnotes":""},"class_list":["post-7666","page","type-page","status-publish","hentry"],"_links":{"self":[{"href":"https:\/\/rancepartners.com\/tr\/wp-json\/wp\/v2\/pages\/7666","targetHints":{"allow":["GET"]}}],"collection":[{"href":"https:\/\/rancepartners.com\/tr\/wp-json\/wp\/v2\/pages"}],"about":[{"href":"https:\/\/rancepartners.com\/tr\/wp-json\/wp\/v2\/types\/page"}],"author":[{"embeddable":true,"href":"https:\/\/rancepartners.com\/tr\/wp-json\/wp\/v2\/users\/1"}],"replies":[{"embeddable":true,"href":"https:\/\/rancepartners.com\/tr\/wp-json\/wp\/v2\/comments?post=7666"}],"version-history":[{"count":13,"href":"https:\/\/rancepartners.com\/tr\/wp-json\/wp\/v2\/pages\/7666\/revisions"}],"predecessor-version":[{"id":8289,"href":"https:\/\/rancepartners.com\/tr\/wp-json\/wp\/v2\/pages\/7666\/revisions\/8289"}],"up":[{"embeddable":true,"href":"https:\/\/rancepartners.com\/tr\/wp-json\/wp\/v2\/pages\/7652"}],"wp:attachment":[{"href":"https:\/\/rancepartners.com\/tr\/wp-json\/wp\/v2\/media?parent=7666"}],"curies":[{"name":"wp","href":"https:\/\/api.w.org\/{rel}","templated":true}]}}