{"id":7664,"date":"2025-08-10T18:36:03","date_gmt":"2025-08-11T01:36:03","guid":{"rendered":"https:\/\/rancepartners.com\/?page_id=7664"},"modified":"2025-09-16T15:22:32","modified_gmt":"2025-09-16T22:22:32","slug":"yillik-raporlama","status":"publish","type":"page","link":"https:\/\/rancepartners.com\/tr\/hizmetler\/sirket-hizmetleri\/yillik-raporlama\/","title":{"rendered":"Y\u0131ll\u0131k Raporlama"},"content":{"rendered":"\t\t<div data-elementor-type=\"wp-page\" data-elementor-id=\"7664\" class=\"elementor elementor-7664\">\n\t\t\t\t\t\t<section class=\"elementor-section elementor-top-section elementor-element elementor-element-1f1f896d elementor-section-boxed elementor-section-height-default elementor-section-height-default\" data-id=\"1f1f896d\" data-element_type=\"section\">\n\t\t\t\t\t\t<div class=\"elementor-container elementor-column-gap-no\">\n\t\t\t\t\t<div class=\"elementor-column elementor-col-100 elementor-top-column elementor-element elementor-element-660464ed\" data-id=\"660464ed\" data-element_type=\"column\">\n\t\t\t<div class=\"elementor-widget-wrap elementor-element-populated\">\n\t\t\t\t\t\t<div class=\"elementor-element elementor-element-693bd66b elementor-widget elementor-widget-creote-text-editor-v1\" data-id=\"693bd66b\" data-element_type=\"widget\" data-widget_type=\"creote-text-editor-v1.default\">\n\t\t\t\t<div class=\"elementor-widget-container\">\n\t\t\t\t\t   <div class=\"position-relative\">\r\n        <p><strong><u>\u015eirketler i\u00e7in Y\u0131ll\u0131k Rapor Dosyalama Gereklilikleri<\/u><\/strong><\/p><p>Amerika Birle\u015fik Devletleri'ndeki \u015firketlerin, genellikle kurulduklar\u0131 eyalete veya i\u015f yapt\u0131klar\u0131 di\u011fer eyaletlere y\u0131ll\u0131k raporlar sunmalar\u0131 gerekir. Bu raporlar, \u015firketinizin <b>iyi durumda kalmas\u0131 ve yasalara uygun olmas\u0131<\/b> i\u00e7in \u00e7ok \u00f6nemlidir.<\/p><p><strong>Y\u0131ll\u0131k Rapor Nedir?<\/strong><\/p><p>Y\u0131ll\u0131k rapor, bir \u015firketin temel bilgilerini, genellikle D\u0131\u015fi\u015fleri Bakanl\u0131\u011f\u0131 veya benzeri bir devlet kurumuyla g\u00fcncellemesi veya do\u011frulamas\u0131 i\u00e7in sunulan zorunlu bir belgedir. Bu rapor, hissedarlara veya Sermaye Piyasas\u0131 Kurulu'na (SEC) sunulan finansal raporlardan farkl\u0131d\u0131r.<\/p><p><strong>Y\u0131ll\u0131k Raporda Bulunan Bilgiler<\/strong><\/p><p>Gereksinimler eyaletten eyalete de\u011fi\u015fse de, \u00e7o\u011fu y\u0131ll\u0131k rapor a\u015fa\u011f\u0131daki bilgileri ister:<\/p><ul><li><p>\u015eirketin yasal ad\u0131<\/p><\/li><li><p>Ana ofis ve bazen de posta adresi<\/p><\/li><li><p>Kay\u0131tl\u0131 temsilcinin ad\u0131 ve adresi<\/p><\/li><li><p>Y\u00f6neticilerin ve yetkililerin isimleri ve i\u015f adresleri<\/p><\/li><li><p>\u015eirketin i\u015f amac\u0131<\/p><\/li><li><p>\u015eirketler i\u00e7in, ihra\u00e7 edilen hisse senetleri<\/p><\/li><li><p>Yetkili imza<\/p><\/li><\/ul><p><strong>Dosyalama S\u00fcreci<\/strong><\/p><ul><li><p><b>S\u0131kl\u0131k:<\/b> \u00c7o\u011fu eyalet y\u0131ll\u0131k rapor isterken, New York ve Alaska gibi baz\u0131lar\u0131 iki y\u0131lda bir rapor talep eder.<\/p><\/li><li><p><b>Son Tarihler:<\/b> Son tarihler eyalete g\u00f6re de\u011fi\u015fir. Baz\u0131lar\u0131 belirli bir takvim tarihi kullan\u0131rken, di\u011ferleri \u015firketinizin kurulu\u015f y\u0131ld\u00f6n\u00fcm\u00fcne g\u00f6re belirlenir. \u00d6rne\u011fin, Kaliforniya kurulu\u015f ay\u0131n\u0131n sonuna kadar rapor sunulmas\u0131n\u0131 isterken, Delaware'de yerel \u015firketler i\u00e7in son tarih 1 Mart't\u0131r.<\/p><\/li><li><p><b>Y\u00f6ntem:<\/b> \u00c7o\u011fu eyalet \u00e7evrim i\u00e7i dosyalama yap\u0131lmas\u0131na izin verir veya bunu zorunlu k\u0131lar. Baz\u0131lar\u0131 ise h\u00e2l\u00e2 ka\u011f\u0131t formlar\u0131 kabul etmektedir.<\/p><\/li><li><p><b>\u00dccretler:<\/b> Idaho hari\u00e7 t\u00fcm eyaletler, eyalete ba\u011fl\u0131 olarak 15 dolardan birka\u00e7 y\u00fcz dolara kadar de\u011fi\u015fen bir ba\u015fvuru \u00fccreti talep eder.<\/p><\/li><\/ul><p><strong>Dosyalama Yapmaman\u0131n Sonu\u00e7lar\u0131<\/strong><\/p><p>Y\u0131ll\u0131k raporun sunulmamas\u0131 a\u015fa\u011f\u0131daki sonu\u00e7lara yol a\u00e7abilir:<\/p><ul><li><p>Gecikme \u00fccretleri<\/p><\/li><li><p><b>\u0130yi durumun kaybedilmesi:<\/b> Bu, \u015firketin yasal olarak faaliyet g\u00f6sterme yetene\u011fini etkiler.<\/p><\/li><li><p>\u015eirketin idari olarak feshedilmesi (uzun bir s\u00fcre rapor sunulmazsa)<\/p><\/li><\/ul><p><strong>\u00d6nemli Noktalar<\/strong><\/p><ul><li><p>Dosyalama gereklilikleri ve son tarihler <b>eyalete ve i\u015fletme t\u00fcr\u00fcne g\u00f6re de\u011fi\u015fir.<\/b><\/p><\/li><li><p>Belirli formlar, son tarihler ve \u00fccretler i\u00e7in eyaletinizin D\u0131\u015fi\u015fleri Bakanl\u0131\u011f\u0131 web sitesini kontrol etmek \u00f6nemlidir.<\/p><\/li><li><p>Baz\u0131 eyaletler y\u0131ll\u0131k raporlar\u0131 franchise vergisi beyannameleri gibi di\u011fer beyannamelerle birle\u015ftirir.<\/p><\/li><li><p>Cezalardan ka\u00e7\u0131nmak ve \u015firketinizin yasalara uygun kalmas\u0131n\u0131 sa\u011flamak i\u00e7in <b>y\u0131ll\u0131k rapor dosyalama y\u00fck\u00fcml\u00fcl\u00fcklerinize uyman\u0131z<\/b> \u00e7ok \u00f6nemlidir.<\/p><\/li><\/ul><p>Cezalardan ka\u00e7\u0131nmak ve \u015firketinizin devlet nezdinde iyi durumda kalmas\u0131n\u0131 sa\u011flamak i\u00e7in y\u0131ll\u0131k rapor ba\u015fvurular\u0131na uymak \u00e7ok \u00f6nemlidir.<\/p>    <\/div>\r\n\t\t\t\t<\/div>\n\t\t\t\t<\/div>\n\t\t\t\t\t<\/div>\n\t\t<\/div>\n\t\t\t\t\t<\/div>\n\t\t<\/section>\n\t\t\t\t<\/div>\n\t\t","protected":false},"excerpt":{"rendered":"<p>\u015eirketler i\u00e7in Y\u0131ll\u0131k Rapor Dosyalama Gereklilikleri Amerika Birle\u015fik Devletleri&#8217;ndeki \u015firketlerin, genellikle kurulduklar\u0131 eyalete veya i\u015f yapt\u0131klar\u0131 di\u011fer eyaletlere y\u0131ll\u0131k raporlar sunmalar\u0131 gerekir. Bu raporlar, \u015firketinizin iyi durumda kalmas\u0131 ve yasalara uygun olmas\u0131 i\u00e7in \u00e7ok \u00f6nemlidir. Y\u0131ll\u0131k Rapor Nedir? Y\u0131ll\u0131k rapor, bir \u015firketin temel bilgilerini, genellikle D\u0131\u015fi\u015fleri Bakanl\u0131\u011f\u0131 veya benzeri bir devlet kurumuyla g\u00fcncellemesi veya do\u011frulamas\u0131 [&hellip;]<\/p>\n","protected":false},"author":1,"featured_media":0,"parent":7650,"menu_order":0,"comment_status":"closed","ping_status":"closed","template":"","meta":{"footnotes":""},"class_list":["post-7664","page","type-page","status-publish","hentry"],"_links":{"self":[{"href":"https:\/\/rancepartners.com\/tr\/wp-json\/wp\/v2\/pages\/7664","targetHints":{"allow":["GET"]}}],"collection":[{"href":"https:\/\/rancepartners.com\/tr\/wp-json\/wp\/v2\/pages"}],"about":[{"href":"https:\/\/rancepartners.com\/tr\/wp-json\/wp\/v2\/types\/page"}],"author":[{"embeddable":true,"href":"https:\/\/rancepartners.com\/tr\/wp-json\/wp\/v2\/users\/1"}],"replies":[{"embeddable":true,"href":"https:\/\/rancepartners.com\/tr\/wp-json\/wp\/v2\/comments?post=7664"}],"version-history":[{"count":13,"href":"https:\/\/rancepartners.com\/tr\/wp-json\/wp\/v2\/pages\/7664\/revisions"}],"predecessor-version":[{"id":8286,"href":"https:\/\/rancepartners.com\/tr\/wp-json\/wp\/v2\/pages\/7664\/revisions\/8286"}],"up":[{"embeddable":true,"href":"https:\/\/rancepartners.com\/tr\/wp-json\/wp\/v2\/pages\/7650"}],"wp:attachment":[{"href":"https:\/\/rancepartners.com\/tr\/wp-json\/wp\/v2\/media?parent=7664"}],"curies":[{"name":"wp","href":"https:\/\/api.w.org\/{rel}","templated":true}]}}