{"id":7662,"date":"2025-08-10T18:35:41","date_gmt":"2025-08-11T01:35:41","guid":{"rendered":"https:\/\/rancepartners.com\/?page_id=7662"},"modified":"2025-09-16T15:12:39","modified_gmt":"2025-09-16T22:12:39","slug":"isletme-izin-ruhsat-islemleri","status":"publish","type":"page","link":"https:\/\/rancepartners.com\/tr\/hizmetler\/sirket-hizmetleri\/isletme-izin-ruhsat-islemleri\/","title":{"rendered":"\u0130\u015fletme \u0130zin &#038; Ruhsat \u0130\u015flemleri"},"content":{"rendered":"\t\t<div data-elementor-type=\"wp-page\" data-elementor-id=\"7662\" class=\"elementor elementor-7662\">\n\t\t\t\t\t\t<section class=\"elementor-section elementor-top-section elementor-element elementor-element-698c479d elementor-section-boxed elementor-section-height-default elementor-section-height-default\" data-id=\"698c479d\" data-element_type=\"section\">\n\t\t\t\t\t\t<div class=\"elementor-container elementor-column-gap-no\">\n\t\t\t\t\t<div class=\"elementor-column elementor-col-100 elementor-top-column elementor-element elementor-element-78ce8118\" data-id=\"78ce8118\" data-element_type=\"column\">\n\t\t\t<div class=\"elementor-widget-wrap elementor-element-populated\">\n\t\t\t\t\t\t<div class=\"elementor-element elementor-element-75771a8f elementor-widget elementor-widget-creote-text-editor-v1\" data-id=\"75771a8f\" data-element_type=\"widget\" data-widget_type=\"creote-text-editor-v1.default\">\n\t\t\t\t<div class=\"elementor-widget-container\">\n\t\t\t\t\t   <div class=\"position-relative\">\r\n        <p><strong><u>ABD'de \u0130\u015f Ruhsatlar\u0131 ve Sat\u0131\u015f \u0130zinleri Nas\u0131l Al\u0131n\u0131r?<\/u><\/strong><\/p><p>ABD'de bir i\u015fletmenin yasal olarak faaliyet g\u00f6stermesi i\u00e7in do\u011fru lisans ve izinlerin al\u0131nmas\u0131 zorunludur. Bu s\u00fcre\u00e7 ve gereklilikler, i\u015fletmenizin t\u00fcr\u00fcne, faaliyetlerine ve konumuna g\u00f6re de\u011fi\u015fiklik g\u00f6sterir.<\/p><p><strong>Ruhsat ve \u0130zin T\u00fcrleri<\/strong><\/p><p>\u0130\u015fletmenizin faaliyet alan\u0131 ve bulundu\u011fu yere ba\u011fl\u0131 olarak \u00fc\u00e7 ana d\u00fczeyde lisans veya izin alman\u0131z gerekebilir:<\/p><ul><li><b>Federal Lisanslar:<\/b> Faaliyetleriniz federal bir kurum taraf\u0131ndan d\u00fczenleniyorsa (\u00f6rne\u011fin, alkol sat\u0131\u015f\u0131, radyo-TV yay\u0131nc\u0131l\u0131\u011f\u0131, tar\u0131m, ate\u015fli silah veya ta\u015f\u0131mac\u0131l\u0131k), federal bir lisans veya izin alman\u0131z gerekir.<\/li><li><b>Eyalet Lisanslar\u0131:<\/b> \u00c7o\u011fu i\u015fletme i\u00e7in gereklidir. \u00d6zellikle vergiye tabi mal veya hizmet sat\u0131yorsan\u0131z, bir <b>sat\u0131\u015f vergisi izni<\/b> alman\u0131z gerekir. Ayr\u0131ca, t\u0131p, hukuk veya s\u0131hhi tesisat gibi belirli meslekler i\u00e7in <b>mesleki lisanslar<\/b> eyaletler taraf\u0131ndan verilir.<\/li><li><b>Yerel Lisanslar:<\/b> Bir\u00e7ok \u015fehir ve il\u00e7e, i\u015fletmelerin genel bir i\u015fletme ruhsat\u0131, imar izni veya sa\u011fl\u0131k izni gibi yerel onaylar\u0131 almas\u0131n\u0131 zorunlu k\u0131lar. Bu gereklilikler b\u00f6lgeden b\u00f6lgeye b\u00fcy\u00fck farkl\u0131l\u0131klar g\u00f6sterir.<\/li><\/ul><p><strong>Sat\u0131\u015f \u0130zni (Sat\u0131c\u0131 \u0130zni\/Sat\u0131\u015f Vergisi \u0130zni)<\/strong><\/p><p>Sat\u0131\u015f vergisi bulunan eyaletlerde vergiye tabi mal veya hizmet sat\u0131\u015f\u0131 yapacak i\u015fletmeler i\u00e7in sat\u0131\u015f izni almak zorunludur. Bu izin, i\u015fletmenizin sat\u0131\u015f vergisini toplamas\u0131n\u0131 ve eyaletin vergi dairesine yat\u0131rmas\u0131n\u0131 sa\u011flar.<\/p><p><strong>Ba\u015fvuru \u0130\u00e7in Ad\u0131m Ad\u0131m K\u0131lavuz<\/strong><\/p><ol><li><p><b>Gereksinimleri Belirleyin:<\/b> \u0130\u015fletmenizin faaliyetlerine ve bulundu\u011fu yere ba\u011fl\u0131 olarak hangi federal, eyalet ve yerel lisans ve izinlere ihtiyac\u0131n\u0131z oldu\u011funu belirleyin.<\/p><\/li><li><p><b>Gerekli Belgeleri Toplay\u0131n:<\/b> Ba\u015fvuru i\u00e7in kimlik bilgileri, i\u015fletme ad\u0131 tescili, i\u015f plan\u0131, kira s\u00f6zle\u015fmeleri ve kurulu\u015f belgeleri (\u015firketler i\u00e7in ana s\u00f6zle\u015fme gibi) gibi gerekli t\u00fcm belgeleri haz\u0131rlay\u0131n.<\/p><\/li><li><p><b>Ba\u015fvurular\u0131 Tamamlay\u0131n:<\/b> Her kurum i\u00e7in gerekli ba\u015fvuru formlar\u0131n\u0131 eksiksiz doldurun. Gecikmeleri \u00f6nlemek i\u00e7in bilgilerin do\u011frulu\u011funu iki kez kontrol edin.<\/p><\/li><li><p><b>\u00dccretleri \u00d6deyin:<\/b> Ba\u015fvuru \u00fccretleri, lisans t\u00fcr\u00fcne, i\u015fletmenin b\u00fcy\u00fckl\u00fc\u011f\u00fcne ve konumuna g\u00f6re de\u011fi\u015fir.<\/p><\/li><li><p><b>Ba\u015fvurular\u0131 G\u00f6nderin:<\/b> Ba\u015fvurular\u0131n\u0131z\u0131 ilgili kurumlara g\u00f6nderin. \u00c7o\u011fu eyalet ve \u015fehirde \u00e7evrimi\u00e7i ba\u015fvuru se\u00e7ene\u011fi bulunurken, baz\u0131lar\u0131 \u015fahsen ba\u015fvuruyu isteyebilir.<\/p><\/li><li><p><b>Uyumlulu\u011fu S\u00fcrd\u00fcr\u00fcn:<\/b> Lisanslar\u0131n ve izinlerin ge\u00e7erlilik tarihlerini takip edin ve gerekti\u011finde yenileyin. Baz\u0131 lisanslar y\u0131ll\u0131k veya periyodik olarak yenileme gerektirir.<\/p><\/li><\/ol><p><strong>Nereden Ba\u015flamal\u0131<\/strong><\/p><ul><li><p><b>Federal:<\/b> Sekt\u00f6r\u00fcn\u00fcze \u00f6zel gereklilikler i\u00e7in ilgili federal kurumun web sitesini ziyaret edin.<\/p><\/li><li><p><b>Eyalet:<\/b> \u0130\u015f ve sat\u0131\u015f vergisi izinleri i\u00e7in eyaletinizin ilgili bakanl\u0131k veya vergi dairesi web sitesini kontrol edin.<\/p><\/li><li><p><b>Yerel:<\/b> Yerel lisans gereklilikleri i\u00e7in il veya il\u00e7e belediyenizle ileti\u015fime ge\u00e7in.<\/p><\/li><\/ul><p><strong>\u00d6zet:<\/strong><br \/>Bir i\u015fletmenin yasalara uygun bir \u015fekilde faaliyet g\u00f6stermesi i\u00e7in do\u011fru <b>lisans ve izinleri<\/b> almas\u0131 zorunludur. Bu s\u00fcre\u00e7, federal, eyalet ve yerel d\u00fczeyde \u00f6zel gereklilikleri ara\u015ft\u0131rmakla ba\u015flar. Gerekli belgeler topland\u0131ktan sonra, ba\u015fvurular tamamlan\u0131r, \u00fccretler \u00f6denir ve ilgili kurumlara iletilir. \u0130\u015fletmenin yasalara uygunlu\u011funu s\u00fcrd\u00fcrmek i\u00e7in al\u0131nan lisans ve izinlerin zaman\u0131nda yenilenmesi b\u00fcy\u00fck \u00f6nem ta\u015f\u0131r.<\/p>    <\/div>\r\n\t\t\t\t<\/div>\n\t\t\t\t<\/div>\n\t\t\t\t\t<\/div>\n\t\t<\/div>\n\t\t\t\t\t<\/div>\n\t\t<\/section>\n\t\t\t\t<\/div>\n\t\t","protected":false},"excerpt":{"rendered":"<p>ABD&#8217;de \u0130\u015f Ruhsatlar\u0131 ve Sat\u0131\u015f \u0130zinleri Nas\u0131l Al\u0131n\u0131r? ABD&#8217;de bir i\u015fletmenin yasal olarak faaliyet g\u00f6stermesi i\u00e7in do\u011fru lisans ve izinlerin al\u0131nmas\u0131 zorunludur. Bu s\u00fcre\u00e7 ve gereklilikler, i\u015fletmenizin t\u00fcr\u00fcne, faaliyetlerine ve konumuna g\u00f6re de\u011fi\u015fiklik g\u00f6sterir. Ruhsat ve \u0130zin T\u00fcrleri \u0130\u015fletmenizin faaliyet alan\u0131 ve bulundu\u011fu yere ba\u011fl\u0131 olarak \u00fc\u00e7 ana d\u00fczeyde lisans veya izin alman\u0131z gerekebilir: Federal [&hellip;]<\/p>\n","protected":false},"author":1,"featured_media":0,"parent":7650,"menu_order":0,"comment_status":"closed","ping_status":"closed","template":"","meta":{"footnotes":""},"class_list":["post-7662","page","type-page","status-publish","hentry"],"_links":{"self":[{"href":"https:\/\/rancepartners.com\/tr\/wp-json\/wp\/v2\/pages\/7662","targetHints":{"allow":["GET"]}}],"collection":[{"href":"https:\/\/rancepartners.com\/tr\/wp-json\/wp\/v2\/pages"}],"about":[{"href":"https:\/\/rancepartners.com\/tr\/wp-json\/wp\/v2\/types\/page"}],"author":[{"embeddable":true,"href":"https:\/\/rancepartners.com\/tr\/wp-json\/wp\/v2\/users\/1"}],"replies":[{"embeddable":true,"href":"https:\/\/rancepartners.com\/tr\/wp-json\/wp\/v2\/comments?post=7662"}],"version-history":[{"count":13,"href":"https:\/\/rancepartners.com\/tr\/wp-json\/wp\/v2\/pages\/7662\/revisions"}],"predecessor-version":[{"id":8282,"href":"https:\/\/rancepartners.com\/tr\/wp-json\/wp\/v2\/pages\/7662\/revisions\/8282"}],"up":[{"embeddable":true,"href":"https:\/\/rancepartners.com\/tr\/wp-json\/wp\/v2\/pages\/7650"}],"wp:attachment":[{"href":"https:\/\/rancepartners.com\/tr\/wp-json\/wp\/v2\/media?parent=7662"}],"curies":[{"name":"wp","href":"https:\/\/api.w.org\/{rel}","templated":true}]}}