{"id":7660,"date":"2025-08-10T18:35:18","date_gmt":"2025-08-11T01:35:18","guid":{"rendered":"https:\/\/rancepartners.com\/?page_id=7660"},"modified":"2025-09-16T14:59:15","modified_gmt":"2025-09-16T21:59:15","slug":"bordro-hizmetleri","status":"publish","type":"page","link":"https:\/\/rancepartners.com\/tr\/hizmetler\/sirket-hizmetleri\/bordro-hizmetleri\/","title":{"rendered":"Bordro Hizmetleri"},"content":{"rendered":"\t\t<div data-elementor-type=\"wp-page\" data-elementor-id=\"7660\" class=\"elementor elementor-7660\">\n\t\t\t\t\t\t<section class=\"elementor-section elementor-top-section elementor-element elementor-element-496f9adc elementor-section-boxed elementor-section-height-default elementor-section-height-default\" data-id=\"496f9adc\" data-element_type=\"section\">\n\t\t\t\t\t\t<div class=\"elementor-container elementor-column-gap-no\">\n\t\t\t\t\t<div class=\"elementor-column elementor-col-100 elementor-top-column elementor-element elementor-element-500165b4\" data-id=\"500165b4\" data-element_type=\"column\">\n\t\t\t<div class=\"elementor-widget-wrap elementor-element-populated\">\n\t\t\t\t\t\t<div class=\"elementor-element elementor-element-24a19c80 elementor-widget elementor-widget-creote-text-editor-v1\" data-id=\"24a19c80\" data-element_type=\"widget\" data-widget_type=\"creote-text-editor-v1.default\">\n\t\t\t\t<div class=\"elementor-widget-container\">\n\t\t\t\t\t   <div class=\"position-relative\">\r\n        <p><strong><u>Bordro Hizmetleri ve \u0130\u015fveren Y\u00fck\u00fcml\u00fcl\u00fckleri<\/u><\/strong><\/p><p><strong>Bordro Hizmetleri Nedir?<\/strong><\/p><p><b>Bordro hizmetleri<\/b>, k\u00fc\u00e7\u00fck i\u015fletmelerin \u00e7al\u0131\u015fanlar\u0131na \u00f6deme yapma s\u00fcrecini ve bu s\u00fcre\u00e7le ilgili vergi ve yasal uyumluluk g\u00f6revlerini kolayla\u015ft\u0131ran \u00e7\u00f6z\u00fcmlerdir. Bu hizmetler genellikle \u00f6zel yaz\u0131l\u0131mlar veya \u00fc\u00e7\u00fcnc\u00fc taraf \u015firketler taraf\u0131ndan sa\u011flan\u0131r ve maa\u015f hesaplamalar\u0131n\u0131, vergi kesintilerini, resmi beyannameleri ve kay\u0131t tutmay\u0131 otomatikle\u015ftirerek basitle\u015ftirir.<\/p><p><strong>Bordro hizmetlerinin temel i\u015flevleri \u015funlard\u0131r:<\/strong><\/p><ul><li><p><b>Maa\u015f Hesaplamalar\u0131:<\/b> \u00c7al\u0131\u015fanlar\u0131n \u00e7al\u0131\u015fma saatlerine g\u00f6re br\u00fct \u00fccretlerini ve vergiler, sosyal yard\u0131mlar ve di\u011fer kesintileri do\u011fru \u015fekilde hesaplar.<\/p><\/li><li><p><b>\u00d6deme Y\u00f6netimi:<\/b> Maa\u015f \u00e7eklerini haz\u0131rlar veya \u00e7al\u0131\u015fanlar\u0131n banka hesaplar\u0131na do\u011frudan para yat\u0131rma i\u015flemlerini ger\u00e7ekle\u015ftirir.<\/p><\/li><li><p><b>Vergi \u00d6demeleri:<\/b> Federal, eyalet ve yerel vergi dairelerine yap\u0131lmas\u0131 gereken stopaj ve bordro vergilerini \u00f6der.<\/p><\/li><li><p><b>Vergi Beyannameleri:<\/b> Gerekli t\u00fcm bordro vergi raporlar\u0131n\u0131 (\u00fc\u00e7 ayl\u0131k ve y\u0131ll\u0131k) haz\u0131rlay\u0131p ilgili makamlara sunar.<\/p><\/li><li><p><b>Form Haz\u0131rl\u0131\u011f\u0131:<\/b> Y\u0131l sonunda \u00e7al\u0131\u015fanlar i\u00e7in <b>W-2<\/b> ve serbest \u00e7al\u0131\u015fanlar i\u00e7in <b>1099<\/b> gibi zorunlu formlar\u0131 olu\u015fturur ve teslim eder.<\/p><\/li><li><p><b>Yeni \u0130\u015fe Al\u0131m Raporlamas\u0131:<\/b> Yeni i\u015fe al\u0131nan \u00e7al\u0131\u015fanlar\u0131n yasal gerekliliklere uygun olarak ilgili kurumlara bildirilmesini sa\u011flar.<\/p><\/li><li><p><b>\u00c7al\u0131\u015fan Portal\u0131:<\/b> \u00c7al\u0131\u015fanlar\u0131n maa\u015f bordrolar\u0131na ve ki\u015fisel bilgilerine kolayca eri\u015febilecekleri self-servis portallar sunar.<\/p><\/li><\/ul><p><strong>\u0130\u015fveren Bordro Y\u00fck\u00fcml\u00fcl\u00fckleri<\/strong><\/p><p>Bir i\u015fveren olarak, bordro y\u00f6netimiyle ilgili yerine getirmeniz gereken \u00f6nemli yasal sorumluluklar vard\u0131r:<\/p><ul><li><p><b>Vergi Dairelerine Kay\u0131t Olun:<\/b> IRS'ten <b>\u0130\u015fveren Kimlik Numaras\u0131 (EIN)<\/b> al\u0131n ve gereken durumlarda eyalet makamlar\u0131na da kaydolun.<\/p><\/li><li><p><b>\u00c7al\u0131\u015fan Bilgilerini Toplay\u0131n:<\/b> \u00c7al\u0131\u015fanlar\u0131n\u0131zdan vergi kesintisi i\u00e7in <b>W-4<\/b> formlar\u0131n\u0131 ve di\u011fer ki\u015fisel bilgilerini al\u0131n.<\/p><\/li><li><p><b>\u00d6deme Takvimi Belirleyin:<\/b> Eyalet yasalar\u0131na uygun olarak maa\u015f \u00f6deme d\u00f6nemlerinizi (haftal\u0131k, iki haftal\u0131k, ayl\u0131k vb.) kararla\u015ft\u0131r\u0131n.<\/p><\/li><li><p><b>Vergileri Hesaplay\u0131n ve Yat\u0131r\u0131n:<\/b> Maa\u015flar\u0131 do\u011fru bir \u015fekilde hesaplay\u0131n ve kesilen vergileri zaman\u0131nda ilgili kurumlara g\u00f6nderin.<\/p><\/li><li><p><b>Vergi Beyannamelerini Yap\u0131n:<\/b> Cezalardan ka\u00e7\u0131nmak i\u00e7in gerekli t\u00fcm bordro vergi formlar\u0131n\u0131 ve raporlar\u0131n\u0131 zaman\u0131nda g\u00f6nderin.<\/p><\/li><li><p><b>Maa\u015f Bordrolar\u0131n\u0131 Verin:<\/b> \u00c7al\u0131\u015fanlar\u0131n\u0131za, eyalet yasalar\u0131n\u0131n gerektirdi\u011fi \u015fekilde, maa\u015f bordrolar\u0131n\u0131 d\u00fczenli olarak iletin.<\/p><\/li><li><p><b>Kay\u0131t Tutma:<\/b> Yasalara uyumluluk ve vergi raporlama i\u00e7in ayr\u0131nt\u0131l\u0131 bordro kay\u0131tlar\u0131n\u0131 tutun.<\/p><\/li><li><p><b>\u0130\u015f Yasalar\u0131na Uyun:<\/b> \u00dccret ve mesai saatleri, fazla mesai kurallar\u0131 ve di\u011fer t\u00fcm istihdam d\u00fczenlemelerine harfiyen uyun.<\/p><\/li><\/ul><p><strong>Bordro Hizmetlerini Kullanman\u0131n Faydalar\u0131<\/strong><\/p><ul><li><p><b>Do\u011fruluk ve Yasal Uyum:<\/b> Hesaplamalar\u0131n ve yasal beyannamelerin do\u011fru ve zaman\u0131nda yap\u0131lmas\u0131n\u0131 sa\u011flar, bu da hatalar\u0131 ve maliyetli cezalar\u0131 \u00f6nler.<\/p><\/li><li><p><b>Zaman Tasarrufu:<\/b> Bordro i\u015flemlerini otomatikle\u015ftirerek i\u015fletme sahiplerine ve \u0130K personeline zaman kazand\u0131r\u0131r, b\u00f6ylece daha stratejik i\u015flere odaklanabilirler.<\/p><\/li><li><p><b>\u00c7al\u0131\u015fan Memnuniyeti:<\/b> \u00c7al\u0131\u015fanlar\u0131n maa\u015flar\u0131n\u0131 zaman\u0131nda ve do\u011fru almas\u0131n\u0131 sa\u011flar, bu da onlar\u0131n memnuniyetini art\u0131r\u0131r.<\/p><\/li><li><p><b>\u00d6l\u00e7eklenebilirlik:<\/b> \u0130\u015fletmeniz b\u00fcy\u00fcd\u00fck\u00e7e ve \u00e7al\u0131\u015fan say\u0131n\u0131z artt\u0131k\u00e7a, bordro hizmetleri bu karma\u015f\u0131kl\u0131\u011f\u0131 kolayca y\u00f6netebilir ve i\u015f y\u00fck\u00fcn\u00fcz\u00fc hafifletebilir.<\/p><\/li><\/ul><p>\u00a0<\/p>    <\/div>\r\n\t\t\t\t<\/div>\n\t\t\t\t<\/div>\n\t\t\t\t\t<\/div>\n\t\t<\/div>\n\t\t\t\t\t<\/div>\n\t\t<\/section>\n\t\t\t\t<\/div>\n\t\t","protected":false},"excerpt":{"rendered":"<p>Bordro Hizmetleri ve \u0130\u015fveren Y\u00fck\u00fcml\u00fcl\u00fckleri Bordro Hizmetleri Nedir? Bordro hizmetleri, k\u00fc\u00e7\u00fck i\u015fletmelerin \u00e7al\u0131\u015fanlar\u0131na \u00f6deme yapma s\u00fcrecini ve bu s\u00fcre\u00e7le ilgili vergi ve yasal uyumluluk g\u00f6revlerini kolayla\u015ft\u0131ran \u00e7\u00f6z\u00fcmlerdir. Bu hizmetler genellikle \u00f6zel yaz\u0131l\u0131mlar veya \u00fc\u00e7\u00fcnc\u00fc taraf \u015firketler taraf\u0131ndan sa\u011flan\u0131r ve maa\u015f hesaplamalar\u0131n\u0131, vergi kesintilerini, resmi beyannameleri ve kay\u0131t tutmay\u0131 otomatikle\u015ftirerek basitle\u015ftirir. Bordro hizmetlerinin temel i\u015flevleri \u015funlard\u0131r: [&hellip;]<\/p>\n","protected":false},"author":1,"featured_media":0,"parent":7650,"menu_order":0,"comment_status":"closed","ping_status":"closed","template":"","meta":{"footnotes":""},"class_list":["post-7660","page","type-page","status-publish","hentry"],"_links":{"self":[{"href":"https:\/\/rancepartners.com\/tr\/wp-json\/wp\/v2\/pages\/7660","targetHints":{"allow":["GET"]}}],"collection":[{"href":"https:\/\/rancepartners.com\/tr\/wp-json\/wp\/v2\/pages"}],"about":[{"href":"https:\/\/rancepartners.com\/tr\/wp-json\/wp\/v2\/types\/page"}],"author":[{"embeddable":true,"href":"https:\/\/rancepartners.com\/tr\/wp-json\/wp\/v2\/users\/1"}],"replies":[{"embeddable":true,"href":"https:\/\/rancepartners.com\/tr\/wp-json\/wp\/v2\/comments?post=7660"}],"version-history":[{"count":13,"href":"https:\/\/rancepartners.com\/tr\/wp-json\/wp\/v2\/pages\/7660\/revisions"}],"predecessor-version":[{"id":8278,"href":"https:\/\/rancepartners.com\/tr\/wp-json\/wp\/v2\/pages\/7660\/revisions\/8278"}],"up":[{"embeddable":true,"href":"https:\/\/rancepartners.com\/tr\/wp-json\/wp\/v2\/pages\/7650"}],"wp:attachment":[{"href":"https:\/\/rancepartners.com\/tr\/wp-json\/wp\/v2\/media?parent=7660"}],"curies":[{"name":"wp","href":"https:\/\/api.w.org\/{rel}","templated":true}]}}