{"id":7658,"date":"2025-08-10T18:34:59","date_gmt":"2025-08-11T01:34:59","guid":{"rendered":"https:\/\/rancepartners.com\/?page_id=7658"},"modified":"2025-09-16T14:44:43","modified_gmt":"2025-09-16T21:44:43","slug":"muhasebe","status":"publish","type":"page","link":"https:\/\/rancepartners.com\/tr\/hizmetler\/sirket-hizmetleri\/muhasebe\/","title":{"rendered":"Muhasebe"},"content":{"rendered":"\t\t<div data-elementor-type=\"wp-page\" data-elementor-id=\"7658\" class=\"elementor elementor-7658\">\n\t\t\t\t\t\t<section class=\"elementor-section elementor-top-section elementor-element elementor-element-3143559b elementor-section-boxed elementor-section-height-default elementor-section-height-default\" data-id=\"3143559b\" data-element_type=\"section\">\n\t\t\t\t\t\t<div class=\"elementor-container elementor-column-gap-no\">\n\t\t\t\t\t<div class=\"elementor-column elementor-col-100 elementor-top-column elementor-element elementor-element-f770da0\" data-id=\"f770da0\" data-element_type=\"column\">\n\t\t\t<div class=\"elementor-widget-wrap elementor-element-populated\">\n\t\t\t\t\t\t<div class=\"elementor-element elementor-element-69c9d7ae elementor-widget elementor-widget-creote-text-editor-v1\" data-id=\"69c9d7ae\" data-element_type=\"widget\" data-widget_type=\"creote-text-editor-v1.default\">\n\t\t\t\t<div class=\"elementor-widget-container\">\n\t\t\t\t\t   <div class=\"position-relative\">\r\n        <p><strong><u>K\u00fc\u00e7\u00fck \u0130\u015fletmeler i\u00e7in Defter Tutma Hizmeti Nedir?<\/u><\/strong><\/p><p><b>Defter tutma hizmeti<\/b>, bir i\u015fletmenin t\u00fcm finansal i\u015flemlerinin sistematik olarak kaydedilmesini, d\u00fczenlenmesini ve takip edilmesini kapsar. Bu hizmeti sunan muhasebeciler, i\u015fletmelerin mali durumunu do\u011fru, g\u00fcncel ve yasalara uygun tutmak i\u00e7in g\u00fcnl\u00fck finansal operasyonlar\u0131 y\u00f6netir. Bu, gelir ve giderlerin, faturalar\u0131n, maa\u015f \u00f6demelerinin ve di\u011fer t\u00fcm finansal i\u015flemlerin eksiksiz ve do\u011fru bir \u015fekilde kaydedilmesini sa\u011flar.<\/p><p><strong>Temel Defter Tutma G\u00f6revleri<\/strong><\/p><ul><li><p><b>\u0130\u015flemlerin Kaydedilmesi:<\/b> T\u00fcm i\u015fletme gelir ve giderleri muhasebe sistemine d\u00fczenli olarak i\u015flenir.<\/p><\/li><li><p><b>Banka Mutabakat\u0131:<\/b> Kaydedilen i\u015flemler, banka ve kredi kart\u0131 ekstreleriyle kar\u015f\u0131la\u015ft\u0131r\u0131larak herhangi bir tutars\u0131zl\u0131k olup olmad\u0131\u011f\u0131 kontrol edilir.<\/p><\/li><li><p><b>Bor\u00e7 ve Alacak Hesaplar\u0131:<\/b> \u00d6denmesi gereken faturalar (bor\u00e7 hesaplar\u0131) ve i\u015fletmeye bor\u00e7lu olunan paralar (alacak hesaplar\u0131) y\u00f6netilir.<\/p><\/li><li><p><b>Bordro \u0130\u015flemleri:<\/b> \u00c7al\u0131\u015fan maa\u015flar\u0131 ve ilgili vergilerin hesaplanmas\u0131 ve \u00f6denmesi sa\u011flan\u0131r.<\/p><\/li><li><p><b>Finansal Raporlama:<\/b> \u0130\u015fletmenin mali durumu hakk\u0131nda bilgi edinmek i\u00e7in <b>gelir tablolar\u0131<\/b> ve <b>bilan\u00e7olar<\/b> gibi raporlar haz\u0131rlan\u0131r.<\/p><\/li><li><p><b>Yasal Uyumluluk:<\/b> Kay\u0131tlar\u0131n mevzuat ve vergi gerekliliklerine uygun oldu\u011fu garanti edilir, b\u00f6ylece denetimlere ve vergi ba\u015fvurular\u0131na haz\u0131rl\u0131kl\u0131 olunur.<\/p><\/li><li><p><b>Ayl\u0131k Kapan\u0131\u015f:<\/b> Her ay\u0131n sonunda defterler g\u00f6zden ge\u00e7irilerek bir sonraki d\u00f6neme haz\u0131r hale getirilir.<\/p><\/li><\/ul><p><strong>Defter Tutma Hizmetleri Neden \u00d6nemlidir?<\/strong><\/p><ul><li><p><b>Do\u011fru Karar Verme:<\/b> Do\u011fru finansal veriler, i\u015fletme sahiplerinin bilin\u00e7li kararlar almas\u0131n\u0131 ve etkili bir \u015fekilde planlama yapmas\u0131n\u0131 sa\u011flar.<\/p><\/li><li><p><b>Nakit Ak\u0131\u015f\u0131 Y\u00f6netimi:<\/b> Paran\u0131n nereden geldi\u011fini ve nereye harcand\u0131\u011f\u0131n\u0131 izlemeye yard\u0131mc\u0131 olarak daha iyi bir b\u00fct\u00e7e olu\u015fturulmas\u0131n\u0131 ve finansal sa\u011fl\u0131\u011f\u0131n korunmas\u0131n\u0131 destekler.<\/p><\/li><li><p><b>Vergi Haz\u0131rl\u0131\u011f\u0131:<\/b> D\u00fczenli tutulan kay\u0131tlar, vergi beyannamelerinin sorunsuz ve hatas\u0131z bir \u015fekilde haz\u0131rlanmas\u0131n\u0131 sa\u011flar, bu da olas\u0131 cezalardan ka\u00e7\u0131nmaya yard\u0131mc\u0131 olur.<\/p><\/li><li><p><b>Mevzuata Uygunluk:<\/b> \u0130\u015fletmenin, kay\u0131t tutma ve raporlama ile ilgili t\u00fcm yasal gereklilikleri yerine getirmesini garantiler.<\/p><\/li><li><p><b>B\u00fcy\u00fcmeyi Destekleme:<\/b> Sa\u011flam bir finansal altyap\u0131, i\u015fletmenin b\u00fcy\u00fcmesi ve finansman bulmas\u0131 i\u00e7in temel olu\u015fturur.<\/p><\/li><\/ul><p><strong>Defter Tutma Hizmetleri Nas\u0131l Sunulur?<\/strong><\/p><ul><li><p><b>\u015eirket \u0130\u00e7i Muhasebeci:<\/b> \u0130\u015fletmenin kendi b\u00fcnyesinde tam zamanl\u0131 veya yar\u0131 zamanl\u0131 olarak \u00e7al\u0131\u015fan bir personeldir.<\/p><\/li><li><p><b>D\u0131\u015f Kaynakl\u0131 Defter Tutma Firmas\u0131:<\/b> Genellikle uzaktan (sanal olarak) \u00e7al\u0131\u015fan ve i\u015fletmenizin finansal kay\u0131tlar\u0131n\u0131 y\u00f6neten profesyonel bir \u015firkettir.<\/p><\/li><li><p><b>Yaz\u0131l\u0131m Tabanl\u0131 \u00c7\u00f6z\u00fcmler:<\/b> Otomatik veri giri\u015fi ve raporlama sunan platformlard\u0131r. Bu \u00e7\u00f6z\u00fcmler, insan g\u00f6zetimiyle birle\u015ftirilerek daha etkili bir hale getirilebilir.<\/p><\/li><\/ul><p>Sonu\u00e7 olarak, defter tutma, her k\u00fc\u00e7\u00fck i\u015fletme i\u00e7in finansal istikrar ve b\u00fcy\u00fcme sa\u011flamak ad\u0131na hayati bir \u00f6neme sahiptir.<\/p>    <\/div>\r\n\t\t\t\t<\/div>\n\t\t\t\t<\/div>\n\t\t\t\t\t<\/div>\n\t\t<\/div>\n\t\t\t\t\t<\/div>\n\t\t<\/section>\n\t\t\t\t<\/div>\n\t\t","protected":false},"excerpt":{"rendered":"<p>K\u00fc\u00e7\u00fck \u0130\u015fletmeler i\u00e7in Defter Tutma Hizmeti Nedir? Defter tutma hizmeti, bir i\u015fletmenin t\u00fcm finansal i\u015flemlerinin sistematik olarak kaydedilmesini, d\u00fczenlenmesini ve takip edilmesini kapsar. Bu hizmeti sunan muhasebeciler, i\u015fletmelerin mali durumunu do\u011fru, g\u00fcncel ve yasalara uygun tutmak i\u00e7in g\u00fcnl\u00fck finansal operasyonlar\u0131 y\u00f6netir. Bu, gelir ve giderlerin, faturalar\u0131n, maa\u015f \u00f6demelerinin ve di\u011fer t\u00fcm finansal i\u015flemlerin eksiksiz ve [&hellip;]<\/p>\n","protected":false},"author":1,"featured_media":0,"parent":7650,"menu_order":0,"comment_status":"closed","ping_status":"closed","template":"","meta":{"footnotes":""},"class_list":["post-7658","page","type-page","status-publish","hentry"],"_links":{"self":[{"href":"https:\/\/rancepartners.com\/tr\/wp-json\/wp\/v2\/pages\/7658","targetHints":{"allow":["GET"]}}],"collection":[{"href":"https:\/\/rancepartners.com\/tr\/wp-json\/wp\/v2\/pages"}],"about":[{"href":"https:\/\/rancepartners.com\/tr\/wp-json\/wp\/v2\/types\/page"}],"author":[{"embeddable":true,"href":"https:\/\/rancepartners.com\/tr\/wp-json\/wp\/v2\/users\/1"}],"replies":[{"embeddable":true,"href":"https:\/\/rancepartners.com\/tr\/wp-json\/wp\/v2\/comments?post=7658"}],"version-history":[{"count":13,"href":"https:\/\/rancepartners.com\/tr\/wp-json\/wp\/v2\/pages\/7658\/revisions"}],"predecessor-version":[{"id":8274,"href":"https:\/\/rancepartners.com\/tr\/wp-json\/wp\/v2\/pages\/7658\/revisions\/8274"}],"up":[{"embeddable":true,"href":"https:\/\/rancepartners.com\/tr\/wp-json\/wp\/v2\/pages\/7650"}],"wp:attachment":[{"href":"https:\/\/rancepartners.com\/tr\/wp-json\/wp\/v2\/media?parent=7658"}],"curies":[{"name":"wp","href":"https:\/\/api.w.org\/{rel}","templated":true}]}}