{"id":7654,"date":"2025-08-10T18:33:08","date_gmt":"2025-08-11T01:33:08","guid":{"rendered":"https:\/\/rancepartners.com\/?page_id=7654"},"modified":"2025-10-17T12:57:17","modified_gmt":"2025-10-17T19:57:17","slug":"danismanlik-hizmetleri","status":"publish","type":"page","link":"https:\/\/rancepartners.com\/tr\/hizmetler\/danismanlik-hizmetleri\/","title":{"rendered":"Dan\u0131\u015fmanl\u0131k Hizmetleri"},"content":{"rendered":"\t\t<div data-elementor-type=\"wp-page\" data-elementor-id=\"7654\" class=\"elementor elementor-7654\">\n\t\t\t\t<div class=\"elementor-element elementor-element-dc4e0a0 e-flex e-con-boxed e-con e-parent\" data-id=\"dc4e0a0\" data-element_type=\"container\">\n\t\t\t\t\t<div class=\"e-con-inner\">\n\t\t\t\t<div class=\"elementor-element elementor-element-3edd24d elementor-widget elementor-widget-creote-iconbox-v1\" data-id=\"3edd24d\" data-element_type=\"widget\" data-widget_type=\"creote-iconbox-v1.default\">\n\t\t\t\t<div class=\"elementor-widget-container\">\n\t\t\t\t\t<div class=\"icon_box_all style_seven\" \r\n     \r\n        data-aos=\"fade-up\" data-aos-delay=\"0\" data-aos-offset=\"0\" \r\n    >\r\n\r\n            <div class=\"icon_content\">\r\n                            <div class=\"icon\">\r\n                    <span class=\"fa fa-angle-right\"><\/span>\r\n                <\/div>\r\n                        <div class=\"text_box\">\r\n                                  <h2 class=\"icontitle\">\r\n                                              <a href=\"\/tr\/hizmetler\/danismanlik-hizmetleri\/e-2-yatirimci-vizesi\/\"  target=&quot;_blank&quot;  rel=&quot;nofollow&quot;>\r\n                                E-2 Yat\u0131r\u0131mc\u0131 Vizesi                            <\/a>\r\n                                                <\/h2>\r\n                                            <\/div>\r\n        <\/div>\r\n\r\n    <\/div>\r\n\t\t\t\t<\/div>\n\t\t\t\t<\/div>\n\t\t\t\t<div class=\"elementor-element elementor-element-097abdd elementor-widget elementor-widget-creote-iconbox-v1\" data-id=\"097abdd\" data-element_type=\"widget\" data-widget_type=\"creote-iconbox-v1.default\">\n\t\t\t\t<div class=\"elementor-widget-container\">\n\t\t\t\t\t<div class=\"icon_box_all style_seven\" \r\n     \r\n        data-aos=\"fade-up\" data-aos-delay=\"0\" data-aos-offset=\"0\" \r\n    >\r\n\r\n            <div class=\"icon_content\">\r\n                            <div class=\"icon\">\r\n                    <span class=\"fa fa-angle-right\"><\/span>\r\n                <\/div>\r\n                        <div class=\"text_box\">\r\n                                  <h2 class=\"icontitle\">\r\n                                              <a href=\"\/tr\/hizmetler\/danismanlik-hizmetleri\/arastirma-hizmetleri\/\"  target=&quot;_blank&quot;  rel=&quot;nofollow&quot;>\r\n                                Ara\u015ft\u0131rma Hizmetleri                            <\/a>\r\n                                                <\/h2>\r\n                                            <\/div>\r\n        <\/div>\r\n\r\n    <\/div>\r\n\t\t\t\t<\/div>\n\t\t\t\t<\/div>\n\t\t\t\t<div class=\"elementor-element elementor-element-b715f90 elementor-widget elementor-widget-creote-iconbox-v1\" data-id=\"b715f90\" data-element_type=\"widget\" data-widget_type=\"creote-iconbox-v1.default\">\n\t\t\t\t<div class=\"elementor-widget-container\">\n\t\t\t\t\t<div class=\"icon_box_all style_seven\" \r\n     \r\n        data-aos=\"fade-up\" data-aos-delay=\"0\" data-aos-offset=\"0\" \r\n    >\r\n\r\n            <div class=\"icon_content\">\r\n                            <div class=\"icon\">\r\n                    <span class=\"fa fa-angle-right\"><\/span>\r\n                <\/div>\r\n                        <div class=\"text_box\">\r\n                                  <h2 class=\"icontitle\">\r\n                                              <a href=\"\/tr\/hizmetler\/danismanlik-hizmetleri\/finansman-danismanligi\/\"  target=&quot;_blank&quot;  rel=&quot;nofollow&quot;>\r\n                                Finansman Dan\u0131\u015fmanl\u0131\u011f\u0131                            <\/a>\r\n                                                <\/h2>\r\n                                            <\/div>\r\n        <\/div>\r\n\r\n    <\/div>\r\n\t\t\t\t<\/div>\n\t\t\t\t<\/div>\n\t\t\t\t<div class=\"elementor-element elementor-element-fbc72f8 elementor-widget elementor-widget-creote-iconbox-v1\" data-id=\"fbc72f8\" data-element_type=\"widget\" data-widget_type=\"creote-iconbox-v1.default\">\n\t\t\t\t<div class=\"elementor-widget-container\">\n\t\t\t\t\t<div class=\"icon_box_all style_seven\" \r\n     \r\n        data-aos=\"fade-up\" data-aos-delay=\"0\" data-aos-offset=\"0\" \r\n    >\r\n\r\n            <div class=\"icon_content\">\r\n                            <div class=\"icon\">\r\n                    <span class=\"fa fa-angle-right\"><\/span>\r\n                <\/div>\r\n                        <div class=\"text_box\">\r\n                                  <h2 class=\"icontitle\">\r\n                                              <a href=\"\/tr\/hizmetler\/vergi-hizmetleri\/finansal-planlama\/\"  target=&quot;_blank&quot;  rel=&quot;nofollow&quot;>\r\n                                Finansal Planlama                            <\/a>\r\n                                                <\/h2>\r\n                                            <\/div>\r\n        <\/div>\r\n\r\n    <\/div>\r\n\t\t\t\t<\/div>\n\t\t\t\t<\/div>\n\t\t\t\t\t<\/div>\n\t\t\t\t<\/div>\n\t\t\t\t<\/div>\n\t\t","protected":false},"excerpt":{"rendered":"<p>E-2 Yat\u0131r\u0131mc\u0131 Vizesi Ara\u015ft\u0131rma Hizmetleri Finansman Dan\u0131\u015fmanl\u0131\u011f\u0131 Finansal Planlama<\/p>\n","protected":false},"author":1,"featured_media":0,"parent":7648,"menu_order":0,"comment_status":"closed","ping_status":"closed","template":"template-fullwidth.php","meta":{"footnotes":""},"class_list":["post-7654","page","type-page","status-publish","hentry"],"_links":{"self":[{"href":"https:\/\/rancepartners.com\/tr\/wp-json\/wp\/v2\/pages\/7654","targetHints":{"allow":["GET"]}}],"collection":[{"href":"https:\/\/rancepartners.com\/tr\/wp-json\/wp\/v2\/pages"}],"about":[{"href":"https:\/\/rancepartners.com\/tr\/wp-json\/wp\/v2\/types\/page"}],"author":[{"embeddable":true,"href":"https:\/\/rancepartners.com\/tr\/wp-json\/wp\/v2\/users\/1"}],"replies":[{"embeddable":true,"href":"https:\/\/rancepartners.com\/tr\/wp-json\/wp\/v2\/comments?post=7654"}],"version-history":[{"count":7,"href":"https:\/\/rancepartners.com\/tr\/wp-json\/wp\/v2\/pages\/7654\/revisions"}],"predecessor-version":[{"id":8429,"href":"https:\/\/rancepartners.com\/tr\/wp-json\/wp\/v2\/pages\/7654\/revisions\/8429"}],"up":[{"embeddable":true,"href":"https:\/\/rancepartners.com\/tr\/wp-json\/wp\/v2\/pages\/7648"}],"wp:attachment":[{"href":"https:\/\/rancepartners.com\/tr\/wp-json\/wp\/v2\/media?parent=7654"}],"curies":[{"name":"wp","href":"https:\/\/api.w.org\/{rel}","templated":true}]}}