{"id":7652,"date":"2025-08-10T18:32:45","date_gmt":"2025-08-11T01:32:45","guid":{"rendered":"https:\/\/rancepartners.com\/?page_id=7652"},"modified":"2025-10-17T12:57:19","modified_gmt":"2025-10-17T19:57:19","slug":"vergi-hizmetleri","status":"publish","type":"page","link":"https:\/\/rancepartners.com\/tr\/hizmetler\/vergi-hizmetleri\/","title":{"rendered":"Vergi Hizmetleri"},"content":{"rendered":"\t\t<div data-elementor-type=\"wp-page\" data-elementor-id=\"7652\" class=\"elementor elementor-7652\">\n\t\t\t\t<div class=\"elementor-element elementor-element-4129e9e e-flex e-con-boxed e-con e-parent\" data-id=\"4129e9e\" data-element_type=\"container\">\n\t\t\t\t\t<div class=\"e-con-inner\">\n\t\t\t\t<div class=\"elementor-element elementor-element-e76ffc3 elementor-widget elementor-widget-creote-iconbox-v1\" data-id=\"e76ffc3\" data-element_type=\"widget\" data-widget_type=\"creote-iconbox-v1.default\">\n\t\t\t\t<div class=\"elementor-widget-container\">\n\t\t\t\t\t<div class=\"icon_box_all style_seven\" \r\n     \r\n        data-aos=\"fade-up\" data-aos-delay=\"0\" data-aos-offset=\"0\" \r\n    >\r\n\r\n            <div class=\"icon_content\">\r\n                            <div class=\"icon\">\r\n                    <span class=\"fa fa-angle-right\"><\/span>\r\n                <\/div>\r\n                        <div class=\"text_box\">\r\n                                  <h2 class=\"icontitle\">\r\n                                              <a href=\"\/tr\/hizmetler\/vergi-hizmetleri\/bireysel-vergi-islemleri\/\"  target=&quot;_blank&quot;  rel=&quot;nofollow&quot;>\r\n                                Bireysel Vergi \u0130\u015flemleri                            <\/a>\r\n                                                <\/h2>\r\n                                            <\/div>\r\n        <\/div>\r\n\r\n    <\/div>\r\n\t\t\t\t<\/div>\n\t\t\t\t<\/div>\n\t\t\t\t<div class=\"elementor-element elementor-element-76c6cfa elementor-widget elementor-widget-creote-iconbox-v1\" data-id=\"76c6cfa\" data-element_type=\"widget\" data-widget_type=\"creote-iconbox-v1.default\">\n\t\t\t\t<div class=\"elementor-widget-container\">\n\t\t\t\t\t<div class=\"icon_box_all style_seven\" \r\n     \r\n        data-aos=\"fade-up\" data-aos-delay=\"0\" data-aos-offset=\"0\" \r\n    >\r\n\r\n            <div class=\"icon_content\">\r\n                            <div class=\"icon\">\r\n                    <span class=\"fa fa-angle-right\"><\/span>\r\n                <\/div>\r\n                        <div class=\"text_box\">\r\n                                  <h2 class=\"icontitle\">\r\n                                              <a href=\"\/tr\/hizmetler\/vergi-hizmetleri\/sirket-vergi-islemleri\/\"  target=&quot;_blank&quot;  rel=&quot;nofollow&quot;>\r\n                                \u015eirket Vergi \u0130\u015flemleri                            <\/a>\r\n                                                <\/h2>\r\n                                            <\/div>\r\n        <\/div>\r\n\r\n    <\/div>\r\n\t\t\t\t<\/div>\n\t\t\t\t<\/div>\n\t\t\t\t<div class=\"elementor-element elementor-element-27fd3b6 elementor-widget elementor-widget-creote-iconbox-v1\" data-id=\"27fd3b6\" data-element_type=\"widget\" data-widget_type=\"creote-iconbox-v1.default\">\n\t\t\t\t<div class=\"elementor-widget-container\">\n\t\t\t\t\t<div class=\"icon_box_all style_seven\" \r\n     \r\n        data-aos=\"fade-up\" data-aos-delay=\"0\" data-aos-offset=\"0\" \r\n    >\r\n\r\n            <div class=\"icon_content\">\r\n                            <div class=\"icon\">\r\n                    <span class=\"fa fa-angle-right\"><\/span>\r\n                <\/div>\r\n                        <div class=\"text_box\">\r\n                                  <h2 class=\"icontitle\">\r\n                                              <a href=\"\/tr\/hizmetler\/vergi-hizmetleri\/uluslararasi-vergilendirme\/\"  target=&quot;_blank&quot;  rel=&quot;nofollow&quot;>\r\n                                Uluslararas\u0131 Vergilendirme                            <\/a>\r\n                                                <\/h2>\r\n                                            <\/div>\r\n        <\/div>\r\n\r\n    <\/div>\r\n\t\t\t\t<\/div>\n\t\t\t\t<\/div>\n\t\t\t\t<div class=\"elementor-element elementor-element-943ecfc elementor-widget elementor-widget-creote-iconbox-v1\" data-id=\"943ecfc\" data-element_type=\"widget\" data-widget_type=\"creote-iconbox-v1.default\">\n\t\t\t\t<div class=\"elementor-widget-container\">\n\t\t\t\t\t<div class=\"icon_box_all style_seven\" \r\n     \r\n        data-aos=\"fade-up\" data-aos-delay=\"0\" data-aos-offset=\"0\" \r\n    >\r\n\r\n            <div class=\"icon_content\">\r\n                            <div class=\"icon\">\r\n                    <span class=\"fa fa-angle-right\"><\/span>\r\n                <\/div>\r\n                        <div class=\"text_box\">\r\n                                  <h2 class=\"icontitle\">\r\n                                              <a href=\"\/tr\/hizmetler\/vergi-hizmetleri\/eyalet-yerel-vergiler\/\"  target=&quot;_blank&quot;  rel=&quot;nofollow&quot;>\r\n                                Eyalet &amp; Yerel Vergiler                            <\/a>\r\n                                                <\/h2>\r\n                                            <\/div>\r\n        <\/div>\r\n\r\n    <\/div>\r\n\t\t\t\t<\/div>\n\t\t\t\t<\/div>\n\t\t\t\t<div class=\"elementor-element elementor-element-ca57b6e elementor-widget elementor-widget-creote-iconbox-v1\" data-id=\"ca57b6e\" data-element_type=\"widget\" data-widget_type=\"creote-iconbox-v1.default\">\n\t\t\t\t<div class=\"elementor-widget-container\">\n\t\t\t\t\t<div class=\"icon_box_all style_seven\" \r\n     \r\n        data-aos=\"fade-up\" data-aos-delay=\"0\" data-aos-offset=\"0\" \r\n    >\r\n\r\n            <div class=\"icon_content\">\r\n                            <div class=\"icon\">\r\n                    <span class=\"fa fa-angle-right\"><\/span>\r\n                <\/div>\r\n                        <div class=\"text_box\">\r\n                                  <h2 class=\"icontitle\">\r\n                                              <a href=\"\/tr\/hizmetler\/vergi-hizmetleri\/fbar-fatca\/\"  target=&quot;_blank&quot;  rel=&quot;nofollow&quot;>\r\n                                FBAR &amp; FATCA                            <\/a>\r\n                                                <\/h2>\r\n                                            <\/div>\r\n        <\/div>\r\n\r\n    <\/div>\r\n\t\t\t\t<\/div>\n\t\t\t\t<\/div>\n\t\t\t\t<div class=\"elementor-element elementor-element-e48b103 elementor-widget elementor-widget-creote-iconbox-v1\" data-id=\"e48b103\" data-element_type=\"widget\" data-widget_type=\"creote-iconbox-v1.default\">\n\t\t\t\t<div class=\"elementor-widget-container\">\n\t\t\t\t\t<div class=\"icon_box_all style_seven\" \r\n     \r\n        data-aos=\"fade-up\" data-aos-delay=\"0\" data-aos-offset=\"0\" \r\n    >\r\n\r\n            <div class=\"icon_content\">\r\n                            <div class=\"icon\">\r\n                    <span class=\"fa fa-angle-right\"><\/span>\r\n                <\/div>\r\n                        <div class=\"text_box\">\r\n                                  <h2 class=\"icontitle\">\r\n                                              <a href=\"\/tr\/hizmetler\/vergi-hizmetleri\/itin-basvurusu\/\"  target=&quot;_blank&quot;  rel=&quot;nofollow&quot;>\r\n                                ITIN Ba\u015fvurusu                            <\/a>\r\n                                                <\/h2>\r\n                                            <\/div>\r\n        <\/div>\r\n\r\n    <\/div>\r\n\t\t\t\t<\/div>\n\t\t\t\t<\/div>\n\t\t\t\t\t<\/div>\n\t\t\t\t<\/div>\n\t\t\t\t<\/div>\n\t\t","protected":false},"excerpt":{"rendered":"<p>Bireysel Vergi \u0130\u015flemleri \u015eirket Vergi \u0130\u015flemleri Uluslararas\u0131 Vergilendirme Eyalet &amp; Yerel Vergiler FBAR &amp; FATCA ITIN Ba\u015fvurusu<\/p>\n","protected":false},"author":1,"featured_media":0,"parent":7648,"menu_order":0,"comment_status":"closed","ping_status":"closed","template":"template-fullwidth.php","meta":{"footnotes":""},"class_list":["post-7652","page","type-page","status-publish","hentry"],"_links":{"self":[{"href":"https:\/\/rancepartners.com\/tr\/wp-json\/wp\/v2\/pages\/7652","targetHints":{"allow":["GET"]}}],"collection":[{"href":"https:\/\/rancepartners.com\/tr\/wp-json\/wp\/v2\/pages"}],"about":[{"href":"https:\/\/rancepartners.com\/tr\/wp-json\/wp\/v2\/types\/page"}],"author":[{"embeddable":true,"href":"https:\/\/rancepartners.com\/tr\/wp-json\/wp\/v2\/users\/1"}],"replies":[{"embeddable":true,"href":"https:\/\/rancepartners.com\/tr\/wp-json\/wp\/v2\/comments?post=7652"}],"version-history":[{"count":10,"href":"https:\/\/rancepartners.com\/tr\/wp-json\/wp\/v2\/pages\/7652\/revisions"}],"predecessor-version":[{"id":8432,"href":"https:\/\/rancepartners.com\/tr\/wp-json\/wp\/v2\/pages\/7652\/revisions\/8432"}],"up":[{"embeddable":true,"href":"https:\/\/rancepartners.com\/tr\/wp-json\/wp\/v2\/pages\/7648"}],"wp:attachment":[{"href":"https:\/\/rancepartners.com\/tr\/wp-json\/wp\/v2\/media?parent=7652"}],"curies":[{"name":"wp","href":"https:\/\/api.w.org\/{rel}","templated":true}]}}