{"id":7650,"date":"2025-08-10T18:32:22","date_gmt":"2025-08-11T01:32:22","guid":{"rendered":"https:\/\/rancepartners.com\/?page_id=7650"},"modified":"2025-10-17T12:41:43","modified_gmt":"2025-10-17T19:41:43","slug":"sirket-hizmetleri","status":"publish","type":"page","link":"https:\/\/rancepartners.com\/tr\/hizmetler\/sirket-hizmetleri\/","title":{"rendered":"\u015eirket Hizmetleri"},"content":{"rendered":"\t\t<div data-elementor-type=\"wp-page\" data-elementor-id=\"7650\" class=\"elementor elementor-7650\">\n\t\t\t\t<div class=\"elementor-element elementor-element-bc113b1 e-flex e-con-boxed e-con e-parent\" data-id=\"bc113b1\" data-element_type=\"container\">\n\t\t\t\t\t<div class=\"e-con-inner\">\n\t\t\t\t<div class=\"elementor-element elementor-element-0a558d1 elementor-widget elementor-widget-creote-iconbox-v1\" data-id=\"0a558d1\" data-element_type=\"widget\" data-widget_type=\"creote-iconbox-v1.default\">\n\t\t\t\t<div class=\"elementor-widget-container\">\n\t\t\t\t\t<div class=\"icon_box_all style_seven\" \r\n     \r\n        data-aos=\"fade-up\" data-aos-delay=\"0\" data-aos-offset=\"0\" \r\n    >\r\n\r\n            <div class=\"icon_content\">\r\n                            <div class=\"icon\">\r\n                    <span class=\"fa fa-angle-right\"><\/span>\r\n                <\/div>\r\n                        <div class=\"text_box\">\r\n                                  <h2 class=\"icontitle\">\r\n                                              <a href=\"\/tr\/hizmetler\/sirket-hizmetleri\/sirket-kurulusu\/\"  target=&quot;_blank&quot;  rel=&quot;nofollow&quot;>\r\n                                \u015eirket Kurulu\u015fu                            <\/a>\r\n                                                <\/h2>\r\n                                            <\/div>\r\n        <\/div>\r\n\r\n    <\/div>\r\n\t\t\t\t<\/div>\n\t\t\t\t<\/div>\n\t\t\t\t<div class=\"elementor-element elementor-element-55cfbdc elementor-widget elementor-widget-creote-iconbox-v1\" data-id=\"55cfbdc\" data-element_type=\"widget\" data-widget_type=\"creote-iconbox-v1.default\">\n\t\t\t\t<div class=\"elementor-widget-container\">\n\t\t\t\t\t<div class=\"icon_box_all style_seven\" \r\n     \r\n        data-aos=\"fade-up\" data-aos-delay=\"0\" data-aos-offset=\"0\" \r\n    >\r\n\r\n            <div class=\"icon_content\">\r\n                            <div class=\"icon\">\r\n                    <span class=\"fa fa-angle-right\"><\/span>\r\n                <\/div>\r\n                        <div class=\"text_box\">\r\n                                  <h2 class=\"icontitle\">\r\n                                              <a href=\"\/tr\/hizmetler\/sirket-hizmetleri\/muhasebe\/\"  target=&quot;_blank&quot;  rel=&quot;nofollow&quot;>\r\n                                Muhasebe                            <\/a>\r\n                                                <\/h2>\r\n                                            <\/div>\r\n        <\/div>\r\n\r\n    <\/div>\r\n\t\t\t\t<\/div>\n\t\t\t\t<\/div>\n\t\t\t\t<div class=\"elementor-element elementor-element-7000465 elementor-widget elementor-widget-creote-iconbox-v1\" data-id=\"7000465\" data-element_type=\"widget\" data-widget_type=\"creote-iconbox-v1.default\">\n\t\t\t\t<div class=\"elementor-widget-container\">\n\t\t\t\t\t<div class=\"icon_box_all style_seven\" \r\n     \r\n        data-aos=\"fade-up\" data-aos-delay=\"0\" data-aos-offset=\"0\" \r\n    >\r\n\r\n            <div class=\"icon_content\">\r\n                            <div class=\"icon\">\r\n                    <span class=\"fa fa-angle-right\"><\/span>\r\n                <\/div>\r\n                        <div class=\"text_box\">\r\n                                  <h2 class=\"icontitle\">\r\n                                              <a href=\"\/tr\/hizmetler\/sirket-hizmetleri\/bordro-hizmetleri\/\"  target=&quot;_blank&quot;  rel=&quot;nofollow&quot;>\r\n                                Bordro Hizmetleri                            <\/a>\r\n                                                <\/h2>\r\n                                            <\/div>\r\n        <\/div>\r\n\r\n    <\/div>\r\n\t\t\t\t<\/div>\n\t\t\t\t<\/div>\n\t\t\t\t<div class=\"elementor-element elementor-element-507a30e elementor-widget elementor-widget-creote-iconbox-v1\" data-id=\"507a30e\" data-element_type=\"widget\" data-widget_type=\"creote-iconbox-v1.default\">\n\t\t\t\t<div class=\"elementor-widget-container\">\n\t\t\t\t\t<div class=\"icon_box_all style_seven\" \r\n     \r\n        data-aos=\"fade-up\" data-aos-delay=\"0\" data-aos-offset=\"0\" \r\n    >\r\n\r\n            <div class=\"icon_content\">\r\n                            <div class=\"icon\">\r\n                    <span class=\"fa fa-angle-right\"><\/span>\r\n                <\/div>\r\n                        <div class=\"text_box\">\r\n                                  <h2 class=\"icontitle\">\r\n                                              <a href=\"\/tr\/hizmetler\/sirket-hizmetleri\/isletme-izin-ruhsat-islemleri\/\"  target=&quot;_blank&quot;  rel=&quot;nofollow&quot;>\r\n                                \u0130\u015fletme \u0130zin &amp; Ruhsat \u0130\u015flemleri                            <\/a>\r\n                                                <\/h2>\r\n                                            <\/div>\r\n        <\/div>\r\n\r\n    <\/div>\r\n\t\t\t\t<\/div>\n\t\t\t\t<\/div>\n\t\t\t\t<div class=\"elementor-element elementor-element-a3b8470 elementor-widget elementor-widget-creote-iconbox-v1\" data-id=\"a3b8470\" data-element_type=\"widget\" data-widget_type=\"creote-iconbox-v1.default\">\n\t\t\t\t<div class=\"elementor-widget-container\">\n\t\t\t\t\t<div class=\"icon_box_all style_seven\" \r\n     \r\n        data-aos=\"fade-up\" data-aos-delay=\"0\" data-aos-offset=\"0\" \r\n    >\r\n\r\n            <div class=\"icon_content\">\r\n                            <div class=\"icon\">\r\n                    <span class=\"fa fa-angle-right\"><\/span>\r\n                <\/div>\r\n                        <div class=\"text_box\">\r\n                                  <h2 class=\"icontitle\">\r\n                                              <a href=\"\/tr\/hizmetler\/sirket-hizmetleri\/yillik-raporlama\/\"  target=&quot;_blank&quot;  rel=&quot;nofollow&quot;>\r\n                                Y\u0131ll\u0131k Raporlama                            <\/a>\r\n                                                <\/h2>\r\n                                            <\/div>\r\n        <\/div>\r\n\r\n    <\/div>\r\n\t\t\t\t<\/div>\n\t\t\t\t<\/div>\n\t\t\t\t\t<\/div>\n\t\t\t\t<\/div>\n\t\t\t\t<\/div>\n\t\t","protected":false},"excerpt":{"rendered":"<p>\u015eirket Kurulu\u015fu Muhasebe Bordro Hizmetleri \u0130\u015fletme \u0130zin &amp; Ruhsat \u0130\u015flemleri Y\u0131ll\u0131k Raporlama<\/p>\n","protected":false},"author":1,"featured_media":0,"parent":7648,"menu_order":0,"comment_status":"closed","ping_status":"closed","template":"template-fullwidth.php","meta":{"footnotes":""},"class_list":["post-7650","page","type-page","status-publish","hentry"],"_links":{"self":[{"href":"https:\/\/rancepartners.com\/tr\/wp-json\/wp\/v2\/pages\/7650","targetHints":{"allow":["GET"]}}],"collection":[{"href":"https:\/\/rancepartners.com\/tr\/wp-json\/wp\/v2\/pages"}],"about":[{"href":"https:\/\/rancepartners.com\/tr\/wp-json\/wp\/v2\/types\/page"}],"author":[{"embeddable":true,"href":"https:\/\/rancepartners.com\/tr\/wp-json\/wp\/v2\/users\/1"}],"replies":[{"embeddable":true,"href":"https:\/\/rancepartners.com\/tr\/wp-json\/wp\/v2\/comments?post=7650"}],"version-history":[{"count":4,"href":"https:\/\/rancepartners.com\/tr\/wp-json\/wp\/v2\/pages\/7650\/revisions"}],"predecessor-version":[{"id":8397,"href":"https:\/\/rancepartners.com\/tr\/wp-json\/wp\/v2\/pages\/7650\/revisions\/8397"}],"up":[{"embeddable":true,"href":"https:\/\/rancepartners.com\/tr\/wp-json\/wp\/v2\/pages\/7648"}],"wp:attachment":[{"href":"https:\/\/rancepartners.com\/tr\/wp-json\/wp\/v2\/media?parent=7650"}],"curies":[{"name":"wp","href":"https:\/\/api.w.org\/{rel}","templated":true}]}}