{"id":7521,"date":"2025-08-10T18:27:35","date_gmt":"2025-08-11T01:27:35","guid":{"rendered":"https:\/\/rancepartners.com\/?page_id=7521"},"modified":"2025-09-07T15:59:08","modified_gmt":"2025-09-07T22:59:08","slug":"gorusme-planlayin","status":"publish","type":"page","link":"https:\/\/rancepartners.com\/tr\/gorusme-planlayin\/","title":{"rendered":"G\u00f6r\u00fc\u015fme planlay\u0131n"},"content":{"rendered":"<div class=\"consultation-container\">\n<div class=\"consultation-content\">\n<div class=\"consultation-image\"><\/div>\n<div class=\"consultation-text\">\n<h2><\/h2>\n<h2 style=\"text-align: left; padding-left: 40px;\">Dan\u0131\u015fmanl\u0131k Randevunuzu Al\u0131n<\/h2>\n<p style=\"text-align: left; padding-left: 40px;\">\u0130ster yeni bir giri\u015fime ba\u015fl\u0131yor olun, ister mevcut i\u015finizi optimize etmeyi hedefleyin, uzman dan\u0131\u015fmanlar\u0131m\u0131z her ad\u0131mda size rehberlik etmek i\u00e7in burada.<br data-start=\"249\" data-end=\"252\" \/>Ki\u015fiselle\u015ftirilmi\u015f bir dan\u0131\u015fmanl\u0131k seans\u0131 planlay\u0131n ve b\u00fcy\u00fcme yolunda bir sonraki ad\u0131m\u0131 at\u0131n.<\/p>\n<p style=\"text-align: left; padding-left: 40px;\"><a class=\"book-btn\" href=\"https:\/\/booking.setmore.com\/scheduleappointment\/c4fd08b3-9fb0-45ef-b316-99e410603a40?lang=English\" target=\"_blank\" rel=\"noopener\"><br \/>\n<strong>\ud83d\ude80 Hemen Randevu Al<\/strong><br \/>\n<\/a><\/p>\n<\/div>\n<\/div>\n<div class=\"consultation-footer\" style=\"text-align: left; padding-left: 40px;\">\n<p style=\"padding-left: 40px;\"><em>\u00a9 2025 R&amp;C Business Consulting \u2013 T\u00fcm Haklar\u0131 Sakl\u0131d\u0131r<\/em><\/p>\n<\/div>\n<\/div>\n","protected":false},"excerpt":{"rendered":"<p>Dan\u0131\u015fmanl\u0131k Randevunuzu Al\u0131n \u0130ster yeni bir giri\u015fime ba\u015fl\u0131yor olun, ister mevcut i\u015finizi optimize etmeyi hedefleyin, uzman dan\u0131\u015fmanlar\u0131m\u0131z her ad\u0131mda size rehberlik etmek i\u00e7in burada.Ki\u015fiselle\u015ftirilmi\u015f bir dan\u0131\u015fmanl\u0131k seans\u0131 planlay\u0131n ve b\u00fcy\u00fcme yolunda bir sonraki ad\u0131m\u0131 at\u0131n. \ud83d\ude80 Hemen Randevu Al \u00a9 2025 R&amp;C Business Consulting \u2013 T\u00fcm Haklar\u0131 Sakl\u0131d\u0131r<\/p>\n","protected":false},"author":1,"featured_media":0,"parent":0,"menu_order":0,"comment_status":"closed","ping_status":"closed","template":"","meta":{"footnotes":""},"class_list":["post-7521","page","type-page","status-publish","hentry"],"_links":{"self":[{"href":"https:\/\/rancepartners.com\/tr\/wp-json\/wp\/v2\/pages\/7521","targetHints":{"allow":["GET"]}}],"collection":[{"href":"https:\/\/rancepartners.com\/tr\/wp-json\/wp\/v2\/pages"}],"about":[{"href":"https:\/\/rancepartners.com\/tr\/wp-json\/wp\/v2\/types\/page"}],"author":[{"embeddable":true,"href":"https:\/\/rancepartners.com\/tr\/wp-json\/wp\/v2\/users\/1"}],"replies":[{"embeddable":true,"href":"https:\/\/rancepartners.com\/tr\/wp-json\/wp\/v2\/comments?post=7521"}],"version-history":[{"count":4,"href":"https:\/\/rancepartners.com\/tr\/wp-json\/wp\/v2\/pages\/7521\/revisions"}],"predecessor-version":[{"id":8226,"href":"https:\/\/rancepartners.com\/tr\/wp-json\/wp\/v2\/pages\/7521\/revisions\/8226"}],"wp:attachment":[{"href":"https:\/\/rancepartners.com\/tr\/wp-json\/wp\/v2\/media?parent=7521"}],"curies":[{"name":"wp","href":"https:\/\/api.w.org\/{rel}","templated":true}]}}