{"id":7511,"date":"2025-07-23T15:02:47","date_gmt":"2025-07-23T12:02:47","guid":{"rendered":"https:\/\/rancepartners.com\/?page_id=7511"},"modified":"2025-08-20T02:31:48","modified_gmt":"2025-08-19T23:31:48","slug":"kullanim-kosullari","status":"publish","type":"page","link":"https:\/\/rancepartners.com\/tr\/kullanim-kosullari\/","title":{"rendered":"Kullan\u0131m Ko\u015fullar\u0131"},"content":{"rendered":"\t\t<div data-elementor-type=\"wp-page\" data-elementor-id=\"7511\" class=\"elementor elementor-7511\">\n\t\t\t\t<div class=\"elementor-element elementor-element-3f426688 e-flex e-con-boxed e-con e-parent\" data-id=\"3f426688\" data-element_type=\"container\">\n\t\t\t\t\t<div class=\"e-con-inner\">\n\t\t\t\t<div class=\"elementor-element elementor-element-153b93c8 elementor-widget elementor-widget-creote-text-editor-v1\" data-id=\"153b93c8\" data-element_type=\"widget\" data-widget_type=\"creote-text-editor-v1.default\">\n\t\t\t\t<div class=\"elementor-widget-container\">\n\t\t\t\t\t   <div class=\"position-relative\">\r\n        <p><strong>Kullan\u0131m Ko\u015fullar\u0131 Y\u00fcr\u00fcrl\u00fck Tarihi: <\/strong>07\/01\/2025<\/p><p><strong>Randall &amp; Cevik Partners LLC<\/strong><strong> (\"\u015eirket\", \"biz\", \"bize\" veya \"bizim\") <\/strong>sizi www.rancepartners.com'a (\"Web Sitesi\") davet etmektedir. Web Sitemize eri\u015ferek veya Web Sitemizi kullanarak, bu <strong>Kullan\u0131m Ko\u015fullar\u0131na <\/strong>(\"Ko\u015fullar\") uymay\u0131 ve bunlara ba\u011fl\u0131 kalmay\u0131 kabul etmi\u015f olursunuz. Bu \u015eartlar\u0131 kabul etmiyorsan\u0131z, l\u00fctfen Web Sitemizi kullanmay\u0131n.<\/p><ol><li><strong> \u015eartlar\u0131n Kabul Edilmesi<\/strong><\/li><\/ol><p>Bu Web Sitesini kullanarak, bu Kullan\u0131m Ko\u015fullar\u0131n\u0131 okudu\u011funuzu, anlad\u0131\u011f\u0131n\u0131z\u0131 ve bunlara uymay\u0131 kabul etti\u011finizi onaylam\u0131\u015f olursunuz. Bu \u015eartlar\u0131 zaman zaman g\u00fcncelleyebiliriz ve Web Sitesini kullanmaya devam etmeniz, de\u011fi\u015fiklikleri kabul etti\u011finiz anlam\u0131na gelir.<\/p><ol start=\"2\"><li><strong> Web Sitesinin Kullan\u0131m\u0131<\/strong><\/li><\/ol><p>Web Sitesini yaln\u0131zca yasal ama\u00e7larla ve bu Ko\u015fullara uygun olarak kullanmay\u0131 kabul edersiniz. \u015eunlar\u0131 yapamazs\u0131n\u0131z:<\/p><ul><li>Web Sitesini y\u00fcr\u00fcrl\u00fckteki yasalar\u0131 veya d\u00fczenlemeleri ihlal edecek \u015fekilde kullanmak.<\/li><li>Hileli, aldat\u0131c\u0131 veya yan\u0131lt\u0131c\u0131 uygulamalarda bulunmak.<\/li><li>Web Sitesinin g\u00fcvenli\u011fine veya performans\u0131na m\u00fcdahale etmeye, hacklemeye veya bozmaya te\u015febb\u00fcs etmek.<\/li><li>Web Sitesine eri\u015fmek veya Web Sitesi ile etkile\u015fimde bulunmak i\u00e7in otomatik sistemler (botlar veya komut dosyalar\u0131 gibi) kullanmak.<\/li><li>Vir\u00fcsler ve k\u00f6t\u00fc ama\u00e7l\u0131 yaz\u0131l\u0131mlar dahil olmak \u00fczere herhangi bir zararl\u0131 veya k\u00f6t\u00fc ama\u00e7l\u0131 i\u00e7eri\u011fi y\u00fcklemek, iletmek veya da\u011f\u0131tmak.<\/li><\/ul><ol start=\"3\"><li><strong> Fikri M\u00fclkiyet Haklar\u0131<\/strong><\/li><\/ol><p>Metin, grafik, logo, resim ve yaz\u0131l\u0131m dahil olmak \u00fczere bu Web Sitesindeki t\u00fcm i\u00e7erik, <strong>bize <\/strong>veya lisans verenlerine aittir ve telif hakk\u0131, ticari marka ve fikri m\u00fclkiyet yasalar\u0131 ile korunmaktad\u0131r. \u00d6nceden yaz\u0131l\u0131 izin al\u0131nmaks\u0131z\u0131n herhangi bir i\u00e7eri\u011fin izinsiz kullan\u0131m\u0131, \u00e7o\u011falt\u0131lmas\u0131 veya da\u011f\u0131t\u0131lmas\u0131 kesinlikle yasakt\u0131r.<\/p><ol start=\"4\"><li><strong> Garantilerin Reddi<\/strong><\/li><\/ol><p>Web Sitesi ve i\u00e7eri\u011fi \"oldu\u011fu gibi\" ve \"mevcut oldu\u011fu gibi\" esas\u0131na g\u00f6re sa\u011flanmaktad\u0131r. <strong>Randall &amp; Cevik Partners LLC<\/strong>, Web Sitesi ile ilgili olarak, bunlarla s\u0131n\u0131rl\u0131 olmamak \u00fczere, a\u00e7\u0131k veya z\u0131mni hi\u00e7bir garanti vermez:<\/p><ul><li>Herhangi bir i\u00e7eri\u011fin do\u011frulu\u011fu, g\u00fcvenilirli\u011fi veya eksiksizli\u011fi.<\/li><li>Web Sitesinin kesintisiz veya hatas\u0131z \u00e7al\u0131\u015fmas\u0131.<\/li><li>Web sitesinin vir\u00fcs veya zararl\u0131 bile\u015fenlerden ar\u0131nd\u0131r\u0131lm\u0131\u015f olmas\u0131.<\/li><\/ul><p>Yasalar\u0131n izin verdi\u011fi en geni\u015f \u00f6l\u00e7\u00fcde, z\u0131mni sat\u0131labilirlik ve belirli bir amaca uygunluk garantileri de dahil olmak \u00fczere, a\u00e7\u0131k veya z\u0131mni t\u00fcm garantileri reddederiz.<\/p><ol start=\"5\"><li><strong> Sorumlulu\u011fun S\u0131n\u0131rland\u0131r\u0131lmas\u0131<\/strong><\/li><\/ol><p>Yasalar\u0131n izin verdi\u011fi en geni\u015f \u00f6l\u00e7\u00fcde, <strong>Randall &amp; Cevik Partners LLC<\/strong>, Web Sitesini kullan\u0131m\u0131n\u0131zdan kaynaklanan veya bununla ilgili olarak ortaya \u00e7\u0131kan, bunlarla s\u0131n\u0131rl\u0131 olmamak \u00fczere, herhangi bir zarardan sorumlu olmayacakt\u0131r:<\/p><ul><li>Do\u011frudan, dolayl\u0131, ar\u0131zi, sonu\u00e7 olarak ortaya \u00e7\u0131kan veya cezai zararlar.<\/li><li>K\u00e2r, gelir veya i\u015f f\u0131rsatlar\u0131n\u0131n kayb\u0131.<\/li><li>G\u00fcvenlik ihlalleri nedeniyle veri kayb\u0131 veya yetkisiz eri\u015fim.<\/li><\/ul><p>Web Sitesi ile ilgili memnuniyetsizli\u011finiz i\u00e7in tek \u00e7\u00f6z\u00fcm yolunuz Web Sitesini kullanmay\u0131 b\u0131rakmakt\u0131r.<\/p><ol start=\"6\"><li><strong> \u00dc\u00e7\u00fcnc\u00fc Taraf Ba\u011flant\u0131lar\u0131<\/strong><\/li><\/ol><p>Web Sitemiz bilgilendirme amac\u0131yla \u00fc\u00e7\u00fcnc\u00fc taraf web sitelerine ba\u011flant\u0131lar i\u00e7erebilir. Bu \u00fc\u00e7\u00fcnc\u00fc taraf sitelerinin i\u00e7eri\u011fini, gizlilik politikalar\u0131n\u0131 veya uygulamalar\u0131n\u0131 onaylam\u0131yor, kontrol etmiyor veya sorumluluk kabul etmiyoruz. Bunlar\u0131 kullanma riski size aittir.<\/p><ol start=\"7\"><li><strong> Gizlilik Politikas\u0131<\/strong><\/li><\/ol><p>Web Sitesini kullan\u0131m\u0131n\u0131z, ki\u015fisel bilgilerinizi nas\u0131l toplad\u0131\u011f\u0131m\u0131z\u0131, kulland\u0131\u011f\u0131m\u0131z\u0131 ve korudu\u011fumuzu \u00f6zetleyen <a href=\"https:\/\/www.safewaytax.com\/privacy-policy\">Gizlilik Politikam\u0131z <\/a>taraf\u0131ndan da y\u00f6netilmektedir.<\/p><ol start=\"8\"><li><strong> Kullan\u0131m\u0131n Sonland\u0131r\u0131lmas\u0131<\/strong><\/li><\/ol><p>Bu Ko\u015fullar\u0131 ihlal etmeniz veya yasaklanm\u0131\u015f davran\u0131\u015flarda bulunman\u0131z halinde, tamamen kendi takdirimize ba\u011fl\u0131 olarak, bildirimde bulunmaks\u0131z\u0131n Web Sitesine eri\u015fiminizi ask\u0131ya alma veya sona erdirme hakk\u0131m\u0131z\u0131 sakl\u0131 tutar\u0131z.<\/p><ol start=\"9\"><li><strong> Tazminat<\/strong><\/li><\/ol><p><strong>Randall &amp; Cevik Partners LLC'<\/strong>yi, yetkililerini, \u00e7al\u0131\u015fanlar\u0131n\u0131, acentelerini ve ba\u011fl\u0131 kurulu\u015flar\u0131n\u0131, a\u015fa\u011f\u0131dakilerden kaynaklanan her t\u00fcrl\u00fc iddia, y\u00fck\u00fcml\u00fcl\u00fck, zarar, kay\u0131p ve harcamaya kar\u015f\u0131 tazmin etmeyi, savunmay\u0131 ve zarars\u0131z tutmay\u0131 kabul edersiniz:<\/p><ul><li>Web Sitesini kullanman\u0131z veya k\u00f6t\u00fcye kullanman\u0131z.<\/li><li>Bu Ko\u015fullar\u0131 ihlal etmeniz.<\/li><li>Herhangi bir \u00fc\u00e7\u00fcnc\u00fc taraf\u0131n haklar\u0131n\u0131 ihlal etmeniz.<\/li><\/ul><ol start=\"10\"><li><strong> Ge\u00e7erli Hukuk ve Uyu\u015fmazl\u0131k \u00c7\u00f6z\u00fcm\u00fc<\/strong><\/li><\/ol><p>Bu Ko\u015fullar, kanunlar ihtilaf\u0131 ilkelerine bak\u0131lmaks\u0131z\u0131n <strong>Kaliforniya Eyaleti <\/strong>kanunlar\u0131na tabidir. Bu Ko\u015fullardan kaynaklanan t\u00fcm anla\u015fmazl\u0131klar <strong>Orange County, CA<\/strong>'da ba\u011flay\u0131c\u0131 tahkim yoluyla \u00e7\u00f6z\u00fclecektir.<\/p><ol start=\"11\"><li><strong> Bu \u015eartlarda Yap\u0131lan De\u011fi\u015fiklikler<\/strong><\/li><\/ol><p>Bu Ko\u015fullar\u0131 zaman zaman g\u00fcncelleyebiliriz. Herhangi bir de\u011fi\u015fiklik, Web Sitesinde yay\u0131nland\u0131ktan hemen sonra y\u00fcr\u00fcrl\u00fc\u011fe girecektir. Bu \u015eartlar\u0131 periyodik olarak g\u00f6zden ge\u00e7irmek sizin sorumlulu\u011funuzdad\u0131r.<\/p>    <\/div>\r\n\t\t\t\t<\/div>\n\t\t\t\t<\/div>\n\t\t\t\t\t<\/div>\n\t\t\t\t<\/div>\n\t\t\t\t<\/div>\n\t\t","protected":false},"excerpt":{"rendered":"<p>Kullan\u0131m Ko\u015fullar\u0131 Y\u00fcr\u00fcrl\u00fck Tarihi: 07\/01\/2025 Randall &amp; Cevik Partners LLC (&#8220;\u015eirket&#8221;, &#8220;biz&#8221;, &#8220;bize&#8221; veya &#8220;bizim&#8221;) sizi www.rancepartners.com&#8217;a (&#8220;Web Sitesi&#8221;) davet etmektedir. Web Sitemize eri\u015ferek veya Web Sitemizi kullanarak, bu Kullan\u0131m Ko\u015fullar\u0131na (&#8220;Ko\u015fullar&#8221;) uymay\u0131 ve bunlara ba\u011fl\u0131 kalmay\u0131 kabul etmi\u015f olursunuz. Bu \u015eartlar\u0131 kabul etmiyorsan\u0131z, l\u00fctfen Web Sitemizi kullanmay\u0131n. \u015eartlar\u0131n Kabul Edilmesi Bu Web Sitesini kullanarak, [&hellip;]<\/p>\n","protected":false},"author":1,"featured_media":0,"parent":0,"menu_order":0,"comment_status":"closed","ping_status":"closed","template":"template-fullwidth.php","meta":{"footnotes":""},"class_list":["post-7511","page","type-page","status-publish","hentry"],"_links":{"self":[{"href":"https:\/\/rancepartners.com\/tr\/wp-json\/wp\/v2\/pages\/7511","targetHints":{"allow":["GET"]}}],"collection":[{"href":"https:\/\/rancepartners.com\/tr\/wp-json\/wp\/v2\/pages"}],"about":[{"href":"https:\/\/rancepartners.com\/tr\/wp-json\/wp\/v2\/types\/page"}],"author":[{"embeddable":true,"href":"https:\/\/rancepartners.com\/tr\/wp-json\/wp\/v2\/users\/1"}],"replies":[{"embeddable":true,"href":"https:\/\/rancepartners.com\/tr\/wp-json\/wp\/v2\/comments?post=7511"}],"version-history":[{"count":8,"href":"https:\/\/rancepartners.com\/tr\/wp-json\/wp\/v2\/pages\/7511\/revisions"}],"predecessor-version":[{"id":8179,"href":"https:\/\/rancepartners.com\/tr\/wp-json\/wp\/v2\/pages\/7511\/revisions\/8179"}],"wp:attachment":[{"href":"https:\/\/rancepartners.com\/tr\/wp-json\/wp\/v2\/media?parent=7511"}],"curies":[{"name":"wp","href":"https:\/\/api.w.org\/{rel}","templated":true}]}}