{"id":7504,"date":"2025-07-23T15:05:36","date_gmt":"2025-07-23T12:05:36","guid":{"rendered":"https:\/\/rancepartners.com\/?page_id=7504"},"modified":"2025-08-10T18:29:07","modified_gmt":"2025-08-10T15:29:07","slug":"gizlilik-politikasi","status":"publish","type":"page","link":"https:\/\/rancepartners.com\/tr\/gizlilik-politikasi\/","title":{"rendered":"Gizlilik Politikas\u0131"},"content":{"rendered":"\t\t<div data-elementor-type=\"wp-page\" data-elementor-id=\"7504\" class=\"elementor elementor-7504\">\n\t\t\t\t<div class=\"elementor-element elementor-element-8bef6e5 e-flex e-con-boxed e-con e-parent\" data-id=\"8bef6e5\" data-element_type=\"container\">\n\t\t\t\t\t<div class=\"e-con-inner\">\n\t\t\t\t<div class=\"elementor-element elementor-element-1bdd4c6d elementor-widget elementor-widget-creote-text-editor-v1\" data-id=\"1bdd4c6d\" data-element_type=\"widget\" data-widget_type=\"creote-text-editor-v1.default\">\n\t\t\t\t<div class=\"elementor-widget-container\">\n\t\t\t\t\t   <div class=\"position-relative\">\r\n        <p><strong>Gizlilik<\/strong><\/p><p><strong>Eri\u015filebilirlik Beyan\u0131<\/strong><\/p><p>Engelliler de dahil olmak \u00fczere t\u00fcm kullan\u0131c\u0131lar i\u00e7in eri\u015filebilirli\u011fi ve web eri\u015filebilirli\u011fi yasalar\u0131na uyumu sa\u011flamay\u0131 taahh\u00fct ediyoruz. D\u00fczenli olarak eri\u015filebilirlik denetimleri ger\u00e7ekle\u015ftiriyor ve bu web sitesinin eri\u015filebilirli\u011fini optimize etmek i\u00e7in geri bildirimleri memnuniyetle kar\u015f\u0131l\u0131yoruz. Bu web sitesine eri\u015fimde herhangi bir sorunla kar\u015f\u0131la\u015f\u0131rsan\u0131z, l\u00fctfen telefon veya e-posta yoluyla bize ula\u015fmaktan \u00e7ekinmeyin. \u0130htiya\u00e7 duydu\u011funuz bilgileri alternatif ileti\u015fim y\u00f6ntemleri (\u00f6rne\u011fin, telefon veya e-posta) yoluyla sa\u011flayarak size yard\u0131mc\u0131 olmay\u0131 taahh\u00fct ediyoruz.<\/p><p><strong>Kurulu\u015fumuz ve Web Sitemiz Hakk\u0131nda Bilgiler<\/strong><\/p><p>Modern bilgi ve ileti\u015fim teknolojileri kurulu\u015fumuzun faaliyetlerinde temel bir rol oynamaktad\u0131r. Bu gizlilik politikas\u0131 kurulu\u015fumuzun Web sitesini kapsamaktad\u0131r.<\/p><p><strong>Ziyaret\u00e7ilere Anonim Eri\u015fim Sa\u011flama<\/strong><\/p><p>Web sitemizin ana sayfas\u0131na eri\u015febilir ve ki\u015fisel verilerinizi if\u015fa etmeden sitemizde gezinebilirsiniz.<\/p><p><strong>Web sitemizin hizmetleri ve ba\u011flant\u0131lar\u0131<\/strong><\/p><p>Web sitemiz, ziyaret\u00e7ilerimizin di\u011fer ziyaret\u00e7ilerle ileti\u015fim kurmas\u0131na veya ba\u015fkalar\u0131 taraf\u0131ndan eri\u015filebilecek bilgileri yay\u0131nlamas\u0131na olanak sa\u011flamaz. Web sitemiz \u00fc\u00e7\u00fcnc\u00fc taraf bir Web hizmeti sa\u011flay\u0131c\u0131s\u0131na ba\u011flant\u0131 i\u00e7erir. Bu t\u00fcr \u00fc\u00e7\u00fcnc\u00fc taraf Web hizmeti sa\u011flay\u0131c\u0131lar\u0131 ziyaret\u00e7ilerimiz hakk\u0131nda ki\u015fisel veriler toplayabilir.<\/p><p><strong>Web sitemizin hizmetleri ve ba\u011flant\u0131lar\u0131<\/strong><\/p><p>Ki\u015fisel verileri programlama gibi yollarla otomatik olarak kaydederiz veya bu t\u00fcr yollarla otomatik olarak kaydedilen bilgileri belirli ki\u015filer hakk\u0131ndaki ki\u015fisel verilerle ili\u015fkilendiririz. Bunu a\u015fa\u011f\u0131daki ama\u00e7lar i\u00e7in yap\u0131yoruz:<\/p><ul><li>Web sitesinin teknik y\u00f6netimi<\/li><li>Toplu Web Sitesi Trafik Analizi<\/li><li>M\u00fc\u015fteri Taleplerinin Kar\u015f\u0131lanmas\u0131<\/li><\/ul><p>\u00c7erezleri ki\u015fisel verileri saklamak i\u00e7in kullan\u0131r\u0131z veya \u00e7erezlerde saklanan bilgileri belirli ki\u015filer hakk\u0131ndaki ki\u015fisel verilerle ili\u015fkilendiririz. Bunu a\u015fa\u011f\u0131daki ama\u00e7lar i\u00e7in yap\u0131yoruz:<\/p><ul><li>Web sitesinin teknik y\u00f6netimi<\/li><li>Toplu Web Sitesi Trafik Analizi<\/li><li>M\u00fc\u015fteri Taleplerinin Kar\u015f\u0131lanmas\u0131<\/li><\/ul><p><strong>Veri Toplama ve Ama\u00e7 Belirleme<\/strong><\/p><p>Hizmetlerimizi kullan\u0131rken g\u00f6n\u00fcll\u00fc olabilece\u011finiz ki\u015fisel verileri topluyoruz. Ziyaret\u00e7ilerimiz hakk\u0131nda kamu kay\u0131tlar\u0131 veya organlar\u0131 veya \u00f6zel kurulu\u015flar gibi di\u011fer kaynaklardan bilgi toplam\u0131yoruz. Ki\u015fisel verilerinizi yeni bir ama\u00e7 i\u00e7in kullanmak istersek, size bu yeni amaca izin vermeniz i\u00e7in ara\u00e7lar sunuyoruz.<\/p><p><strong>\u00c7ocuklar\u0131n Gizlili\u011fi<\/strong><\/p><p>\u00c7ocuklardan bilerek ki\u015fisel veri toplam\u0131yoruz. Ki\u015fisel verilerini bize if\u015fa eden \u00e7ocuklar\u0131n gizlili\u011fini korumak i\u00e7in \u00f6zel ad\u0131mlar atm\u0131yoruz. Ana sayfam\u0131zda veya Web sitemizde ki\u015fisel verileri toplad\u0131\u011f\u0131m\u0131z sitelerde \u00e7ocuklarla ilgili ki\u015fisel veri uygulamalar\u0131m\u0131z hakk\u0131nda bilgi vermiyoruz.<\/p><p><strong>Bilgilendirme ve Ziyaret\u00e7i Se\u00e7imi<\/strong><\/p><p>Ki\u015fisel verilerinizi i\u015ftiraklerimize veya di\u011fer kurulu\u015flara if\u015fa etmiyoruz.<\/p><p><strong>Gizlilik \/ G\u00fcvenlik<\/strong><\/p><p>A\u015fa\u011f\u0131daki ki\u015fisel veri t\u00fcrlerini bize g\u00f6ndermek i\u00e7in size g\u00fcvenli bir iletim y\u00f6ntemi kullanma se\u00e7ene\u011fi sunuyoruz:<\/p><ul><li>Tan\u0131mlay\u0131c\u0131lar (kredi kart\u0131 bilgileri, Web sitesi \u015fifresi gibi)<\/li><li>Portal (varsa)<\/li><\/ul><p>Kontrol\u00fcm\u00fcz alt\u0131nda bulunan ki\u015fisel verileri korumak i\u00e7in g\u00fcvenlik politikalar\u0131, kurallar\u0131 ve teknik \u00f6nlemleri uygulamaktay\u0131z:<\/p><ul><li>yetkisiz eri\u015fim<\/li><li>uygunsuz kullan\u0131m veya if\u015fa<\/li><li>yetkisiz de\u011fi\u015fiklik<\/li><li>yasa d\u0131\u015f\u0131 imha veya kaza sonucu kay\u0131p<\/li><\/ul><p>Ki\u015fisel verilere eri\u015fimi olan ve ki\u015fisel verilerin i\u015flenmesiyle ili\u015fkili olan t\u00fcm \u00e7al\u0131\u015fanlar\u0131m\u0131z ve veri i\u015fleyenlerimiz, ziyaret\u00e7ilerimizin ki\u015fisel verilerinin gizlili\u011fine sayg\u0131 g\u00f6stermekle y\u00fck\u00fcml\u00fcd\u00fcr. Ki\u015fisel verilerinizin, yasa veya di\u011fer d\u00fczenlemelerin gerektirdi\u011fi durumlar d\u0131\u015f\u0131nda Devlet kurumlar\u0131na ve yetkililerine if\u015fa edilmeyece\u011fini garanti ederiz.<\/p><p>Hakk\u0131n\u0131zda tutabilece\u011fimiz ki\u015fisel verilere eri\u015fim<\/p><p>Bize sorabilirsiniz:<\/p><ul><li>\u0130leti\u015fim sayfam\u0131z\u0131 ziyaret edin<\/li><\/ul><p>Hakk\u0131n\u0131zda tuttu\u011fumuz ki\u015fisel verilerin okunabilir bir kopyas\u0131n\u0131 bir ay i\u00e7inde size sa\u011flayaca\u011f\u0131z. - Ancak daha \u00f6nce kimli\u011finizi kan\u0131tlaman\u0131z\u0131 isteyebiliriz. Bilgileri herhangi bir \u00fccret talep etmeden sa\u011flayaca\u011f\u0131z. Hakk\u0131n\u0131zda tuttu\u011fumuz verilere itiraz etmenize izin veririz ve uygun oldu\u011fu durumlarda verilere sahip olabilirsiniz:<\/p><ul><li>silinmis<\/li><li>d\u00fczeltilmi\u015f veya de\u011fi\u015ftirilmi\u015f<\/li><li>tamamlanmis<\/li><\/ul><p>Ziyaret\u00e7ilerimize ki\u015fisel verilerinin bir kopyas\u0131n\u0131 vermeyi reddetme hakk\u0131m\u0131z\u0131 sakl\u0131 tutuyoruz, ancak reddetmemiz i\u00e7in gerek\u00e7eler sunaca\u011f\u0131z. Bununla birlikte, ki\u015fisel verilerinizin bir kopyas\u0131n\u0131 size vermeyi reddetme karar\u0131m\u0131za itiraz etmenize izin veriyoruz.<\/p>    <\/div>\r\n\t\t\t\t<\/div>\n\t\t\t\t<\/div>\n\t\t\t\t\t<\/div>\n\t\t\t\t<\/div>\n\t\t\t\t<\/div>\n\t\t","protected":false},"excerpt":{"rendered":"<p>Gizlilik Eri\u015filebilirlik Beyan\u0131 Engelliler de dahil olmak \u00fczere t\u00fcm kullan\u0131c\u0131lar i\u00e7in eri\u015filebilirli\u011fi ve web eri\u015filebilirli\u011fi yasalar\u0131na uyumu sa\u011flamay\u0131 taahh\u00fct ediyoruz. D\u00fczenli olarak eri\u015filebilirlik denetimleri ger\u00e7ekle\u015ftiriyor ve bu web sitesinin eri\u015filebilirli\u011fini optimize etmek i\u00e7in geri bildirimleri memnuniyetle kar\u015f\u0131l\u0131yoruz. Bu web sitesine eri\u015fimde herhangi bir sorunla kar\u015f\u0131la\u015f\u0131rsan\u0131z, l\u00fctfen telefon veya e-posta yoluyla bize ula\u015fmaktan \u00e7ekinmeyin. \u0130htiya\u00e7 duydu\u011funuz [&hellip;]<\/p>\n","protected":false},"author":1,"featured_media":0,"parent":0,"menu_order":0,"comment_status":"closed","ping_status":"closed","template":"template-fullwidth.php","meta":{"footnotes":""},"class_list":["post-7504","page","type-page","status-publish","hentry"],"_links":{"self":[{"href":"https:\/\/rancepartners.com\/tr\/wp-json\/wp\/v2\/pages\/7504","targetHints":{"allow":["GET"]}}],"collection":[{"href":"https:\/\/rancepartners.com\/tr\/wp-json\/wp\/v2\/pages"}],"about":[{"href":"https:\/\/rancepartners.com\/tr\/wp-json\/wp\/v2\/types\/page"}],"author":[{"embeddable":true,"href":"https:\/\/rancepartners.com\/tr\/wp-json\/wp\/v2\/users\/1"}],"replies":[{"embeddable":true,"href":"https:\/\/rancepartners.com\/tr\/wp-json\/wp\/v2\/comments?post=7504"}],"version-history":[{"count":6,"href":"https:\/\/rancepartners.com\/tr\/wp-json\/wp\/v2\/pages\/7504\/revisions"}],"predecessor-version":[{"id":7523,"href":"https:\/\/rancepartners.com\/tr\/wp-json\/wp\/v2\/pages\/7504\/revisions\/7523"}],"wp:attachment":[{"href":"https:\/\/rancepartners.com\/tr\/wp-json\/wp\/v2\/media?parent=7504"}],"curies":[{"name":"wp","href":"https:\/\/api.w.org\/{rel}","templated":true}]}}