{"id":7344,"date":"2021-10-05T13:12:07","date_gmt":"2021-10-05T20:12:07","guid":{"rendered":"https:\/\/rancepartners.com\/?page_id=7344"},"modified":"2025-10-17T14:33:04","modified_gmt":"2025-10-17T21:33:04","slug":"iletisim","status":"publish","type":"page","link":"https:\/\/rancepartners.com\/tr\/iletisim\/","title":{"rendered":"\u0130leti\u015fim"},"content":{"rendered":"\t\t<div data-elementor-type=\"wp-page\" data-elementor-id=\"7344\" class=\"elementor elementor-7344\">\n\t\t\t\t\t\t<section class=\"elementor-section elementor-top-section elementor-element elementor-element-2c7eb79d elementor-section-boxed elementor-section-height-default elementor-section-height-default\" data-id=\"2c7eb79d\" data-element_type=\"section\">\n\t\t\t\t\t\t<div class=\"elementor-container elementor-column-gap-default\">\n\t\t\t\t\t<div class=\"elementor-column elementor-col-50 elementor-top-column elementor-element elementor-element-414cdc12\" data-id=\"414cdc12\" data-element_type=\"column\">\n\t\t\t<div class=\"elementor-widget-wrap elementor-element-populated\">\n\t\t\t\t\t\t<div class=\"elementor-element elementor-element-612a2b1 elementor-widget elementor-widget-creote-contact-form-v1\" data-id=\"612a2b1\" data-element_type=\"widget\" data-widget_type=\"creote-contact-form-v1.default\">\n\t\t\t\t<div class=\"elementor-widget-container\">\n\t\t\t\t\t<section class=\"contact_form_box_all type_one\"  data-aos=\"fade-up\" data-aos-offset=\"0\" data-aos-delay=\"0\" >  <div class=\"contact_form_box_inner\"> <div class=\"contact_form_shortcode\">  \n<div class=\"wpcf7 no-js\" id=\"wpcf7-f6452-o1\" lang=\"en-US\" dir=\"ltr\" data-wpcf7-id=\"6452\">\n<div class=\"screen-reader-response\"><p role=\"status\" aria-live=\"polite\" aria-atomic=\"true\"><\/p> <ul><\/ul><\/div>\n<form action=\"\/tr\/wp-json\/wp\/v2\/pages\/7344#wpcf7-f6452-o1\" method=\"post\" class=\"wpcf7-form init\" aria-label=\"Contact form\" novalidate=\"novalidate\" data-status=\"init\">\n<fieldset class=\"hidden-fields-container\"><input type=\"hidden\" name=\"_wpcf7\" value=\"6452\" \/><input type=\"hidden\" name=\"_wpcf7_version\" value=\"6.1.2\" \/><input type=\"hidden\" name=\"_wpcf7_locale\" value=\"en_US\" \/><input type=\"hidden\" name=\"_wpcf7_unit_tag\" value=\"wpcf7-f6452-o1\" \/><input type=\"hidden\" name=\"_wpcf7_container_post\" value=\"0\" \/><input type=\"hidden\" name=\"_wpcf7_posted_data_hash\" value=\"\" \/>\n<\/fieldset>\n<p><label> Ad\u0131n\u0131z ve Soyad\u0131n\u0131z<br \/>\n<span class=\"wpcf7-form-control-wrap\" data-name=\"your-name\"><input size=\"40\" maxlength=\"400\" class=\"wpcf7-form-control wpcf7-text wpcf7-validates-as-required\" aria-required=\"true\" aria-invalid=\"false\" placeholder=\"Ad\u0131n\u0131z ve Soyad\u0131n\u0131z\" value=\"\" type=\"text\" name=\"your-name\" \/><\/span><br \/>\n<i class=\"fa fa-user\"><\/i><br \/>\n<\/label>\n<\/p>\n<p><label> E-Posta Adresiniz<br \/>\n<span class=\"wpcf7-form-control-wrap\" data-name=\"your-email\"><input size=\"40\" maxlength=\"400\" class=\"wpcf7-form-control wpcf7-email wpcf7-validates-as-required wpcf7-text wpcf7-validates-as-email\" aria-required=\"true\" aria-invalid=\"false\" placeholder=\"E-Posta Adresiniz\" value=\"\" type=\"email\" name=\"your-email\" \/><\/span><br \/>\n<i class=\"fa fa-envelope\"><\/i><br \/>\n<\/label>\n<\/p>\n<p><label> Konu<br \/>\n<span class=\"wpcf7-form-control-wrap\" data-name=\"your-subject\"><input size=\"40\" maxlength=\"400\" class=\"wpcf7-form-control wpcf7-text wpcf7-validates-as-required\" aria-required=\"true\" aria-invalid=\"false\" placeholder=\"Konu\" value=\"\" type=\"text\" name=\"your-subject\" \/><\/span><br \/>\n<i class=\"fa fa-folder\"><\/i><br \/>\n<\/label>\n<\/p>\n<p><label> Mesaj Detay\u0131n\u0131z<br \/>\n<span class=\"wpcf7-form-control-wrap\" data-name=\"your-message\"><textarea cols=\"40\" rows=\"10\" maxlength=\"2000\" class=\"wpcf7-form-control wpcf7-textarea\" aria-invalid=\"false\" placeholder=\"Mesaj Detay\u0131\" name=\"your-message\"><\/textarea><\/span><br \/>\n<i class=\"fa fa-comments\"><\/i><br \/>\n<\/label>\n<\/p>\n<p><input class=\"wpcf7-form-control wpcf7-submit has-spinner\" type=\"submit\" value=\"G\u00f6nder\" \/>\n<\/p><div class=\"wpcf7-response-output\" aria-hidden=\"true\"><\/div>\n<\/form>\n<\/div>\n  <\/div> <\/div> <\/section>\r\n\t\t\t\t<\/div>\n\t\t\t\t<\/div>\n\t\t\t\t\t<\/div>\n\t\t<\/div>\n\t\t\t\t<div class=\"elementor-column elementor-col-50 elementor-top-column elementor-element elementor-element-27a16be2\" data-id=\"27a16be2\" data-element_type=\"column\">\n\t\t\t<div class=\"elementor-widget-wrap elementor-element-populated\">\n\t\t\t\t\t\t<div class=\"elementor-element elementor-element-6574f0eb elementor-widget elementor-widget-creote-title-v1\" data-id=\"6574f0eb\" data-element_type=\"widget\" data-widget_type=\"creote-title-v1.default\">\n\t\t\t\t<div class=\"elementor-widget-container\">\n\t\t\t\t\t<div class=\"title_all_box style_one dark_color\">\r\n            <!-- Default title style -->\r\n        <div class=\"title_sections left\">\r\n                            <div class=\"before_title\">\r\n                    \u0130leti\u015fim Bilgileri                <\/div>\r\n                                        <div class=\"title\">\r\n                    Uzman Ekibimize Ula\u015f\u0131n                <\/div>\r\n                                        <p>Form arac\u0131l\u0131\u011f\u0131yla ya da a\u015fa\u011f\u0131da yer alan ileti\u015fim bilgilerinden hemen bize ula\u015f\u0131n!<\/p>\r\n                    <\/div>\r\n        <!-- End of default title style -->\r\n\r\n    <\/div>\r\n\t\t\t\t<\/div>\n\t\t\t\t<\/div>\n\t\t\t\t<div class=\"elementor-element elementor-element-7a5eb32c elementor-widget elementor-widget-creote-contact-box-v1\" data-id=\"7a5eb32c\" data-element_type=\"widget\" data-widget_type=\"creote-contact-box-v1.default\">\n\t\t\t\t<div class=\"elementor-widget-container\">\n\t\t\t\t\t \r\n<div class=\"contact_box_content style_one\" \r\n     \r\n        data-aos=\"fade-up\" \r\n        data-aos-delay=\"0\" \r\n        data-aos-offset=\"0\" \r\n    >\r\n            <div class=\"contact_box_inner  icon_yes \">\r\n                            <div class=\"icon_bx\">\r\n                    <span class=\" icon-placeholder\"><\/span>\r\n                <\/div>\r\n                        <div class=\"contnet\">\r\n                                  <div class=\"contitle\">Amerika Birle\u015fik Devletleri<\/div>\r\n                                                    <p>999 Corporate Dr, Ladera Ranch, CA 92694<\/p>\r\n                            <\/div>\r\n        <\/div>\r\n    <\/div>\r\n\r\n\t\t\t\t<\/div>\n\t\t\t\t<\/div>\n\t\t\t\t<div class=\"elementor-element elementor-element-65cbfd78 elementor-widget elementor-widget-creote-contact-box-v1\" data-id=\"65cbfd78\" data-element_type=\"widget\" data-widget_type=\"creote-contact-box-v1.default\">\n\t\t\t\t<div class=\"elementor-widget-container\">\n\t\t\t\t\t \r\n<div class=\"contact_box_content style_one\" \r\n     \r\n        data-aos=\"fade-up\" \r\n        data-aos-delay=\"0\" \r\n        data-aos-offset=\"0\" \r\n    >\r\n            <div class=\"contact_box_inner  icon_yes \">\r\n                            <div class=\"icon_bx\">\r\n                    <span class=\" icon-placeholder\"><\/span>\r\n                <\/div>\r\n                        <div class=\"contnet\">\r\n                                  <div class=\"contitle\">T\u00fcrkiye<\/div>\r\n                                                    <p>\u0130stanbul<\/p>\r\n                            <\/div>\r\n        <\/div>\r\n    <\/div>\r\n\r\n\t\t\t\t<\/div>\n\t\t\t\t<\/div>\n\t\t\t\t<div class=\"elementor-element elementor-element-19492446 elementor-widget elementor-widget-creote-contact-box-v1\" data-id=\"19492446\" data-element_type=\"widget\" data-widget_type=\"creote-contact-box-v1.default\">\n\t\t\t\t<div class=\"elementor-widget-container\">\n\t\t\t\t\t \r\n<div class=\"contact_box_content style_one\" \r\n     \r\n        data-aos=\"fade-up\" \r\n        data-aos-delay=\"0\" \r\n        data-aos-offset=\"0\" \r\n    >\r\n            <div class=\"contact_box_inner  icon_yes \">\r\n                            <div class=\"icon_bx\">\r\n                    <span class=\" icon-phone-call\"><\/span>\r\n                <\/div>\r\n                        <div class=\"contnet\">\r\n                                  <div class=\"contitle\">Whatsapp - Telegram<\/div>\r\n                                                    <p>+1 (949) 539-9937<\/p>\r\n                            <\/div>\r\n        <\/div>\r\n    <\/div>\r\n\r\n\t\t\t\t<\/div>\n\t\t\t\t<\/div>\n\t\t\t\t<div class=\"elementor-element elementor-element-3ecb3b30 elementor-widget elementor-widget-creote-contact-box-v1\" data-id=\"3ecb3b30\" data-element_type=\"widget\" data-widget_type=\"creote-contact-box-v1.default\">\n\t\t\t\t<div class=\"elementor-widget-container\">\n\t\t\t\t\t \r\n<div class=\"contact_box_content style_one\" \r\n     \r\n        data-aos=\"fade-up\" \r\n        data-aos-delay=\"0\" \r\n        data-aos-offset=\"0\" \r\n    >\r\n            <div class=\"contact_box_inner  icon_yes \">\r\n                            <div class=\"icon_bx\">\r\n                    <span class=\" icon-mail2\"><\/span>\r\n                <\/div>\r\n                        <div class=\"contnet\">\r\n                                  <div class=\"contitle\">E-Posta<\/div>\r\n                                                    <p>info@rancepartners.com<\/p>\r\n                            <\/div>\r\n        <\/div>\r\n    <\/div>\r\n\r\n\t\t\t\t<\/div>\n\t\t\t\t<\/div>\n\t\t\t\t\t<\/div>\n\t\t<\/div>\n\t\t\t\t\t<\/div>\n\t\t<\/section>\n\t\t\t\t<\/div>\n\t\t","protected":false},"excerpt":{"rendered":"<p>Ad\u0131n\u0131z ve Soyad\u0131n\u0131z E-Posta Adresiniz Konu Mesaj Detay\u0131n\u0131z \u0130leti\u015fim Bilgileri Uzman Ekibimize Ula\u015f\u0131n Form arac\u0131l\u0131\u011f\u0131yla ya da a\u015fa\u011f\u0131da yer alan ileti\u015fim bilgilerinden hemen bize ula\u015f\u0131n! Amerika Birle\u015fik Devletleri 999 Corporate Dr, Ladera Ranch, CA 92694 T\u00fcrkiye \u0130stanbul Whatsapp &#8211; Telegram +1 (949) 539-9937 E-Posta info@rancepartners.com<\/p>\n","protected":false},"author":1,"featured_media":0,"parent":0,"menu_order":0,"comment_status":"closed","ping_status":"closed","template":"template-fullwidth.php","meta":{"footnotes":""},"class_list":["post-7344","page","type-page","status-publish","hentry"],"_links":{"self":[{"href":"https:\/\/rancepartners.com\/tr\/wp-json\/wp\/v2\/pages\/7344","targetHints":{"allow":["GET"]}}],"collection":[{"href":"https:\/\/rancepartners.com\/tr\/wp-json\/wp\/v2\/pages"}],"about":[{"href":"https:\/\/rancepartners.com\/tr\/wp-json\/wp\/v2\/types\/page"}],"author":[{"embeddable":true,"href":"https:\/\/rancepartners.com\/tr\/wp-json\/wp\/v2\/users\/1"}],"replies":[{"embeddable":true,"href":"https:\/\/rancepartners.com\/tr\/wp-json\/wp\/v2\/comments?post=7344"}],"version-history":[{"count":20,"href":"https:\/\/rancepartners.com\/tr\/wp-json\/wp\/v2\/pages\/7344\/revisions"}],"predecessor-version":[{"id":8468,"href":"https:\/\/rancepartners.com\/tr\/wp-json\/wp\/v2\/pages\/7344\/revisions\/8468"}],"wp:attachment":[{"href":"https:\/\/rancepartners.com\/tr\/wp-json\/wp\/v2\/media?parent=7344"}],"curies":[{"name":"wp","href":"https:\/\/api.w.org\/{rel}","templated":true}]}}