{"id":7325,"date":"2025-07-23T15:11:09","date_gmt":"2025-07-23T22:11:09","guid":{"rendered":"https:\/\/rancepartners.com\/?page_id=7325"},"modified":"2025-12-21T18:42:24","modified_gmt":"2025-12-22T02:42:24","slug":"ekibimiz","status":"publish","type":"page","link":"https:\/\/rancepartners.com\/tr\/ekibimiz\/","title":{"rendered":"Ekibimiz"},"content":{"rendered":"\t\t<div data-elementor-type=\"wp-page\" data-elementor-id=\"7325\" class=\"elementor elementor-7325\">\n\t\t\t\t\t\t<section class=\"elementor-section elementor-top-section elementor-element elementor-element-8ab4b89 elementor-section-boxed elementor-section-height-default elementor-section-height-default\" data-id=\"8ab4b89\" data-element_type=\"section\" data-settings=\"{&quot;background_background&quot;:&quot;classic&quot;}\">\n\t\t\t\t\t\t<div class=\"elementor-container elementor-column-gap-no\">\n\t\t\t\t\t<div class=\"elementor-column elementor-col-100 elementor-top-column elementor-element elementor-element-55b36995\" data-id=\"55b36995\" data-element_type=\"column\">\n\t\t\t<div class=\"elementor-widget-wrap elementor-element-populated\">\n\t\t\t\t\t\t<section class=\"elementor-section elementor-inner-section elementor-element elementor-element-289e76e3 elementor-section-boxed elementor-section-height-default elementor-section-height-default\" data-id=\"289e76e3\" data-element_type=\"section\">\n\t\t\t\t\t\t<div class=\"elementor-container elementor-column-gap-default\">\n\t\t\t\t\t<div class=\"elementor-column elementor-col-33 elementor-inner-column elementor-element elementor-element-9e00f7c\" data-id=\"9e00f7c\" data-element_type=\"column\">\n\t\t\t<div class=\"elementor-widget-wrap elementor-element-populated\">\n\t\t\t\t\t\t<div class=\"elementor-element elementor-element-1418f30b elementor-invisible elementor-widget elementor-widget-creote-team-v1\" data-id=\"1418f30b\" data-element_type=\"widget\" data-settings=\"{&quot;_animation&quot;:&quot;fadeInUp&quot;}\" data-widget_type=\"creote-team-v1.default\">\n\t\t\t\t<div class=\"elementor-widget-container\">\n\t\t\t\t\t \r\n <div class=\"team_box style_one\">\r\n            <div class=\"team_box_outer\">\r\n                            <div class=\"member_image\">\r\n                    <img decoding=\"async\" src=\"https:\/\/rancepartners.com\/wp-content\/uploads\/2025\/07\/John-Randall.png\" alt=\"image\" \/>\r\n                <\/div>\r\n                        <div class=\"about_member\">\r\n                                <div class=\"authour_details\">\r\n                                                                <div class=\"job_details\">John Randall<\/div>\r\n                                                        <\/div>\r\n            <\/div>\r\n        <\/div>\r\n    <\/div>\r\n\r\n \r\n \t\t\t\t<\/div>\n\t\t\t\t<\/div>\n\t\t\t\t<div class=\"elementor-element elementor-element-152472ac elementor-widget elementor-widget-creote-text-editor-v1\" data-id=\"152472ac\" data-element_type=\"widget\" data-widget_type=\"creote-text-editor-v1.default\">\n\t\t\t\t<div class=\"elementor-widget-container\">\n\t\t\t\t\t   <div class=\"position-relative\">\r\n        <p><strong>Areas of Expertise<\/strong><\/p><ul><li>Tax Planning &amp; Compliance<\/li><li>Tax Law Interpretation &amp; Research<\/li><li>International Taxation<\/li><li>Financial Record Keeping<\/li><li>Payroll Services<\/li><\/ul><p><strong>Qualifications<\/strong><\/p><ul><li>BS, University of Southern California, 2003<\/li><li>MS, Westcliff University, 2006<\/li><li>CTEC Registered Tax Preparer<\/li><li>NACPB Certified Bookkeeper<\/li><\/ul>    <\/div>\r\n\t\t\t\t<\/div>\n\t\t\t\t<\/div>\n\t\t\t\t\t<\/div>\n\t\t<\/div>\n\t\t\t\t<div class=\"elementor-column elementor-col-33 elementor-inner-column elementor-element elementor-element-3e427682\" data-id=\"3e427682\" data-element_type=\"column\">\n\t\t\t<div class=\"elementor-widget-wrap\">\n\t\t\t\t\t\t\t<\/div>\n\t\t<\/div>\n\t\t\t\t<div class=\"elementor-column elementor-col-33 elementor-inner-column elementor-element elementor-element-ff10e05\" data-id=\"ff10e05\" data-element_type=\"column\">\n\t\t\t<div class=\"elementor-widget-wrap elementor-element-populated\">\n\t\t\t\t\t\t<div class=\"elementor-element elementor-element-4c2923dc elementor-invisible elementor-widget elementor-widget-creote-team-v1\" data-id=\"4c2923dc\" data-element_type=\"widget\" data-settings=\"{&quot;_animation&quot;:&quot;fadeInUp&quot;}\" data-widget_type=\"creote-team-v1.default\">\n\t\t\t\t<div class=\"elementor-widget-container\">\n\t\t\t\t\t \r\n <div class=\"team_box style_one\">\r\n            <div class=\"team_box_outer\">\r\n                            <div class=\"member_image\">\r\n                    <img decoding=\"async\" src=\"https:\/\/rancepartners.com\/wp-content\/uploads\/2025\/12\/IMG_0178-1-1-e1766371319267.jpeg\" alt=\"image\" \/>\r\n                <\/div>\r\n                        <div class=\"about_member\">\r\n                                <div class=\"authour_details\">\r\n                                                                <div class=\"job_details\">Ali \u00c7evik<\/div>\r\n                                                        <\/div>\r\n            <\/div>\r\n        <\/div>\r\n    <\/div>\r\n\r\n \r\n \t\t\t\t<\/div>\n\t\t\t\t<\/div>\n\t\t\t\t<div class=\"elementor-element elementor-element-5d5509ee elementor-widget elementor-widget-creote-text-editor-v1\" data-id=\"5d5509ee\" data-element_type=\"widget\" data-widget_type=\"creote-text-editor-v1.default\">\n\t\t\t\t<div class=\"elementor-widget-container\">\n\t\t\t\t\t   <div class=\"position-relative\">\r\n        <p><strong>Uzmanl\u0131k Alanlar\u0131<\/strong><\/p><ul><li>Vergi Haz\u0131rlama &amp; Uyum<\/li><li>Uluslararas\u0131 Vergilendirme<\/li><li>Finansal Raporlama &amp; Analiz<\/li><li>\u015eirket Kurulu\u015f Hizmetleri<\/li><li>\u0130\u015f Planlama &amp; Geli\u015ftirme<\/li><\/ul><p><strong>Nitelikler<\/strong><\/p><ul><li>BS, Orta Do\u011fu Teknik \u00dcniversitesi, 2012<\/li><li>PMI, Proje Y\u00f6netimi Uzman\u0131<\/li><li>SBDC Sertifikal\u0131 \u0130\u015fletme Dan\u0131\u015fman\u0131<\/li><li>VITA Vergi Uzman\u0131<\/li><\/ul>    <\/div>\r\n\t\t\t\t<\/div>\n\t\t\t\t<\/div>\n\t\t\t\t\t<\/div>\n\t\t<\/div>\n\t\t\t\t\t<\/div>\n\t\t<\/section>\n\t\t\t\t<section class=\"elementor-section elementor-inner-section elementor-element elementor-element-6fe2a70 elementor-section-boxed elementor-section-height-default elementor-section-height-default\" data-id=\"6fe2a70\" data-element_type=\"section\">\n\t\t\t\t\t\t<div class=\"elementor-container elementor-column-gap-default\">\n\t\t\t\t\t<div class=\"elementor-column elementor-col-33 elementor-inner-column elementor-element elementor-element-ae2f952\" data-id=\"ae2f952\" data-element_type=\"column\">\n\t\t\t<div class=\"elementor-widget-wrap elementor-element-populated\">\n\t\t\t\t\t\t<div class=\"elementor-element elementor-element-7b6cd57 elementor-invisible elementor-widget elementor-widget-creote-team-v1\" data-id=\"7b6cd57\" data-element_type=\"widget\" data-settings=\"{&quot;_animation&quot;:&quot;fadeInUp&quot;}\" data-widget_type=\"creote-team-v1.default\">\n\t\t\t\t<div class=\"elementor-widget-container\">\n\t\t\t\t\t \r\n <div class=\"team_box style_one\">\r\n            <div class=\"team_box_outer\">\r\n                            <div class=\"member_image\">\r\n                    <img decoding=\"async\" src=\"https:\/\/rancepartners.com\/wp-content\/uploads\/2025\/10\/alireza-1.png\" alt=\"image\" \/>\r\n                <\/div>\r\n                        <div class=\"about_member\">\r\n                                <div class=\"authour_details\">\r\n                                                                <div class=\"job_details\">Alireza Talebi, PhD, MBA<\/div>\r\n                                                        <\/div>\r\n            <\/div>\r\n        <\/div>\r\n    <\/div>\r\n\r\n \r\n \t\t\t\t<\/div>\n\t\t\t\t<\/div>\n\t\t\t\t<div class=\"elementor-element elementor-element-26f539e elementor-widget elementor-widget-creote-text-editor-v1\" data-id=\"26f539e\" data-element_type=\"widget\" data-widget_type=\"creote-text-editor-v1.default\">\n\t\t\t\t<div class=\"elementor-widget-container\">\n\t\t\t\t\t   <div class=\"position-relative\">\r\n        <p><strong>Areas of Expertise<\/strong><\/p><ul><li>International Finance &amp; Corporate Finance<\/li><li>Investment Planning &amp; Risk Management<\/li><li>Retirement &amp; Education Savings Strategies<\/li><li>Life Insurance &amp; Protection Solutions<\/li><li>Financial Coaching &amp; Mentorship<\/li><\/ul><p><strong>Qualifications<\/strong><\/p><ul><li>PhD in Management, University of Guelph, 2020<\/li><li>MBA, University of Alberta, 2011<\/li><li>Master of Finance, University of Tehran, 2006<\/li><li>BS, Allameh Tabatabai University, 2003<\/li><li>Licensed Financial Advisor<\/li><li>15+ Years of Teaching &amp; Advisory Experience<\/li><\/ul>    <\/div>\r\n\t\t\t\t<\/div>\n\t\t\t\t<\/div>\n\t\t\t\t\t<\/div>\n\t\t<\/div>\n\t\t\t\t<div class=\"elementor-column elementor-col-33 elementor-inner-column elementor-element elementor-element-48ff242\" data-id=\"48ff242\" data-element_type=\"column\">\n\t\t\t<div class=\"elementor-widget-wrap\">\n\t\t\t\t\t\t\t<\/div>\n\t\t<\/div>\n\t\t\t\t<div class=\"elementor-column elementor-col-33 elementor-inner-column elementor-element elementor-element-ab908d8\" data-id=\"ab908d8\" data-element_type=\"column\">\n\t\t\t<div class=\"elementor-widget-wrap elementor-element-populated\">\n\t\t\t\t\t\t<div class=\"elementor-element elementor-element-2db3479 elementor-invisible elementor-widget elementor-widget-creote-team-v1\" data-id=\"2db3479\" data-element_type=\"widget\" data-settings=\"{&quot;_animation&quot;:&quot;fadeInUp&quot;}\" data-widget_type=\"creote-team-v1.default\">\n\t\t\t\t<div class=\"elementor-widget-container\">\n\t\t\t\t\t \r\n <div class=\"team_box style_one\">\r\n            <div class=\"team_box_outer\">\r\n                            <div class=\"member_image\">\r\n                    <img decoding=\"async\" src=\"https:\/\/rancepartners.com\/wp-content\/uploads\/2025\/10\/Av.orhan_-2.png\" alt=\"image\" \/>\r\n                <\/div>\r\n                        <div class=\"about_member\">\r\n                                <div class=\"authour_details\">\r\n                                                                <div class=\"job_details\">Av. Orhan Salih Balc\u0131o\u011flu<\/div>\r\n                                                        <\/div>\r\n            <\/div>\r\n        <\/div>\r\n    <\/div>\r\n\r\n \r\n \t\t\t\t<\/div>\n\t\t\t\t<\/div>\n\t\t\t\t<div class=\"elementor-element elementor-element-85151a0 elementor-widget elementor-widget-creote-text-editor-v1\" data-id=\"85151a0\" data-element_type=\"widget\" data-widget_type=\"creote-text-editor-v1.default\">\n\t\t\t\t<div class=\"elementor-widget-container\">\n\t\t\t\t\t   <div class=\"position-relative\">\r\n        <p><strong>Uzmanl\u0131k Alanlar\u0131<\/strong><\/p><ul><li>G\u00f6\u00e7menlik ve Vize Hukuku<\/li><li>\u015eirketler ve Ticaret Hukuku<\/li><li>Uluslararas\u0131 Hukuk ve S\u0131n\u0131r \u00d6tesi \u0130\u015flemler<\/li><li>S\u00f6zle\u015fme Haz\u0131rlama ve M\u00fczakere<\/li><li>Uyum ve Mevzuat Dan\u0131\u015fmanl\u0131\u011f\u0131<\/li><\/ul><p><strong>Nitelikler<\/strong><\/p><ul><li>Hukuk Lisans\u0131, Yeditepe \u00dcniversitesi, 2019<\/li><li>Lisansl\u0131 Avukat, \u0130stanbul Barosu<\/li><li>G\u00f6\u00e7 ve Uluslararas\u0131 \u0130\u015f Hukuku Uzman\u0131<\/li><li>Startuplar i\u00e7in Deneyimli Hukuk Dan\u0131\u015fman\u0131<\/li><\/ul>    <\/div>\r\n\t\t\t\t<\/div>\n\t\t\t\t<\/div>\n\t\t\t\t\t<\/div>\n\t\t<\/div>\n\t\t\t\t\t<\/div>\n\t\t<\/section>\n\t\t\t\t\t<\/div>\n\t\t<\/div>\n\t\t\t\t\t<\/div>\n\t\t<\/section>\n\t\t\t\t<\/div>\n\t\t","protected":false},"excerpt":{"rendered":"<p>John Randall Areas of Expertise Tax Planning &amp; Compliance Tax Law Interpretation &amp; Research International Taxation Financial Record Keeping Payroll Services Qualifications BS, University of Southern California, 2003 MS, Westcliff University, 2006 CTEC Registered Tax Preparer NACPB Certified Bookkeeper Ali \u00c7evik Uzmanl\u0131k Alanlar\u0131 Vergi Haz\u0131rlama &amp; Uyum Uluslararas\u0131 Vergilendirme Finansal Raporlama &amp; Analiz \u015eirket Kurulu\u015f [&hellip;]<\/p>\n","protected":false},"author":1,"featured_media":0,"parent":0,"menu_order":0,"comment_status":"closed","ping_status":"closed","template":"template-fullwidth.php","meta":{"footnotes":""},"class_list":["post-7325","page","type-page","status-publish","hentry"],"_links":{"self":[{"href":"https:\/\/rancepartners.com\/tr\/wp-json\/wp\/v2\/pages\/7325","targetHints":{"allow":["GET"]}}],"collection":[{"href":"https:\/\/rancepartners.com\/tr\/wp-json\/wp\/v2\/pages"}],"about":[{"href":"https:\/\/rancepartners.com\/tr\/wp-json\/wp\/v2\/types\/page"}],"author":[{"embeddable":true,"href":"https:\/\/rancepartners.com\/tr\/wp-json\/wp\/v2\/users\/1"}],"replies":[{"embeddable":true,"href":"https:\/\/rancepartners.com\/tr\/wp-json\/wp\/v2\/comments?post=7325"}],"version-history":[{"count":23,"href":"https:\/\/rancepartners.com\/tr\/wp-json\/wp\/v2\/pages\/7325\/revisions"}],"predecessor-version":[{"id":8524,"href":"https:\/\/rancepartners.com\/tr\/wp-json\/wp\/v2\/pages\/7325\/revisions\/8524"}],"wp:attachment":[{"href":"https:\/\/rancepartners.com\/tr\/wp-json\/wp\/v2\/media?parent=7325"}],"curies":[{"name":"wp","href":"https:\/\/api.w.org\/{rel}","templated":true}]}}